{"id":105,"date":"2016-12-29T12:27:23","date_gmt":"2016-12-29T11:27:23","guid":{"rendered":"http:\/\/www.katar-information.de\/?page_id=105"},"modified":"2024-10-29T20:49:00","modified_gmt":"2024-10-29T19:49:00","slug":"urlaub-in-katar","status":"publish","type":"page","link":"https:\/\/www.katar-information.de\/index.php\/urlaub-in-katar\/","title":{"rendered":"Urlaub in Katar"},"content":{"rendered":"<h2>Urlaubsland Katar &#8211; Junge Tourismusbranche in Katar<\/h2>\n<p>Da die Tourismusbranche in Katar noch in der Aufbauphase ist, stehen nur eine begrenzte Zahl an \u00dcbernachtungsm\u00f6glichkeiten zur Verf\u00fcgung.<\/p>\n<div id=\"attachment_1493\" style=\"width: 810px\" class=\"wp-caption aligncenter\"><img loading=\"lazy\" decoding=\"async\" aria-describedby=\"caption-attachment-1493\" class=\"size-full wp-image-1493\" src=\"http:\/\/www.katar-information.de\/wp-content\/uploads\/2016\/12\/the-pearl-doha-katar.jpg\" alt=\"Bau von Hotels - The Pearl in Doha (Katar)\" width=\"800\" height=\"337\" srcset=\"https:\/\/www.katar-information.de\/wp-content\/uploads\/2016\/12\/the-pearl-doha-katar.jpg 800w, https:\/\/www.katar-information.de\/wp-content\/uploads\/2016\/12\/the-pearl-doha-katar-300x126.jpg 300w, https:\/\/www.katar-information.de\/wp-content\/uploads\/2016\/12\/the-pearl-doha-katar-768x324.jpg 768w\" sizes=\"auto, (max-width: 800px) 100vw, 800px\" \/><p id=\"caption-attachment-1493\" class=\"wp-caption-text\">Bau von Hotels &#8211; The Pearl in Doha (Katar)<\/p><\/div>\n<p>In Doha und den anderen St\u00e4dten stehen ausreichende \u00dcbernachtungsm\u00f6glichkeiten in internationalen Hotels mit hinreichenden Standards zur Verf\u00fcgung, allerdings ist die dieser au\u00dferhalb von Doha und den anderen St\u00e4dten nur sehr begrenzt.<\/p>\n<h3>F\u00fcr Katarreise \u00dcbernachtungsm\u00f6glichkeit vorab buchen<\/h3>\n<p>Da die \u00dcbernachtungsm\u00f6glichkeiten in Katar begrenzt sind, ist es zu empfehlen, vor der Reise ein Hotel zu buchen. Besonders im Rahmen von Sportevents sowie saisonal steigt die Anfrage nach \u00dcbernachtungsm\u00f6glichkeiten.<\/p>\n<h3>Auftreten und Verhalten im \u00f6ffentlichen Raum<\/h3>\n<p>Katar ist ein arabisches und sehr traditionsbewusstes Land, dies sollte allen Reisenden, insbesondere Frauen, bewusst sein. Katartouristen sollten sich daher vorab mit den landestypischen bzw. muslimischen Verhaltensregeln vertraut machen. Hierzu z\u00e4hlen z. B. bestimmte Vorgaben bez\u00fcglich der Kleiderordnung oder dem Alkoholkonsum. Ebenso sollten Katarbesucher die Sensibilit\u00e4t bez\u00fcglich \u00c4u\u00dferungen zu religi\u00f6sen Fragen bzw. Punkten bewusst sein. So k\u00f6nnen Anmerkungen oder \u00c4u\u00dferungen, die in Deutschland als unverf\u00e4nglich gelten, in Katar als Beleidigung des Propheten bzw. des Islams ausgelegt und strafrechtlich verfolgt werden.<\/p>\n<div id=\"attachment_869\" style=\"width: 804px\" class=\"wp-caption aligncenter\"><img loading=\"lazy\" decoding=\"async\" aria-describedby=\"caption-attachment-869\" class=\"size-full wp-image-869\" src=\"http:\/\/www.katar-information.de\/wp-content\/uploads\/2017\/01\/menschen-in-doha-katar.jpg\" alt=\"Menschen in Doha (Katar)\" width=\"794\" height=\"486\" srcset=\"https:\/\/www.katar-information.de\/wp-content\/uploads\/2017\/01\/menschen-in-doha-katar.jpg 794w, https:\/\/www.katar-information.de\/wp-content\/uploads\/2017\/01\/menschen-in-doha-katar-300x184.jpg 300w, https:\/\/www.katar-information.de\/wp-content\/uploads\/2017\/01\/menschen-in-doha-katar-768x470.jpg 768w\" sizes=\"auto, (max-width: 794px) 100vw, 794px\" \/><p id=\"caption-attachment-869\" class=\"wp-caption-text\">Menschen in Doha (Katar)<\/p><\/div>\n<h3>Sehensw\u00fcrdigkeiten in Katar<\/h3>\n<p>In Katar gibt es eine gro\u00dfe Anzahl an Sehensw\u00fcrdigkeiten, die Touristen besuchen k\u00f6nnen. So existieren eine Vielzahl an historischen Bauwerken, wie z. B. Forts und Festungen bzw. Moscheen, \u00a0Minaretten und moderne Bauwerke (z. B. The Museum of Islamic Art (Museum f\u00fcr Islamische Kunst) in Doha.<\/p>\n<div id=\"attachment_1494\" style=\"width: 810px\" class=\"wp-caption aligncenter\"><img loading=\"lazy\" decoding=\"async\" aria-describedby=\"caption-attachment-1494\" class=\"size-full wp-image-1494\" src=\"http:\/\/www.katar-information.de\/wp-content\/uploads\/2016\/12\/museum-of-islamic-art.jpg\" alt=\"The Museum of Islamic Art in Doha (Katar)\" width=\"800\" height=\"321\" srcset=\"https:\/\/www.katar-information.de\/wp-content\/uploads\/2016\/12\/museum-of-islamic-art.jpg 800w, https:\/\/www.katar-information.de\/wp-content\/uploads\/2016\/12\/museum-of-islamic-art-300x120.jpg 300w, https:\/\/www.katar-information.de\/wp-content\/uploads\/2016\/12\/museum-of-islamic-art-768x308.jpg 768w\" sizes=\"auto, (max-width: 800px) 100vw, 800px\" \/><p id=\"caption-attachment-1494\" class=\"wp-caption-text\">The Museum of Islamic Art in Doha (Katar)<\/p><\/div>\n","protected":false},"excerpt":{"rendered":"<div class=\"slide-text-bg2\"><span>Urlaubsland Katar &#8211; Junge Tourismusbranche in Katar Da die Tourismusbranche in Katar noch in der Aufbauphase ist, stehen nur eine begrenzte Zahl an ?<\/span><\/div>\n<div class=\"slide-btn-area-sm\"><a href=\"https:\/\/www.katar-information.de\/index.php\/urlaub-in-katar\/\" class=\"slide-btn-sm\">weiterlesen<\/a><\/div>\n","protected":false},"author":1,"featured_media":0,"parent":0,"menu_order":90,"comment_status":"closed","ping_status":"closed","template":"","meta":{"footnotes":""},"class_list":["post-105","page","type-page","status-publish","hentry"],"_links":{"self":[{"href":"https:\/\/www.katar-information.de\/index.php\/wp-json\/wp\/v2\/pages\/105","targetHints":{"allow":["GET"]}}],"collection":[{"href":"https:\/\/www.katar-information.de\/index.php\/wp-json\/wp\/v2\/pages"}],"about":[{"href":"https:\/\/www.katar-information.de\/index.php\/wp-json\/wp\/v2\/types\/page"}],"author":[{"embeddable":true,"href":"https:\/\/www.katar-information.de\/index.php\/wp-json\/wp\/v2\/users\/1"}],"replies":[{"embeddable":true,"href":"https:\/\/www.katar-information.de\/index.php\/wp-json\/wp\/v2\/comments?post=105"}],"version-history":[{"count":42,"href":"https:\/\/www.katar-information.de\/index.php\/wp-json\/wp\/v2\/pages\/105\/revisions"}],"predecessor-version":[{"id":2900,"href":"https:\/\/www.katar-information.de\/index.php\/wp-json\/wp\/v2\/pages\/105\/revisions\/2900"}],"wp:attachment":[{"href":"https:\/\/www.katar-information.de\/index.php\/wp-json\/wp\/v2\/media?parent=105"}],"curies":[{"name":"wp","href":"https:\/\/api.w.org\/{rel}","templated":true}]}}