{"id":116,"date":"2016-12-29T17:59:54","date_gmt":"2016-12-29T16:59:54","guid":{"rendered":"http:\/\/www.katar-information.de\/?page_id=116"},"modified":"2017-05-07T15:57:50","modified_gmt":"2017-05-07T13:57:50","slug":"zwischenstopp-in-doha-stopover-in-doha","status":"publish","type":"page","link":"https:\/\/www.katar-information.de\/index.php\/flug-nach-doha-katar\/zwischenstopp-in-doha-stopover-in-doha\/","title":{"rendered":"Zwischenstopp in Doha &#8211; Stopover in Doha"},"content":{"rendered":"<p>Ein Stopover in Doha (Flug nach Katar) bietet sich besonders bei einem Flug nach Australien, Afrika, S\u00fcdostasien oder die Seychellen an. Die Ankunft bei einem Flug nach Katar erfolgt am Hamad International Airport. An diesem wird dem Flugreisenden bei einem l\u00e4ngeren Stopp ein perfekter Service geboten.<\/p>\n<h2>W\u00fcstentripp in Katar<\/h2>\n<p>F\u00fcr Reisende, die etwas mehr Zeit haben, werden W\u00fcstensafaris angeboten. Es gibt Angebote f\u00fcr W\u00fcstentripps in Katar die t\u00e4glich starten und zwischen 4 bis 8 Stunden dauern. Ebenso gibt es Angebote f\u00fcr W\u00fcstensafaris in Katar f\u00fcr die die Reisenden 2 bis 3 Tage Zeit ben\u00f6tigen. Meist ist eine Mindestzahl von Teilnehmern von 2 bis 4 Personen n\u00f6tig.<\/p>\n<div id=\"attachment_155\" style=\"width: 1210px\" class=\"wp-caption aligncenter\"><img loading=\"lazy\" decoding=\"async\" aria-describedby=\"caption-attachment-155\" class=\"size-full wp-image-155\" src=\"http:\/\/www.katar-information.de\/wp-content\/uploads\/2016\/12\/wuestentripp-in-katar.jpg\" alt=\"W\u00fcstensafari in Katar\" width=\"1200\" height=\"423\" srcset=\"https:\/\/www.katar-information.de\/wp-content\/uploads\/2016\/12\/wuestentripp-in-katar.jpg 1200w, https:\/\/www.katar-information.de\/wp-content\/uploads\/2016\/12\/wuestentripp-in-katar-300x106.jpg 300w, https:\/\/www.katar-information.de\/wp-content\/uploads\/2016\/12\/wuestentripp-in-katar-768x271.jpg 768w, https:\/\/www.katar-information.de\/wp-content\/uploads\/2016\/12\/wuestentripp-in-katar-1024x361.jpg 1024w\" sizes=\"auto, (max-width: 1200px) 100vw, 1200px\" \/><p id=\"caption-attachment-155\" class=\"wp-caption-text\">W\u00fcstensafari in Katar<\/p><\/div>\n<p>Generell wird bei diesen W\u00fcstentripps die Versorgung mit angeboten. Solche Touren f\u00fchren entweder durch die W\u00fcste zu einem Badestrand oder einer erh\u00f6hten D\u00fcne als Aussichtspunkt oder aber in ein W\u00fcstencamp, in welchem Essen und Trinken gereicht werden bzw. ein Sanit\u00e4rbereich zur Verf\u00fcgung steht. Es ist grundlegend sinnvoll solche W\u00fcstentripps vor Ankunft in Doha zu buchen, so dass sichergestellt \u00a0ist so ein Angebot nutzen zu k\u00f6nnen. Von W\u00fcstensafaris ohne einen einheimischen und erfahrenen Scout ist generell abzuraten. Ebenso ist immer darauf zu achten ausreichend Getr\u00e4nke\/Wasser f\u00fcr eine Ausfahrt in die W\u00fcste von Katar mitzuf\u00fchren.<\/p>\n<h3>Shopping in The Pearl (Doha)<\/h3>\n<p>Als The Pearl werden dreizehn k\u00fcnstlich erstellte Inseln bezeichnet auf denen zahlreiche Luxus-Wohnungen existieren sowie eine hohe Anzahl an Shops, Restaurants und Caf\u00e9s. Weiterhin befinden sich in The Pearl drei Yachth\u00e4fen und verschiedene F\u00fcnf-Sterne-Hotels. The Pearl ist ideal f\u00fcr einen kurzen Shopping-Trip w\u00e4hrend eines Stopover in Doha (Stopover in Katar).<\/p>\n<div id=\"attachment_158\" style=\"width: 410px\" class=\"wp-caption aligncenter\"><img loading=\"lazy\" decoding=\"async\" aria-describedby=\"caption-attachment-158\" class=\"size-full wp-image-158\" src=\"http:\/\/www.katar-information.de\/wp-content\/uploads\/2016\/12\/the-pearl-doha.jpg\" alt=\"Besuch von The Pearl in Doha zum Shopping bei einem Zwischenstopp in Doha\/ Katar\" width=\"400\" height=\"604\" srcset=\"https:\/\/www.katar-information.de\/wp-content\/uploads\/2016\/12\/the-pearl-doha.jpg 400w, https:\/\/www.katar-information.de\/wp-content\/uploads\/2016\/12\/the-pearl-doha-199x300.jpg 199w\" sizes=\"auto, (max-width: 400px) 100vw, 400px\" \/><p id=\"caption-attachment-158\" class=\"wp-caption-text\">Besuch von The Pearl in Doha zum Shopping bei einem Zwischenstopp in Doha\/ Katar<\/p><\/div>\n<h3>Stadtrundfahrt durch Doha<\/h3>\n<p>Besonders erw\u00e4hnenswert ist der Service einer kostenfreien Stadtrundfahrt. Diese Stadtrundfahrten durch Doha werden zwischen 8.00 bis 20.00 Uhr als vier verschiedene Touren angeboten. Im Rahmen dieser Stadtrundfahrten durch Doha werden den Teilnehmern verschiedene Sehensw\u00fcrdigkeiten von Doha gezeigt, wie z. B. den <a href=\"http:\/\/www.katar-information.de\/index.php\/sehenswuerdigkeiten-in-katar\/souqs-in-katar\/\">Souq Waqif<\/a>, das <a href=\"http:\/\/www.katar-information.de\/index.php\/doha-die-hauptstadt-von-katar\/sehenswuerdigkeiten-in-doha\/\">Museum of Islamic Art<\/a>, das <a href=\"http:\/\/www.katar-information.de\/index.php\/doha-die-hauptstadt-von-katar\/katara-cultural-village-in-doha\/\">Katara Cultural Village<\/a> bzw. <a href=\"http:\/\/www.katar-information.de\/index.php\/doha-die-hauptstadt-von-katar\/the-pearl-in-doha\/\">The Pearl<\/a>.<\/p>\n","protected":false},"excerpt":{"rendered":"<div class=\"slide-text-bg2\"><span>Ein Stopover in Doha (Flug nach Katar) bietet sich besonders bei einem Flug nach Australien, Afrika, S\u00fcdostasien oder die Seychellen an. Die Ankunft bei e<\/span><\/div>\n<div class=\"slide-btn-area-sm\"><a href=\"https:\/\/www.katar-information.de\/index.php\/flug-nach-doha-katar\/zwischenstopp-in-doha-stopover-in-doha\/\" class=\"slide-btn-sm\">weiterlesen<\/a><\/div>\n","protected":false},"author":1,"featured_media":0,"parent":30,"menu_order":60,"comment_status":"closed","ping_status":"closed","template":"","meta":{"footnotes":""},"class_list":["post-116","page","type-page","status-publish","hentry"],"_links":{"self":[{"href":"https:\/\/www.katar-information.de\/index.php\/wp-json\/wp\/v2\/pages\/116","targetHints":{"allow":["GET"]}}],"collection":[{"href":"https:\/\/www.katar-information.de\/index.php\/wp-json\/wp\/v2\/pages"}],"about":[{"href":"https:\/\/www.katar-information.de\/index.php\/wp-json\/wp\/v2\/types\/page"}],"author":[{"embeddable":true,"href":"https:\/\/www.katar-information.de\/index.php\/wp-json\/wp\/v2\/users\/1"}],"replies":[{"embeddable":true,"href":"https:\/\/www.katar-information.de\/index.php\/wp-json\/wp\/v2\/comments?post=116"}],"version-history":[{"count":27,"href":"https:\/\/www.katar-information.de\/index.php\/wp-json\/wp\/v2\/pages\/116\/revisions"}],"predecessor-version":[{"id":1414,"href":"https:\/\/www.katar-information.de\/index.php\/wp-json\/wp\/v2\/pages\/116\/revisions\/1414"}],"up":[{"embeddable":true,"href":"https:\/\/www.katar-information.de\/index.php\/wp-json\/wp\/v2\/pages\/30"}],"wp:attachment":[{"href":"https:\/\/www.katar-information.de\/index.php\/wp-json\/wp\/v2\/media?parent=116"}],"curies":[{"name":"wp","href":"https:\/\/api.w.org\/{rel}","templated":true}]}}