{"id":121,"date":"2016-12-29T18:12:25","date_gmt":"2016-12-29T17:12:25","guid":{"rendered":"http:\/\/www.katar-information.de\/?page_id=121"},"modified":"2018-06-24T17:46:17","modified_gmt":"2018-06-24T15:46:17","slug":"hamad-international-airport-in-doha","status":"publish","type":"page","link":"https:\/\/www.katar-information.de\/index.php\/hamad-international-airport-in-doha\/","title":{"rendered":"Hamad International Airport (Doha)"},"content":{"rendered":"<h2>Hamad International Airport<\/h2>\n<p>Der Flugbetrieb des neuen Flughafens von Doha, dem Hamad International Airport (DOH), wurde im Mai 2014 aufgenommen. Er dient als bedeutendes Hub f\u00fcr den Passagierverkehr zwischen Europa und Ostasien bzw. Afrika und Australien. <\/p>\n<div id=\"attachment_1506\" style=\"width: 810px\" class=\"wp-caption aligncenter\"><img loading=\"lazy\" decoding=\"async\" aria-describedby=\"caption-attachment-1506\" src=\"http:\/\/www.katar-information.de\/wp-content\/uploads\/2016\/12\/hamad-international-airport-doha-katar.jpg\" alt=\"Hamad International Airport Doha (Katar)\" width=\"800\" height=\"236\" class=\"size-full wp-image-1506\" srcset=\"https:\/\/www.katar-information.de\/wp-content\/uploads\/2016\/12\/hamad-international-airport-doha-katar.jpg 800w, https:\/\/www.katar-information.de\/wp-content\/uploads\/2016\/12\/hamad-international-airport-doha-katar-300x89.jpg 300w, https:\/\/www.katar-information.de\/wp-content\/uploads\/2016\/12\/hamad-international-airport-doha-katar-768x227.jpg 768w\" sizes=\"auto, (max-width: 800px) 100vw, 800px\" \/><p id=\"caption-attachment-1506\" class=\"wp-caption-text\">Hamad International Airport Doha (Katar)<\/p><\/div>\n<p>Er ist ideal f\u00fcr einen <a href=\"http:\/\/www.katar-information.de\/index.php\/flug-nach-doha-katar\/zwischenstopp-in-doha-stopover-in-doha\/\">Zwischenstopp<\/a> auf einer Reise in besagte Ziele geeignet. Ebenso gewinnt der Hamad International Airport steigend an Bedeutung, die vor allem durch die Expansion der Fluglinie <a href=\"http:\/\/www.katar-information.de\/index.php\/flug-nach-doha-katar\/sicherer-flug-nach-doha-mit-qatar-airways\/\">Qatar Airways<\/a> begr\u00fcndet ist. Der Hamad International Airport l\u00f6st den alten Doha International Airport ab. Dieser wurde im Jahr 2014 geschlossen. Der Hamad International Airport wird aktuell immer mehr zu einem Transitflughafen bzw. Shopping-Airport ausgebaut, da er ideal gelegen ist f\u00fcr Flugreisende, die sich auf dem Weg nach Afrika, Australien oder Asien befinden.<\/p>\n<div id=\"attachment_427\" style=\"width: 810px\" class=\"wp-caption aligncenter\"><img loading=\"lazy\" decoding=\"async\" aria-describedby=\"caption-attachment-427\" class=\"size-full wp-image-427\" src=\"http:\/\/www.katar-information.de\/wp-content\/uploads\/2016\/12\/hamad-international-airport-doha-innenbereich.jpg\" alt=\"Hamad International Airport Innenbereich\" width=\"800\" height=\"339\" srcset=\"https:\/\/www.katar-information.de\/wp-content\/uploads\/2016\/12\/hamad-international-airport-doha-innenbereich.jpg 800w, https:\/\/www.katar-information.de\/wp-content\/uploads\/2016\/12\/hamad-international-airport-doha-innenbereich-300x127.jpg 300w, https:\/\/www.katar-information.de\/wp-content\/uploads\/2016\/12\/hamad-international-airport-doha-innenbereich-768x325.jpg 768w\" sizes=\"auto, (max-width: 800px) 100vw, 800px\" \/><p id=\"caption-attachment-427\" class=\"wp-caption-text\">Hamad International Airport Innenbereich<\/p><\/div>\n<h3>Hamad International Airport mit zwei Start- bzw. Landebahnen<\/h3>\n<p>Der Hamad International Airport verf\u00fcgt \u00fcber zwei \u00fcberlange Start- bzw. Landebahnen, die parallel liegen und die beide f\u00fcr Start- und Landungen von Airbus A 380 geeignet sind. In den Sommermonaten k\u00f6nnen die Temperaturen in Doha \u00fcber 50 Grad Celsius steigen, daher sind Bahnen mit \u00dcberl\u00e4nge n\u00f6tig. Durch die hohen Au\u00dfentemperaturen wird die nutzbare Leistung der Triebwerke gesenkt. Mit Hilfe der verl\u00e4ngerten Start- und Landebahnen ist es den Flugzeugen m\u00f6glich, auch bei voller Beladung und vollen Tanks zu l\u00e4ngeren Fl\u00fcgen zu starten.<\/p>\n<div id=\"attachment_426\" style=\"width: 810px\" class=\"wp-caption aligncenter\"><img loading=\"lazy\" decoding=\"async\" aria-describedby=\"caption-attachment-426\" class=\"size-full wp-image-426\" src=\"http:\/\/www.katar-information.de\/wp-content\/uploads\/2016\/12\/hamad-international-airport-doha-von-aussen.jpg\" alt=\"Hamad International Airport von aussen\" width=\"800\" height=\"339\" srcset=\"https:\/\/www.katar-information.de\/wp-content\/uploads\/2016\/12\/hamad-international-airport-doha-von-aussen.jpg 800w, https:\/\/www.katar-information.de\/wp-content\/uploads\/2016\/12\/hamad-international-airport-doha-von-aussen-300x127.jpg 300w, https:\/\/www.katar-information.de\/wp-content\/uploads\/2016\/12\/hamad-international-airport-doha-von-aussen-768x325.jpg 768w\" sizes=\"auto, (max-width: 800px) 100vw, 800px\" \/><p id=\"caption-attachment-426\" class=\"wp-caption-text\">Hamad International Airport von aussen<\/p><\/div>\n<h3>Airport Hotel Doha direkt im Hamad International Airport<\/h3>\n<p>F\u00fcr Reisende, die nur eine kurzen Aufenthalt in Doha planen, z. B. f\u00fcr einen Zwischenstopp am Hamad International Airport eignet sich besonders das Airport Hotel Doha, welches direkt im Hamad International Airport liegt. Es verf\u00fcgt \u00fcber 100 Zimmer. Nach einer \u00dcbernachtung in diesem Hotel kann sich der Reisende bei seinem Weiterflug von Doha direkt zum Flugzeug bewegen. Hierbei muss er durch keinen weiteren Sicherheitscheck, da er sich zu keiner Zeit au\u00dferhalb des Transitbereiches befunden hat.<\/p>\n<h3>Hamad International Airport und Quatar Airways<\/h3>\n<p>Der Hamad International Airport in Kombination mit Quatar Airways kann als direkter Mitbewerber um Transitpassagiere betrachtet werden, zu der Fluglinie Emirates und dem parallel erbauten Flughafen Dubai-World Central International. Damit existieren aktuell mehrere Flugh\u00e4fen, die sich als internationales Transithub bzw. Flugdrehkreuz f\u00fcr den weltweiten Flugverkehr auf der arabischen Halbinsel positionieren wollen, wie die Fluggesellschaften Kuwait Airways (Kuwait), Etihad (Abu Dhabi) und Oman Air (Oman).<\/p>\n<h3>Hamad International Airport und Quatar Airways<\/h3>\n<p>Der Flughafen von Doha liegt auf der rechten Seite der Bucht von Doha bei einem Blick von oben auf die City (S\u00fcden oben).<\/p>\n","protected":false},"excerpt":{"rendered":"<div class=\"slide-text-bg2\"><span>Hamad International Airport Der Flugbetrieb des neuen Flughafens von Doha, dem Hamad International Airport (DOH), wurde im Mai 2014 aufgenommen. Er dient a<\/span><\/div>\n<div class=\"slide-btn-area-sm\"><a href=\"https:\/\/www.katar-information.de\/index.php\/hamad-international-airport-in-doha\/\" class=\"slide-btn-sm\">weiterlesen<\/a><\/div>\n","protected":false},"author":1,"featured_media":0,"parent":0,"menu_order":90,"comment_status":"closed","ping_status":"closed","template":"","meta":{"footnotes":""},"class_list":["post-121","page","type-page","status-publish","hentry"],"_links":{"self":[{"href":"https:\/\/www.katar-information.de\/index.php\/wp-json\/wp\/v2\/pages\/121","targetHints":{"allow":["GET"]}}],"collection":[{"href":"https:\/\/www.katar-information.de\/index.php\/wp-json\/wp\/v2\/pages"}],"about":[{"href":"https:\/\/www.katar-information.de\/index.php\/wp-json\/wp\/v2\/types\/page"}],"author":[{"embeddable":true,"href":"https:\/\/www.katar-information.de\/index.php\/wp-json\/wp\/v2\/users\/1"}],"replies":[{"embeddable":true,"href":"https:\/\/www.katar-information.de\/index.php\/wp-json\/wp\/v2\/comments?post=121"}],"version-history":[{"count":40,"href":"https:\/\/www.katar-information.de\/index.php\/wp-json\/wp\/v2\/pages\/121\/revisions"}],"predecessor-version":[{"id":2073,"href":"https:\/\/www.katar-information.de\/index.php\/wp-json\/wp\/v2\/pages\/121\/revisions\/2073"}],"wp:attachment":[{"href":"https:\/\/www.katar-information.de\/index.php\/wp-json\/wp\/v2\/media?parent=121"}],"curies":[{"name":"wp","href":"https:\/\/api.w.org\/{rel}","templated":true}]}}