{"id":1582,"date":"2017-05-16T14:05:26","date_gmt":"2017-05-16T12:05:26","guid":{"rendered":"http:\/\/www.katar-information.de\/?page_id=1582"},"modified":"2017-05-17T00:14:48","modified_gmt":"2017-05-16T22:14:48","slug":"shoppingtour-in-doha-katar","status":"publish","type":"page","link":"https:\/\/www.katar-information.de\/index.php\/wissenwertes-zu-katar\/shoppingtour-in-doha-katar\/","title":{"rendered":"Shoppingtour in Doha (Katar)"},"content":{"rendered":"<h2>Einkaufen und Shoppen in Katar (Doha)<\/h2>\n<p>Einer der beliebtesten Zeitvertreibe in Katar ist Shopping. Die Kataris verbringen einen Gro\u00dfteil ihrer Freizeit in den riesigen Shoppingmalls.<\/p>\n<div id=\"attachment_1579\" style=\"width: 810px\" class=\"wp-caption aligncenter\"><img loading=\"lazy\" decoding=\"async\" aria-describedby=\"caption-attachment-1579\" class=\"size-full wp-image-1579\" src=\"http:\/\/www.katar-information.de\/wp-content\/uploads\/2017\/05\/mall-of-qatar.jpg\" alt=\"Mall of Qatar\" width=\"800\" height=\"409\" srcset=\"https:\/\/www.katar-information.de\/wp-content\/uploads\/2017\/05\/mall-of-qatar.jpg 800w, https:\/\/www.katar-information.de\/wp-content\/uploads\/2017\/05\/mall-of-qatar-300x153.jpg 300w, https:\/\/www.katar-information.de\/wp-content\/uploads\/2017\/05\/mall-of-qatar-768x393.jpg 768w\" sizes=\"auto, (max-width: 800px) 100vw, 800px\" \/><p id=\"caption-attachment-1579\" class=\"wp-caption-text\">Mall of Qatar<\/p><\/div>\n<h3>Shoppen in den luxuri\u00f6sen Einkaufszentren Dohas<\/h3>\n<p>So sind in den luxuri\u00f6sen Einkaufszentren Dohas verschiedene Angebote wie zum Beispiel Luxusmode, Parf\u00fcms, Heimtechnik und vieles mehr zu finden. Ebenso k\u00f6nnen Besucher dieser Einkaufszentren in den zahlreichen Restaurants speisen. Solche Einkaufzentren sind zum Beispiel die <em>City Centre Mall<\/em>, <em>Villaggio Shopping Mall<\/em>, <em>Mall of Qatar (au\u00dferhalb Dohas gelegen)<\/em> oder die <em>Porto Arabia Mall<\/em>.<\/p>\n<div id=\"attachment_1578\" style=\"width: 810px\" class=\"wp-caption aligncenter\"><img loading=\"lazy\" decoding=\"async\" aria-describedby=\"caption-attachment-1578\" class=\"size-full wp-image-1578\" src=\"http:\/\/www.katar-information.de\/wp-content\/uploads\/2017\/05\/villagio-schopping-mall-doha-katar.jpg\" alt=\"Villaggio Mall in Doha (Katar)\" width=\"800\" height=\"513\" srcset=\"https:\/\/www.katar-information.de\/wp-content\/uploads\/2017\/05\/villagio-schopping-mall-doha-katar.jpg 800w, https:\/\/www.katar-information.de\/wp-content\/uploads\/2017\/05\/villagio-schopping-mall-doha-katar-300x192.jpg 300w, https:\/\/www.katar-information.de\/wp-content\/uploads\/2017\/05\/villagio-schopping-mall-doha-katar-768x492.jpg 768w\" sizes=\"auto, (max-width: 800px) 100vw, 800px\" \/><p id=\"caption-attachment-1578\" class=\"wp-caption-text\">Villaggio Mall in Doha (Katar)<\/p><\/div>\n<h3>\u00dcber den Souq schlendern<\/h3>\n<p>Im Gegensatz zu den Shoppingmalls stehen die Souqs. Souqs sind \u00e4hnlich unseren Wochenm\u00e4rkten auf \u00f6ffentlich zug\u00e4nglichen Pl\u00e4tzen. Auf ihnen werden verschiedenste Produkte, wie Gew\u00fcrzte, \u00a0Kleidung der Einheimischen (Dischdascha), Gold bzw. Schmuck, Gebrauchsgegenst\u00e4nde und vieles mehr angeboten. Auch hier k\u00f6nnen die Besucher in einem der zahlreichen Restaurants und Imbisse Speisen oder Snacks zu sich nehmen.<\/p>\n<h3>Feilschen auf dem Souq ist gew\u00fcnscht<\/h3>\n<p>Das Feilschen geh\u00f6rt bei einem Souq-Besuch dazu und ist ausdr\u00fccklich erw\u00fcnscht bzw. Teil eines jedem Verkaufes. Allerdings ist die Spanne \u00fcberschaubar und nicht so gro\u00df wie in anderen L\u00e4ndern. Die \u00fcbliche Spanne f\u00fcr das Aushandeln des Preises betr\u00e4gt ca. 15 bis 20 Prozent.<br \/>\nIm Gegensatz zu den Shoppingmalls ist eine Shoppingtour auf einem Souq ein echtes Erlebnis.<\/p>\n","protected":false},"excerpt":{"rendered":"<div class=\"slide-text-bg2\"><span>Einkaufen und Shoppen in Katar (Doha) Einer der beliebtesten Zeitvertreibe in Katar ist Shopping. Die Kataris verbringen einen Gro\u00dfteil ihrer Freizeit in <\/span><\/div>\n<div class=\"slide-btn-area-sm\"><a href=\"https:\/\/www.katar-information.de\/index.php\/wissenwertes-zu-katar\/shoppingtour-in-doha-katar\/\" class=\"slide-btn-sm\">weiterlesen<\/a><\/div>\n","protected":false},"author":1,"featured_media":0,"parent":2,"menu_order":250,"comment_status":"closed","ping_status":"closed","template":"","meta":{"footnotes":""},"class_list":["post-1582","page","type-page","status-publish","hentry"],"_links":{"self":[{"href":"https:\/\/www.katar-information.de\/index.php\/wp-json\/wp\/v2\/pages\/1582","targetHints":{"allow":["GET"]}}],"collection":[{"href":"https:\/\/www.katar-information.de\/index.php\/wp-json\/wp\/v2\/pages"}],"about":[{"href":"https:\/\/www.katar-information.de\/index.php\/wp-json\/wp\/v2\/types\/page"}],"author":[{"embeddable":true,"href":"https:\/\/www.katar-information.de\/index.php\/wp-json\/wp\/v2\/users\/1"}],"replies":[{"embeddable":true,"href":"https:\/\/www.katar-information.de\/index.php\/wp-json\/wp\/v2\/comments?post=1582"}],"version-history":[{"count":4,"href":"https:\/\/www.katar-information.de\/index.php\/wp-json\/wp\/v2\/pages\/1582\/revisions"}],"predecessor-version":[{"id":1601,"href":"https:\/\/www.katar-information.de\/index.php\/wp-json\/wp\/v2\/pages\/1582\/revisions\/1601"}],"up":[{"embeddable":true,"href":"https:\/\/www.katar-information.de\/index.php\/wp-json\/wp\/v2\/pages\/2"}],"wp:attachment":[{"href":"https:\/\/www.katar-information.de\/index.php\/wp-json\/wp\/v2\/media?parent=1582"}],"curies":[{"name":"wp","href":"https:\/\/api.w.org\/{rel}","templated":true}]}}