{"id":170,"date":"2017-01-02T13:30:55","date_gmt":"2017-01-02T12:30:55","guid":{"rendered":"http:\/\/www.katar-information.de\/?page_id=170"},"modified":"2017-04-19T22:43:49","modified_gmt":"2017-04-19T20:43:49","slug":"uebernachtung-in-doha","status":"publish","type":"page","link":"https:\/\/www.katar-information.de\/index.php\/hotels-in-doha-hotels-in-katar\/uebernachtung-in-doha\/","title":{"rendered":"\u00dcbernachtung in Doha"},"content":{"rendered":"<h2>Hotels als \u00dcbernachtungsangebot in Doha<\/h2>\n<p>Vor einer Reise bzw. einen Urlaub in Katar\/ Doha steht die Herausforderung eine \u00dcbernachtungsm\u00f6glichkeit zu finden. Hierbei stehen vor allem Hotels in Doha als \u00dcbernachtungsm\u00f6glichkeit in Katar zur Verf\u00fcgung. Alternative Angebot f\u00fcr Reisende stehen nur sehr begrenz zur Verf\u00fcgung.<\/p>\n<h3>Jugendherbergen, Ferienh\u00e4user oder Ferienwohnungen in Doha<\/h3>\n<p>Alternative \u00dcbernachtungsangebote in Doha bzw. in ganz Katar, wie z. B. Jugendherbergen, Ferienh\u00e4user oder Ferienwohnungen werden kaum in Doha bzw. allgemein in Katar angeboten. Auf entsprechenden Online-Plattformen zur Vermittlung von Ferienwohnungen bzw. Ferienh\u00e4useren existieren meist maximal nur 5 Angebote.<\/p>\n<h3>Begrenzte Kapazit\u00e4t bei private \u00dcbernachtungsm\u00f6glichkeiten in Doha<\/h3>\n<p>Ebenso sind bei private Angebote f\u00fcr \u00dcbernachtungsm\u00f6glichkeiten nur wenige Angebote zu finden. So ist die Anzahl von privaten \u00dcbernachtungsm\u00f6glichkeiten auf entsprechenden Online-Vermittlungsportalen wie z. B. airbnb f\u00fcr Doha deutlich geringer, als bei vergleichbaren St\u00e4dten in Europa oder Amerika.<\/p>\n","protected":false},"excerpt":{"rendered":"<div class=\"slide-text-bg2\"><span>Hotels als \u00dcbernachtungsangebot in Doha Vor einer Reise bzw. einen Urlaub in Katar\/ Doha steht die Herausforderung eine \u00dcbernachtungsm\u00f6glichkeit zu find<\/span><\/div>\n<div class=\"slide-btn-area-sm\"><a href=\"https:\/\/www.katar-information.de\/index.php\/hotels-in-doha-hotels-in-katar\/uebernachtung-in-doha\/\" class=\"slide-btn-sm\">weiterlesen<\/a><\/div>\n","protected":false},"author":1,"featured_media":0,"parent":98,"menu_order":10,"comment_status":"closed","ping_status":"closed","template":"","meta":{"footnotes":""},"class_list":["post-170","page","type-page","status-publish","hentry"],"_links":{"self":[{"href":"https:\/\/www.katar-information.de\/index.php\/wp-json\/wp\/v2\/pages\/170","targetHints":{"allow":["GET"]}}],"collection":[{"href":"https:\/\/www.katar-information.de\/index.php\/wp-json\/wp\/v2\/pages"}],"about":[{"href":"https:\/\/www.katar-information.de\/index.php\/wp-json\/wp\/v2\/types\/page"}],"author":[{"embeddable":true,"href":"https:\/\/www.katar-information.de\/index.php\/wp-json\/wp\/v2\/users\/1"}],"replies":[{"embeddable":true,"href":"https:\/\/www.katar-information.de\/index.php\/wp-json\/wp\/v2\/comments?post=170"}],"version-history":[{"count":8,"href":"https:\/\/www.katar-information.de\/index.php\/wp-json\/wp\/v2\/pages\/170\/revisions"}],"predecessor-version":[{"id":1196,"href":"https:\/\/www.katar-information.de\/index.php\/wp-json\/wp\/v2\/pages\/170\/revisions\/1196"}],"up":[{"embeddable":true,"href":"https:\/\/www.katar-information.de\/index.php\/wp-json\/wp\/v2\/pages\/98"}],"wp:attachment":[{"href":"https:\/\/www.katar-information.de\/index.php\/wp-json\/wp\/v2\/media?parent=170"}],"curies":[{"name":"wp","href":"https:\/\/api.w.org\/{rel}","templated":true}]}}