{"id":172,"date":"2017-01-02T13:33:50","date_gmt":"2017-01-02T12:33:50","guid":{"rendered":"http:\/\/www.katar-information.de\/?page_id=172"},"modified":"2017-05-13T19:42:08","modified_gmt":"2017-05-13T17:42:08","slug":"freizeitangebote-in-katar","status":"publish","type":"page","link":"https:\/\/www.katar-information.de\/index.php\/urlaub-in-katar\/freizeitangebote-in-katar\/","title":{"rendered":"Freizeitangebote in Katar"},"content":{"rendered":"<h2>Freizeitaktivit\u00e4ten in Katar<\/h2>\n<p><strong>Freizeitangebote und -aktivit\u00e4ten in W\u00fcstenland Katar<\/strong><br \/>\nObwohl Katar ein sehr karges W\u00fcstenland ist und damit gewisse Eingrenzungen f\u00fcr Freizeitaktivit\u00e4ten bestehen, gibt es doch zahlreiche M\u00f6glichkeiten, seine freie Zeit aktiv und entspannt zu gestalten. Beliebte Freizeitaktivit\u00e4ten von Einheimischen sowie Katar-Touristen sind \u00a0z. B.<\/p>\n<ul>\n<li>das Teilnehmen an einer W\u00fcstensafari bzw. der Besuch eines W\u00fcstencamps inklusive \u00dcbernachtung,<\/li>\n<li>die Ausfahrt mit einer Dhow in der Bucht von Doha,<\/li>\n<li>der Besuch eines Badestrandes,<\/li>\n<li>die Ausfahrt zum Inlandsee,<\/li>\n<li>der Besuch einer landesweit bekannten Oryxfarm bzw. eines Kamelrennens,<\/li>\n<li>die Besichtigung von historistischen oder neu erbauten Moscheen und Minaretten<\/li>\n<li>der Besuch eines der zahlreichen Forts und einer der Festungen des Landes.<\/li>\n<\/ul>\n<div id=\"attachment_1134\" style=\"width: 810px\" class=\"wp-caption aligncenter\"><img loading=\"lazy\" decoding=\"async\" aria-describedby=\"caption-attachment-1134\" class=\"size-full wp-image-1134\" src=\"http:\/\/www.katar-information.de\/wp-content\/uploads\/2017\/01\/wuestensafari-in-katar-1.jpg\" alt=\"W\u00fcstensafari in Katar\" width=\"800\" height=\"293\" srcset=\"https:\/\/www.katar-information.de\/wp-content\/uploads\/2017\/01\/wuestensafari-in-katar-1.jpg 800w, https:\/\/www.katar-information.de\/wp-content\/uploads\/2017\/01\/wuestensafari-in-katar-1-300x110.jpg 300w, https:\/\/www.katar-information.de\/wp-content\/uploads\/2017\/01\/wuestensafari-in-katar-1-768x281.jpg 768w\" sizes=\"auto, (max-width: 800px) 100vw, 800px\" \/><p id=\"caption-attachment-1134\" class=\"wp-caption-text\">W\u00fcstensafari in Katar<\/p><\/div>\n<h3>W\u00fcstensafaris und -touren mit \u00dcbernachtung im W\u00fcstencamp<\/h3>\n<p>W\u00fcstensafaris bzw. W\u00fcstentouren sind ein absolutes Highlight&lt; f\u00fcr Katar-Touristen. Bei einem Besuch der W\u00fcste lernt der Besucher den Reichtum der arabischen Kultur und die herbe Sch\u00f6nheit des W\u00fcstenlandes Katar kennen. Die meisten lokalen Reiseveranstalter bieten verschiedene Angebote f\u00fcr W\u00fcstenausfahrten an. Deren Preis variiert je nach Gr\u00f6\u00dfe der Teilnehmergruppe und Anzahl der \u00dcbernachtungen in einem \u00dcbernachtungscamp.<\/p>\n<h4>W\u00fcstensafaris und -touren mit \u00dcbernachtung im W\u00fcstencamp<\/h4>\n<p>Die Kataris bauen die Camps meist in den kalten Monaten auf und verbringen ihre Wochenenden mit ihren Familien in diesen W\u00fcstencamps. Diese W\u00fcstenlager sind mit Wasser, Elektrizit\u00e4t und Sanit\u00e4ranlagen ausgestattet. Diese Freizeitaktivit\u00e4t der Einheimischen ist mit dem Besuch des Gartens bzw. des Wochenendhauses in Europa zu vergleichen. Eine \u00dcbernachtung in solch einem W\u00fcstencamp ist eine besondere Erfahrung und sollte sich kein Katar-Urlauber entgehen lassen, da der n\u00e4chtliche Himmel in der W\u00fcste besonders klar ist und daher die Sterne besonders deutlich zu sehen sind.<\/p>\n<div id=\"attachment_1137\" style=\"width: 810px\" class=\"wp-caption aligncenter\"><img loading=\"lazy\" decoding=\"async\" aria-describedby=\"caption-attachment-1137\" class=\"size-full wp-image-1137\" src=\"http:\/\/www.katar-information.de\/wp-content\/uploads\/2017\/01\/wuestentripp-in-katar.jpg\" alt=\"W\u00fcstentripp in Katar\" width=\"800\" height=\"262\" srcset=\"https:\/\/www.katar-information.de\/wp-content\/uploads\/2017\/01\/wuestentripp-in-katar.jpg 800w, https:\/\/www.katar-information.de\/wp-content\/uploads\/2017\/01\/wuestentripp-in-katar-300x98.jpg 300w, https:\/\/www.katar-information.de\/wp-content\/uploads\/2017\/01\/wuestentripp-in-katar-768x252.jpg 768w\" sizes=\"auto, (max-width: 800px) 100vw, 800px\" \/><p id=\"caption-attachment-1137\" class=\"wp-caption-text\">W\u00fcstentripp in Katar<\/p><\/div>\n<h4>Aktivit\u00e4ten und Versorgung im W\u00fcstencamp<\/h4>\n<p>In diesen W\u00fcstencamps werden diverse Aktivit\u00e4ten angeboten, wie z. B. baden im persischen Golf, Jetski oder W\u00fcstenbuggy fahren bzw- einen Kamelausritt in die W\u00fcste. Ebenso werden verschiedene arabische exklusive Speisen und Getr\u00e4nke gereicht.<\/p>\n<h4>\u00dcbernachtung im W\u00fcstencamp<\/h4>\n<p>Zur \u00dcbernachtung stehen komfortable arabische Zelte mit Persischen Teppichen und weichen Kissen zur Verf\u00fcgung, geh\u00fcllt in den Duft der Shisha (Wasserpfeife) nach alter Tradition der Beduinen.<\/p>\n<h4>Wichtige Hinweise f\u00fcr die Teilnahme an einer W\u00fcstenausfahrt in Katar<\/h4>\n<p>Bei einer W\u00fcstenausfahrt in Katar sind grundlegende Sicherheitsregeln zu beachten. So ist es ratsam, nur im Konvoi mit mindestens zwei Fahrzeugen in die W\u00fcste zu fahren. Im Idealfall begleitet die W\u00fcstenausfahrt ein lokaler Guide. Weiterhin sollte der Tripp nur in offensichtlich befahrenes Gel\u00e4nde durchgef\u00fchrt werden. Dieses ist an den zahlreichen Reifenspuren leicht zu erkennen. Sind keine Reifenspuren mehr in Sicht, wurden die befahrenen Teile der W\u00fcste verlassen. Weiterhin ist es wichtig, ein GPRS-Navigationsger\u00e4t mit sich zu f\u00fchren, um seine Postion genau orten zu k\u00f6nnen. Ebenso sollte gen\u00fcgend Wasser, Treibstoff und Sonnencreme mitgef\u00fchrt werden.<\/p>\n<h4>Achtung: Gegenverkehr in der W\u00fcste<\/h4>\n<p>Achtung bei Ausfahrten in die W\u00fcste!<\/p>\n<p>In der W\u00fcste ist oft mit mehr Verkehrsaufkommen zu rechnen als man denkt, da auch andere einen W\u00fcstentripp durchf\u00fchren.<\/p>\n<div id=\"attachment_1447\" style=\"width: 810px\" class=\"wp-caption aligncenter\"><img loading=\"lazy\" decoding=\"async\" aria-describedby=\"caption-attachment-1447\" class=\"size-full wp-image-1447\" src=\"http:\/\/www.katar-information.de\/wp-content\/uploads\/2017\/01\/duenen-surfen-in-der-wueste-katar.png\" alt=\"D\u00fcnen surfen in der W\u00fcste (Katar)\" width=\"800\" height=\"211\" srcset=\"https:\/\/www.katar-information.de\/wp-content\/uploads\/2017\/01\/duenen-surfen-in-der-wueste-katar.png 800w, https:\/\/www.katar-information.de\/wp-content\/uploads\/2017\/01\/duenen-surfen-in-der-wueste-katar-300x79.png 300w, https:\/\/www.katar-information.de\/wp-content\/uploads\/2017\/01\/duenen-surfen-in-der-wueste-katar-768x203.png 768w\" sizes=\"auto, (max-width: 800px) 100vw, 800px\" \/><p id=\"caption-attachment-1447\" class=\"wp-caption-text\">D\u00fcnen surfen in der W\u00fcste (Katar)<\/p><\/div>\n","protected":false},"excerpt":{"rendered":"<div class=\"slide-text-bg2\"><span>Freizeitaktivit\u00e4ten in Katar Freizeitangebote und -aktivit\u00e4ten in W\u00fcstenland Katar Obwohl Katar ein sehr karges W\u00fcstenland ist und damit gewisse Eingre<\/span><\/div>\n<div class=\"slide-btn-area-sm\"><a href=\"https:\/\/www.katar-information.de\/index.php\/urlaub-in-katar\/freizeitangebote-in-katar\/\" class=\"slide-btn-sm\">weiterlesen<\/a><\/div>\n","protected":false},"author":1,"featured_media":0,"parent":105,"menu_order":30,"comment_status":"closed","ping_status":"closed","template":"","meta":{"footnotes":""},"class_list":["post-172","page","type-page","status-publish","hentry"],"_links":{"self":[{"href":"https:\/\/www.katar-information.de\/index.php\/wp-json\/wp\/v2\/pages\/172","targetHints":{"allow":["GET"]}}],"collection":[{"href":"https:\/\/www.katar-information.de\/index.php\/wp-json\/wp\/v2\/pages"}],"about":[{"href":"https:\/\/www.katar-information.de\/index.php\/wp-json\/wp\/v2\/types\/page"}],"author":[{"embeddable":true,"href":"https:\/\/www.katar-information.de\/index.php\/wp-json\/wp\/v2\/users\/1"}],"replies":[{"embeddable":true,"href":"https:\/\/www.katar-information.de\/index.php\/wp-json\/wp\/v2\/comments?post=172"}],"version-history":[{"count":21,"href":"https:\/\/www.katar-information.de\/index.php\/wp-json\/wp\/v2\/pages\/172\/revisions"}],"predecessor-version":[{"id":1526,"href":"https:\/\/www.katar-information.de\/index.php\/wp-json\/wp\/v2\/pages\/172\/revisions\/1526"}],"up":[{"embeddable":true,"href":"https:\/\/www.katar-information.de\/index.php\/wp-json\/wp\/v2\/pages\/105"}],"wp:attachment":[{"href":"https:\/\/www.katar-information.de\/index.php\/wp-json\/wp\/v2\/media?parent=172"}],"curies":[{"name":"wp","href":"https:\/\/api.w.org\/{rel}","templated":true}]}}