{"id":174,"date":"2017-01-02T13:34:38","date_gmt":"2017-01-02T12:34:38","guid":{"rendered":"http:\/\/www.katar-information.de\/?page_id=174"},"modified":"2018-06-24T17:38:33","modified_gmt":"2018-06-24T15:38:33","slug":"dos-and-donts-in-katar-z-b-bzgl-alkohol-in-katar-frauen-in-katar-usw","status":"publish","type":"page","link":"https:\/\/www.katar-information.de\/index.php\/wissenwertes-zu-katar\/dos-and-donts-in-katar-z-b-bzgl-alkohol-in-katar-frauen-in-katar-usw\/","title":{"rendered":"Dos and Don&#8217;ts in Katar"},"content":{"rendered":"<h2>Do&#8217;s and Don&#8217;ts in Katar<\/h2>\n<p>Katar ist arabisch und ein islamisch \u00a0gepr\u00e4gtes Land. Daher unterscheiden sich die <strong>Dos and Don&#8217;ts<\/strong> in manchen Bereichen sehr deutlich von f\u00fcr uns als normal betrachteten Verhaltensnormen. Nachfolgend werden einige Verhaltensempfehlungen f\u00fcr einen <a href=\"http:\/\/www.katar-information.de\/index.php\/urlaub-in-katar\/urlaubsland-katar\/\">Urlaub in Katar<\/a> aufgef\u00fchrt.<br \/>\n<div id=\"attachment_2068\" style=\"width: 923px\" class=\"wp-caption aligncenter\"><img loading=\"lazy\" decoding=\"async\" aria-describedby=\"caption-attachment-2068\" src=\"http:\/\/www.katar-information.de\/wp-content\/uploads\/2018\/06\/frau-in-katar-am-hamad-international-airport-in-doha.jpg\" alt=\"Frau in Katar am Hamad International Airport in Doha\" width=\"913\" height=\"415\" class=\"size-full wp-image-2068\" srcset=\"https:\/\/www.katar-information.de\/wp-content\/uploads\/2018\/06\/frau-in-katar-am-hamad-international-airport-in-doha.jpg 913w, https:\/\/www.katar-information.de\/wp-content\/uploads\/2018\/06\/frau-in-katar-am-hamad-international-airport-in-doha-300x136.jpg 300w, https:\/\/www.katar-information.de\/wp-content\/uploads\/2018\/06\/frau-in-katar-am-hamad-international-airport-in-doha-768x349.jpg 768w\" sizes=\"auto, (max-width: 913px) 100vw, 913px\" \/><p id=\"caption-attachment-2068\" class=\"wp-caption-text\">Frau in Katar am Hamad International Airport in Doha<\/p><\/div><\/p>\n<h3>Do&#8230; in Katar (gew\u00fcnschtes Verhalten)<\/h3>\n<p>Nachfolgend wird kurz gew\u00fcnschtes bzw. empfohlenes Verhalten aufgelistet.<\/p>\n<ul>\n<li>Gespr\u00e4che sind generell nach vorab erfolgter Begr\u00fc\u00dfung zu starten. Diese Regel gilt auch in unserem Kulturkreis, allerdings wird ein Nichteinhalten weniger stark negativ bewertet.<\/li>\n<li>Katar ist ein muslimisches Land mit <a href=\"http:\/\/www.katar-information.de\/index.php\/wissenwertes-zu-katar\/frauen-in-katar\/\">konservativer Kleiderordnung<\/a>. Das Tragen von Shorts und kurzen R\u00f6cke, Low-Cut-Tops oder transparenter Kleidung ist nicht angemessen. Im Gegensatz dazu ist das Tragen lockerer Hosen nicht unerw\u00fcnscht.<\/li>\n<li>Der Handel mit Ladenbesitzern ist typisch f\u00fcr die arabische Welt. Dies trifft auch f\u00fcr das Shopping auf einem <a href=\"http:\/\/www.katar-information.de\/index.php\/sehenswuerdigkeiten-in-katar\/souqs-in-katar\/\">Souq in Katar<\/a> zu. Hierzu erwidert der potentielle K\u00e4ufer das offizielle Angebot mit einem deutlich niedlicheren Preis. Diesen erh\u00f6ht der potentielle K\u00e4ufer St\u00fcck f\u00fcr St\u00fcck bis zu dem Preis, den er bereit ist zu zahlen. Obwohl das Spiel sehr durchschaubar ist, sollte es als traditionelles Ritual eingehalten werden.<\/li>\n<li>In den unterschiedlichsten Situationen des allt\u00e4glichen Lebens werden die Geschlechter getrennt. So warten M\u00e4nner und Frauen z. B. in Banken an unterschiedlichen Schaltern.<\/li>\n<li>Besonders in den <a href=\"http:\/\/www.katar-information.de\/index.php\/katar-im-ueberblick\/klima-in-katar\/\">hei\u00dfen Monaten und im Ramadan<\/a> sind viele Menschen von den Abendstunden bis in den Morgen aktiv. Dies liegt an den fallenden Temperaturen am Abend. Touristen sollten sich \u00fcber diese Aktivit\u00e4ten nicht wundern bzw. beschweren.<\/li>\n<li>Das Mitf\u00fchren von ausreichend Trinkwasser ist im eigenen Interesse immer n\u00f6tig. Besonders ist dies bei einer<a href=\"http:\/\/www.katar-information.de\/index.php\/wissenwertes-zu-katar\/freizeit-und-erholung-in-katar\/\"> W\u00fcstensafari<\/a>, einer W\u00fcstentour oder einem kurzen W\u00fcstenausflug zwingend notwendig.<\/li>\n<li>Neben gen\u00fcgend Wasser sollte auch immer gen\u00fcgend Sonnencreme mit sehr hohem Lichtschutzfaktor mitgef\u00fchrt werden.<\/li>\n<li>Auch ist das Tragen einer Kopfbedeckung empfohlen, um den Kopf vor der starken Sonneneinstrahlung sch\u00fctzen.<\/li>\n<li>Wenn m\u00f6glich sollten Ausfl\u00fcge in den fr\u00fchen Morgenstunden bzw. am sp\u00e4ten Abend geplant und durchgef\u00fchrt werden.<\/li>\n<li>Im Falle eines <a href=\"http:\/\/www.katar-information.de\/index.php\/wissenwertes-zu-katar\/autounfall-in-katar-was-tuen\/\">Autounfalles<\/a> muss immer die Polizei kontaktiert werden.<\/li>\n<li>Trotz der hei\u00dfen Temperaturen sollten Katarurlauber immer einen leichten Pullover oder \u00e4hnliches mit sich f\u00fchren, da besonders in klimatisierten R\u00e4umen, Einkaufzentren, bei einem abendlichen Einkauf auf einem Souqs oder einem Strandbesuch erh\u00f6hte Erk\u00e4ltungsgefahr besteht.<\/li>\n<li>Bei einem <a href=\"http:\/\/www.katar-information.de\/index.php\/urlaub-in-katar\/freizeitangebote-in-katar\/\">Bade- bzw- Strandbesuch in Katar<\/a> sollte darauf geachtet werden, dass an manchen Badem\u00f6glichkeiten Vorgaben bez\u00fcglich der <a href=\"http:\/\/www.katar-information.de\/index.php\/wissenwertes-zu-katar\/frauen-in-katar\/\">Kleiderordnung f\u00fcr das Baden (besonders f\u00fcr Frauen)<\/a> existieren. Diese werden per Hausordnung vorgegeben und sollten unbedingt beachtet werden.<\/li>\n<li>Das Trinken von Alkohol sollte nur in daf\u00fcr bestimmten Lokalit\u00e4ten bzw. Bereichen get\u00e4tigt werden, wie z. B. in bestimmten Bars oder <a href=\"http:\/\/www.katar-information.de\/index.php\/hotels-in-doha-hotels-in-katar\/hotel-in-doha-guenstig-online-buchen\/\">Hotels<\/a>.<\/li>\n<li>Als Verkehrsteilnehmer in Katar sollten <a href=\"http:\/\/www.katar-information.de\/index.php\/urlaub-in-katar\/\">Urlauber in Katar<\/a> sich bewusst sein, dass in Katar eine andere Art von <a href=\"http:\/\/www.katar-information.de\/index.php\/wissenwertes-zu-katar\/verkehr-in-katar\/\">Verkehrsdiziplin<\/a> herrscht<\/li>\n<\/ul>\n<h3>Don&#8217;ts&#8230; in Katar (gew\u00fcnschtes Verhalten)<\/h3>\n<p>In der folgenden Liste ist nicht gew\u00fcnschtes bzw. nicht empfohlenes Verhalten aufgef\u00fchrt.<\/p>\n<ul>\n<li>In Katar gilt es als unh\u00f6flich, ein Gespr\u00e4ch zu starten ohne vorab den Gespr\u00e4chspartner zu begr\u00fc\u00dfen.<\/li>\n<li>Das auff\u00e4llige bzw. direkte Ansehen oder Anstarren von Menschen ist nicht angebracht, egal wie faszinierend oder interessant ihr Look oder ihre Kleidung ist. Dies ist eine sehr wichtige Regel und allgemeine H\u00f6flichkeitsgeste in der katarischen Gesellschaft.<\/li>\n<li>Das direkte Zeigen mit dem Finger auf Kataris sollte unbedingt vermieden werden. Dies ist auch im Europa nicht angebracht, allerdings ist die negative Wirkung in Katar um einiges st\u00e4rker.<\/li>\n<li>Diskussionen mit Polizisten, Ordnungspersonal, Einweisern oder \u00e4hnlichen Personen sind definitiv fehl am Platz, besonders, wenn diese Personen Kataris sind. Es gilt die einfache Regel, dass die Kataris immer Recht haben. Sicher ist das eine gew\u00f6hnungsbed\u00fcrftige Regel, aber jegliche Versuche, offene Punkte oder Probleme in dieser Form zu l\u00f6sen, werden scheitern und nur zur Vergr\u00f6\u00dferung des Problems beitragen bzw. vielleicht sogar v\u00f6llig neue Probleme schaffen. Kommt man als Besucher oder Tourist trotzdem in solch eine Situation, sollte man darauf achten, die Diskussion unter vier Augen zu f\u00fchren, denn dann sind L\u00f6sungen wesentlich greifbarer.<\/li>\n<li>Das Ansprechen (z. B. Fragen nach dem Weg) von arabischen Frauen in der \u00d6ffentlichkeit ist nicht immer erw\u00fcnscht, vor allem dann, wenn Sie ein Mann sind. Es ist wichtig zu akzeptieren, dass einige arabische Frauen private Personen im \u00f6ffentlichen Raum sind. Im Gegensatz dazu ist das Ansprechen arabischer Frauen durch eine andere Frau unproblematisch. Falls man als Reisender mit Familie unterwegs ist, sollte die Frau die arabische Frau ansprechen.<\/li>\n<li>Es ist eine Beleidigung f\u00fcr einen Muslim, wenn sein Angebot f\u00fcr den H\u00e4ndedruck ausgeschlagen wird. Der H\u00e4ndedruck wird oft dem anderen Geschlecht abgelehnt, dies ist nicht pers\u00f6nlich gemeint, sondern einfach ein religi\u00f6ses Verbot f\u00fcr Muslime und Nichtmuslime gleicherma\u00dfen.<\/li>\n<li>Oft werden arabische Frauen bzw. viele \u00e4ltere Menschen in ihrer traditionellen Kleidung als interessantes Fotomotiv betrachtet. Doch sollte beim Fotografieren darauf geachtet werden, dass keine Personen ohne deren pers\u00f6nliche Erlaubnis aufgenommen werden. Ebenso ist es nicht erlaubt, Polizei oder Milit\u00e4r (Personen wie Einrichtungen) sowie bestimmte Industriegebiete (z. B. Ras Laffan Industrial City) zu fotografieren.<\/li>\n<li>Die Zeit ist in Katar dehnbar, diesen Fakt sollte der Touristen bedenken. Wer in Katar auf P\u00fcnktlichkeit Wert legt, ist am falschen Ort. Wer sich \u00fcber nicht eingehaltene Termine \u00e4rgert bzw. vielleicht sogar beschwert, wird wenig erreichen.<\/li>\n<li>Beim Gegen\u00fcbersitzen ist das Zeigen der F\u00fc\u00dfe bzw. der Fu\u00dfsohlen zu vermeiden, da diese Haltung als Beleidigung eingestuft werden kann. Ebenso gilt es als Beleidigung, wenn man mit dem R\u00fccken zu seinem Gespr\u00e4chspartner sitzt.<\/li>\n<li>Der Verkauf und <a href=\"http:\/\/www.katar-information.de\/index.php\/wissenwertes-zu-katar\/alkohol-in-katar\/\">Konsum von Alkohol ist in Katar streng geregelt<\/a>. So ist es nur bestimmten Personen mit entsprechender Genehmigung erlaubt, Alkohol zu kaufen. Weiterhin gibt es eine Null-Toleranz-Politik f\u00fcr Alkohol am Steuer oder Erregung von \u00f6ffentlichen \u00c4rgernissen, die durch Alkohol ausgel\u00f6st werden. Idealerweise vermeidet man grunds\u00e4tzlich das Trinken von Alkohol in Katar im \u00f6ffentlichen Raum. In bestimmten Locations sind der Ausschank und der Genuss von Alkohol erlaubt, wie z. B. im <a href=\"http:\/\/www.katar-information.de\/index.php\/urlaub-in-katar\/badestraende-in-katar\/\">Mesaieed Sealine Beach Resort<\/a>.<\/li>\n<li>Bei einem Badebesuch an den Str\u00e4nden von Katar sollte auf Steinfische (sehen optisch aus wie Steine) geachtet werden. Sobald sich diese bedroht f\u00fchlen, injizieren sie \u00fcber einen Stachel Gift, welches zu starken Schmerzen f\u00fchren kann. Dies passiert aber sehr selten.<\/li>\n<\/ul>\n","protected":false},"excerpt":{"rendered":"<div class=\"slide-text-bg2\"><span>Do&#8217;s and Don&#8217;ts in Katar Katar ist arabisch und ein islamisch \u00a0gepr\u00e4gtes Land. Daher unterscheiden sich die Dos and Don&#8217;ts in manchen B<\/span><\/div>\n<div class=\"slide-btn-area-sm\"><a href=\"https:\/\/www.katar-information.de\/index.php\/wissenwertes-zu-katar\/dos-and-donts-in-katar-z-b-bzgl-alkohol-in-katar-frauen-in-katar-usw\/\" class=\"slide-btn-sm\">weiterlesen<\/a><\/div>\n","protected":false},"author":1,"featured_media":0,"parent":2,"menu_order":10,"comment_status":"closed","ping_status":"closed","template":"","meta":{"footnotes":""},"class_list":["post-174","page","type-page","status-publish","hentry"],"_links":{"self":[{"href":"https:\/\/www.katar-information.de\/index.php\/wp-json\/wp\/v2\/pages\/174","targetHints":{"allow":["GET"]}}],"collection":[{"href":"https:\/\/www.katar-information.de\/index.php\/wp-json\/wp\/v2\/pages"}],"about":[{"href":"https:\/\/www.katar-information.de\/index.php\/wp-json\/wp\/v2\/types\/page"}],"author":[{"embeddable":true,"href":"https:\/\/www.katar-information.de\/index.php\/wp-json\/wp\/v2\/users\/1"}],"replies":[{"embeddable":true,"href":"https:\/\/www.katar-information.de\/index.php\/wp-json\/wp\/v2\/comments?post=174"}],"version-history":[{"count":28,"href":"https:\/\/www.katar-information.de\/index.php\/wp-json\/wp\/v2\/pages\/174\/revisions"}],"predecessor-version":[{"id":248,"href":"https:\/\/www.katar-information.de\/index.php\/wp-json\/wp\/v2\/pages\/174\/revisions\/248"}],"up":[{"embeddable":true,"href":"https:\/\/www.katar-information.de\/index.php\/wp-json\/wp\/v2\/pages\/2"}],"wp:attachment":[{"href":"https:\/\/www.katar-information.de\/index.php\/wp-json\/wp\/v2\/media?parent=174"}],"curies":[{"name":"wp","href":"https:\/\/api.w.org\/{rel}","templated":true}]}}