{"id":184,"date":"2017-01-02T13:39:32","date_gmt":"2017-01-02T12:39:32","guid":{"rendered":"http:\/\/www.katar-information.de\/?page_id=184"},"modified":"2020-01-10T16:21:26","modified_gmt":"2020-01-10T15:21:26","slug":"frauen-in-katar","status":"publish","type":"page","link":"https:\/\/www.katar-information.de\/index.php\/wissenwertes-zu-katar\/frauen-in-katar\/","title":{"rendered":"Frauen in Katar"},"content":{"rendered":"\n<h2 class=\"wp-block-heading\">Hilfreiche Hinweise f\u00fcr Frauen in Katar<\/h2>\n\n\n<h3>Angemessene Kleidung als Frau in Katar<\/h3>\n<p>Katar ist ein muslimisches Land mit islamischem Glauben, in dem die Kleiderordnung sehr traditionsbewusst und konservativ ausgelegt wird. Zu der konservativen Kleiderordnung geh\u00f6rt, dass es nicht angemessen ist, dass Frauen transparente Kleidung, kurze R\u00f6cke, Shorts, Bikinis oder Low-Cut-Tops tragen.<\/p>\n<div id=\"attachment_204\" style=\"width: 810px\" class=\"wp-caption aligncenter\"><img loading=\"lazy\" decoding=\"async\" aria-describedby=\"caption-attachment-204\" class=\"size-full wp-image-204\" src=\"http:\/\/www.katar-information.de\/wp-content\/uploads\/2017\/01\/frauen-i-katar-frauen-in-doha.jpg\" alt=\"Frauen in Katar \/ Frauen in Doha\" width=\"800\" height=\"339\" srcset=\"https:\/\/www.katar-information.de\/wp-content\/uploads\/2017\/01\/frauen-i-katar-frauen-in-doha.jpg 800w, https:\/\/www.katar-information.de\/wp-content\/uploads\/2017\/01\/frauen-i-katar-frauen-in-doha-300x127.jpg 300w, https:\/\/www.katar-information.de\/wp-content\/uploads\/2017\/01\/frauen-i-katar-frauen-in-doha-768x325.jpg 768w\" sizes=\"auto, (max-width: 800px) 100vw, 800px\" \/><p id=\"caption-attachment-204\" class=\"wp-caption-text\">Frauen in Katar\/Frauen in Doha<\/p><\/div>\n<h3>Trennung von Geschlechtern<\/h3>\n<p>Ebenso werden die Geschlechter oft voneinander getrennt, wie zum Beispiel an Schaltern bei einer Bank bzw. auf \u00f6ffentlichen Feiern.<\/p>\n<h3>Ansprechen von Frauen in Katar<\/h3>\n<p>Weiterhin ist im Umgang mit Frauen in Katar darauf zu achten, dass eine \u00f6ffentliche Kontaktaufnahme nicht immer erw\u00fcnscht ist. Unter so eine nicht gew\u00fcnschte Kontaktaufnahme f\u00e4llt z. B. das Fragen nach der Uhrzeit oder nach dem Weg. Vor allem sollten M\u00e4nner diese Regel beachten. Die direkte Kontaktaufnahme einer Frau in Katar durch eine andere Frau ist als unproblematisch zu betrachten.<\/p>\n<h3>Fotos nur auf Nachfrage<\/h3>\n<p>Die traditionelle Kleidung der Frauen in Katar wird oft als ein lohnenswertes Motiv f\u00fcr ein Urlaubsfoto betrachtet. Falls man als Urlauber solch ein Foto schie\u00dfen m\u00f6chte, sollte darauf geachtet werden, dass vorab um die Erlaubnis zum Fotografieren gefragt wird.<\/p>\n<h3>Frauen im Taxi<\/h3>\n<p>Ein landestypisches Verhalten ist es, dass Frauen stets auf den hinteren Sitze in einem Taxi platz nehmen.<\/p>","protected":false},"excerpt":{"rendered":"<div class=\"slide-text-bg2\"><span>Hilfreiche Hinweise f\u00fcr Frauen in Katar Angemessene Kleidung als Frau in Katar Katar ist ein muslimisches Land mit islamischem Glauben, in dem die Kleider<\/span><\/div>\n<div class=\"slide-btn-area-sm\"><a href=\"https:\/\/www.katar-information.de\/index.php\/wissenwertes-zu-katar\/frauen-in-katar\/\" class=\"slide-btn-sm\">weiterlesen<\/a><\/div>\n","protected":false},"author":1,"featured_media":0,"parent":2,"menu_order":20,"comment_status":"closed","ping_status":"closed","template":"","meta":{"footnotes":""},"class_list":["post-184","page","type-page","status-publish","hentry"],"_links":{"self":[{"href":"https:\/\/www.katar-information.de\/index.php\/wp-json\/wp\/v2\/pages\/184","targetHints":{"allow":["GET"]}}],"collection":[{"href":"https:\/\/www.katar-information.de\/index.php\/wp-json\/wp\/v2\/pages"}],"about":[{"href":"https:\/\/www.katar-information.de\/index.php\/wp-json\/wp\/v2\/types\/page"}],"author":[{"embeddable":true,"href":"https:\/\/www.katar-information.de\/index.php\/wp-json\/wp\/v2\/users\/1"}],"replies":[{"embeddable":true,"href":"https:\/\/www.katar-information.de\/index.php\/wp-json\/wp\/v2\/comments?post=184"}],"version-history":[{"count":17,"href":"https:\/\/www.katar-information.de\/index.php\/wp-json\/wp\/v2\/pages\/184\/revisions"}],"predecessor-version":[{"id":2321,"href":"https:\/\/www.katar-information.de\/index.php\/wp-json\/wp\/v2\/pages\/184\/revisions\/2321"}],"up":[{"embeddable":true,"href":"https:\/\/www.katar-information.de\/index.php\/wp-json\/wp\/v2\/pages\/2"}],"wp:attachment":[{"href":"https:\/\/www.katar-information.de\/index.php\/wp-json\/wp\/v2\/media?parent=184"}],"curies":[{"name":"wp","href":"https:\/\/api.w.org\/{rel}","templated":true}]}}