{"id":186,"date":"2017-01-02T13:39:55","date_gmt":"2017-01-02T12:39:55","guid":{"rendered":"http:\/\/www.katar-information.de\/?page_id=186"},"modified":"2020-10-31T16:58:37","modified_gmt":"2020-10-31T15:58:37","slug":"glueckspiel-in-katar","status":"publish","type":"page","link":"https:\/\/www.katar-information.de\/index.php\/wissenwertes-zu-katar\/glueckspiel-in-katar\/","title":{"rendered":"Gl\u00fcckspiel in Katar &#8211; Onlinegambling in Katar"},"content":{"rendered":"<h2>Kein legales Gl\u00fcckspiel in Katar m\u00f6glich &#8211; Gl\u00fcckspiel ist in Katar nicht erlaubt<\/h2>\n<p>Das Emirat Katar ist ein islamistisches Land, in dem der Islam die Staatsreligion ist. Der Islam untersagt jegliche de Art von Gl\u00fccksspiel. Daher ist das <a href=\"http:\/\/www.katar-information.de\/index.php\/katar-im-ueberblick\/islam-und-gluecksspiele-gibt-es-casinos-in-katar\/\" data-wplink-edit=\"true\">Gl\u00fccksspiel offiziell in Katar verboten<\/a>. Obwohl die Einwohner von Katar sehr sportbegeistert sind und eine lange Tradition bez\u00fcglich Sportwetten ( Kamelrennen bzw. Pferderennen) nachweisen k\u00f6nnen, ist in Katar kein Gl\u00fccksspiel offiziell m\u00f6glich.<\/p>\n<div id=\"attachment_424\" style=\"width: 810px\" class=\"wp-caption aligncenter\"><img loading=\"lazy\" decoding=\"async\" aria-describedby=\"caption-attachment-424\" class=\"size-full wp-image-424\" src=\"http:\/\/www.katar-information.de\/wp-content\/uploads\/2017\/01\/glueckspiel-in-katar.jpg\" alt=\"Gl\u00fcckspiel in Katar\" width=\"800\" height=\"339\" srcset=\"https:\/\/www.katar-information.de\/wp-content\/uploads\/2017\/01\/glueckspiel-in-katar.jpg 800w, https:\/\/www.katar-information.de\/wp-content\/uploads\/2017\/01\/glueckspiel-in-katar-300x127.jpg 300w, https:\/\/www.katar-information.de\/wp-content\/uploads\/2017\/01\/glueckspiel-in-katar-768x325.jpg 768w\" sizes=\"auto, (max-width: 800px) 100vw, 800px\" \/><p id=\"caption-attachment-424\" class=\"wp-caption-text\">Gl\u00fccksspiel in Katar<\/p><\/div>\n<h3>Illegales Gl\u00fccksspiel in Katar<\/h3>\n<p>Es gibt im gesamten Land Katar kein Casino, keine Spielothek oder \u00c4hnliches. Allerdings existiert wie \u00fcberall das illegale Gl\u00fccksspiel. Vor allem sind Wetten auf Kamelrennen, Pferderennen und illegale Pokerrunden beliebt.<\/p>\n<h3>Lotterie in Katar<\/h3>\n<p>Ebenso existiert eine offizielle und legale Lotterie. Das Spielen von Lotto ist somit die einzige M\u00f6glichkeit, legal an einem Gl\u00fccksspiel teilzunehmen. Eine Tochterfirma von Qatar Airlines bietet dieses legale Gl\u00fccksspielangebot in Katar an.<\/p>\n<div id=\"attachment_246\" style=\"width: 810px\" class=\"wp-caption aligncenter\"><img loading=\"lazy\" decoding=\"async\" aria-describedby=\"caption-attachment-246\" class=\"size-full wp-image-246\" src=\"http:\/\/www.katar-information.de\/wp-content\/uploads\/2017\/01\/lotterie-in-katar-qatar-duty-free-millionaire-raffle.jpg\" alt=\"Lotterie in Katar (Qatar duty free Millionaire Raffle)\" width=\"800\" height=\"303\" srcset=\"https:\/\/www.katar-information.de\/wp-content\/uploads\/2017\/01\/lotterie-in-katar-qatar-duty-free-millionaire-raffle.jpg 800w, https:\/\/www.katar-information.de\/wp-content\/uploads\/2017\/01\/lotterie-in-katar-qatar-duty-free-millionaire-raffle-300x114.jpg 300w, https:\/\/www.katar-information.de\/wp-content\/uploads\/2017\/01\/lotterie-in-katar-qatar-duty-free-millionaire-raffle-768x291.jpg 768w\" sizes=\"auto, (max-width: 800px) 100vw, 800px\" \/><p id=\"caption-attachment-246\" class=\"wp-caption-text\">Lotterie in Katar (Qatar duty free Millionaire Raffle)<\/p><\/div>\n<h3>Gl\u00fccksspiel als Einheimischer in Katar<\/h3>\n<p>Werden Einheimische beim Spielen von Gl\u00fccksspielen erwischt, droht ihnen eine Gef\u00e4ngnisstrafe von mehreren Monaten sowie eine zus\u00e4tzliche Geldstrafe. Besonders schwierig ist es, das Spielen in einem Online-Casino bzw. allgemein Online-Gl\u00fccksspiel bzw. Onlinegambling nachzuweisen. Aufgrund des schwierigen Nachweises der aktiven Teilnahme an einem <a href=\"http:\/\/www.katar-information.de\/index.php\/katar-im-ueberblick\/rechtliche-lage-des-glueckspiels-in-katar\/\">Online-Gl\u00fccksspiel<\/a> einer Person ist aktuell noch keine Verurteilung wegen Spielens in einem Online-Casino bekannt. Allerdings werden entsprechende <!-- a href=\"http:\/\/www.rouletteonline24.de\" target=\"_blank\" rel=\"noopener\" -->Online-Gaming-Angebote<!-- \/a --> und Online-Casinos in Katar geblockt.<\/p>\n<h3>Online-Gl\u00fccksspiel in Katar als Urlauber<\/h3>\n<p>Falls Reisende oder Urlauber in Katar ein Online-Casino-Angebot nutzen, versto\u00dfen sie somit gegen einheimisches Recht. Aktuell werden Nutzer von Online-Gl\u00fccksspiel-Angeboten nicht belangt. Es sind verschiedene Online-Casino-Webseiten bzw. Online-Casino-Portale aus Katar per Web erreichbar.<\/p>\n","protected":false},"excerpt":{"rendered":"<div class=\"slide-text-bg2\"><span>Kein legales Gl\u00fcckspiel in Katar m\u00f6glich &#8211; Gl\u00fcckspiel ist in Katar nicht erlaubt Das Emirat Katar ist ein islamistisches Land, in dem der Islam di<\/span><\/div>\n<div class=\"slide-btn-area-sm\"><a href=\"https:\/\/www.katar-information.de\/index.php\/wissenwertes-zu-katar\/glueckspiel-in-katar\/\" class=\"slide-btn-sm\">weiterlesen<\/a><\/div>\n","protected":false},"author":1,"featured_media":0,"parent":2,"menu_order":30,"comment_status":"closed","ping_status":"closed","template":"","meta":{"footnotes":""},"class_list":["post-186","page","type-page","status-publish","hentry"],"_links":{"self":[{"href":"https:\/\/www.katar-information.de\/index.php\/wp-json\/wp\/v2\/pages\/186","targetHints":{"allow":["GET"]}}],"collection":[{"href":"https:\/\/www.katar-information.de\/index.php\/wp-json\/wp\/v2\/pages"}],"about":[{"href":"https:\/\/www.katar-information.de\/index.php\/wp-json\/wp\/v2\/types\/page"}],"author":[{"embeddable":true,"href":"https:\/\/www.katar-information.de\/index.php\/wp-json\/wp\/v2\/users\/1"}],"replies":[{"embeddable":true,"href":"https:\/\/www.katar-information.de\/index.php\/wp-json\/wp\/v2\/comments?post=186"}],"version-history":[{"count":16,"href":"https:\/\/www.katar-information.de\/index.php\/wp-json\/wp\/v2\/pages\/186\/revisions"}],"predecessor-version":[{"id":2384,"href":"https:\/\/www.katar-information.de\/index.php\/wp-json\/wp\/v2\/pages\/186\/revisions\/2384"}],"up":[{"embeddable":true,"href":"https:\/\/www.katar-information.de\/index.php\/wp-json\/wp\/v2\/pages\/2"}],"wp:attachment":[{"href":"https:\/\/www.katar-information.de\/index.php\/wp-json\/wp\/v2\/media?parent=186"}],"curies":[{"name":"wp","href":"https:\/\/api.w.org\/{rel}","templated":true}]}}