{"id":195,"date":"2017-01-02T18:00:16","date_gmt":"2017-01-02T17:00:16","guid":{"rendered":"http:\/\/www.katar-information.de\/?page_id=195"},"modified":"2017-05-07T16:12:47","modified_gmt":"2017-05-07T14:12:47","slug":"alkoholverbot-in-den-wm-stadien-von-katar-2022","status":"publish","type":"page","link":"https:\/\/www.katar-information.de\/index.php\/fifa-fussball-wm-2022-in-katar\/alkoholverbot-in-den-wm-stadien-von-katar-2022\/","title":{"rendered":"Alkoholverbot in den WM-Stadien von Katar 2022"},"content":{"rendered":"<h2>Kein Alkohol in der WM-Stadien 2022<\/h2>\n<p>Katar ist eine islamisches Land in dem strenge Regeln f\u00fcr den <a href=\"http:\/\/www.katar-information.de\/index.php\/wissenwertes-zu-katar\/alkohol-in-katar\/\">Verkauf und Konsum von Alkohol<\/a> gelten. Nach aktuellem Stand m\u00fcssen die Fu\u00dfballfans bei der FIFA-WM 2022 in Katar in den Stadien ohne Alkohol auskommen, so die Planungen des Organisationskomitees. Hintergrund dieser Entscheidung ist der Wunsch, der WM einen islamischen und arabischen Charakter zu geben. Das Alkoholverbot soll nach jetzigem Stand auch auf \u00f6ffentlichen Pl\u00e4tzen umgesetzt werden. Im islamischen Land Katar existiert ein striktes Alkoholverbot f\u00fcr \u00f6ffentliche zug\u00e4ngliche Bereiche, wie Pl\u00e4tze und Stra\u00dfen. Ebenso ist der Verkauf von Alkohol in Superm\u00e4rkten nicht vorstellbar.<\/p>\n<h3>Alkohol nur in bestimmten Bereichen zur Weltmeisterschaft 2022<\/h3>\n<p>F\u00fcr die Zeit der FIFA Fu\u00dfball-Weltmeisterschaft 2022 sollen aber Bereiche geschaffen werden, in denen der Ausschank von Alkohol in Katar erlaubt ist.<\/p>\n","protected":false},"excerpt":{"rendered":"<div class=\"slide-text-bg2\"><span>Kein Alkohol in der WM-Stadien 2022 Katar ist eine islamisches Land in dem strenge Regeln f\u00fcr den Verkauf und Konsum von Alkohol gelten. Nach aktuellem St<\/span><\/div>\n<div class=\"slide-btn-area-sm\"><a href=\"https:\/\/www.katar-information.de\/index.php\/fifa-fussball-wm-2022-in-katar\/alkoholverbot-in-den-wm-stadien-von-katar-2022\/\" class=\"slide-btn-sm\">weiterlesen<\/a><\/div>\n","protected":false},"author":1,"featured_media":0,"parent":35,"menu_order":50,"comment_status":"closed","ping_status":"closed","template":"","meta":{"footnotes":""},"class_list":["post-195","page","type-page","status-publish","hentry"],"_links":{"self":[{"href":"https:\/\/www.katar-information.de\/index.php\/wp-json\/wp\/v2\/pages\/195","targetHints":{"allow":["GET"]}}],"collection":[{"href":"https:\/\/www.katar-information.de\/index.php\/wp-json\/wp\/v2\/pages"}],"about":[{"href":"https:\/\/www.katar-information.de\/index.php\/wp-json\/wp\/v2\/types\/page"}],"author":[{"embeddable":true,"href":"https:\/\/www.katar-information.de\/index.php\/wp-json\/wp\/v2\/users\/1"}],"replies":[{"embeddable":true,"href":"https:\/\/www.katar-information.de\/index.php\/wp-json\/wp\/v2\/comments?post=195"}],"version-history":[{"count":12,"href":"https:\/\/www.katar-information.de\/index.php\/wp-json\/wp\/v2\/pages\/195\/revisions"}],"predecessor-version":[{"id":1434,"href":"https:\/\/www.katar-information.de\/index.php\/wp-json\/wp\/v2\/pages\/195\/revisions\/1434"}],"up":[{"embeddable":true,"href":"https:\/\/www.katar-information.de\/index.php\/wp-json\/wp\/v2\/pages\/35"}],"wp:attachment":[{"href":"https:\/\/www.katar-information.de\/index.php\/wp-json\/wp\/v2\/media?parent=195"}],"curies":[{"name":"wp","href":"https:\/\/api.w.org\/{rel}","templated":true}]}}