{"id":2244,"date":"2020-01-07T10:49:42","date_gmt":"2020-01-07T09:49:42","guid":{"rendered":"https:\/\/www.katar-information.de\/?page_id=2244"},"modified":"2020-01-10T16:17:07","modified_gmt":"2020-01-10T15:17:07","slug":"kriminalitaet-in-katar","status":"publish","type":"page","link":"https:\/\/www.katar-information.de\/index.php\/katar-im-ueberblick\/kriminalitaet-in-katar\/","title":{"rendered":"Kriminalit\u00e4t in Katar"},"content":{"rendered":"\n<h2 class=\"wp-block-heading\">Geringe Kriminalit\u00e4t in Katar <\/h2>\n\n\n\n<figure class=\"wp-block-image size-large\"><img loading=\"lazy\" decoding=\"async\" width=\"1024\" height=\"626\" src=\"https:\/\/www.katar-information.de\/wp-content\/uploads\/2020\/01\/menschenansammlung-souq-waqif-doha-katar-1024x626.jpg\" alt=\"Menschenansammlung Souq Waqif in Doha (Katar)\" class=\"wp-image-2317\" srcset=\"https:\/\/www.katar-information.de\/wp-content\/uploads\/2020\/01\/menschenansammlung-souq-waqif-doha-katar-1024x626.jpg 1024w, https:\/\/www.katar-information.de\/wp-content\/uploads\/2020\/01\/menschenansammlung-souq-waqif-doha-katar-300x183.jpg 300w, https:\/\/www.katar-information.de\/wp-content\/uploads\/2020\/01\/menschenansammlung-souq-waqif-doha-katar-768x469.jpg 768w, https:\/\/www.katar-information.de\/wp-content\/uploads\/2020\/01\/menschenansammlung-souq-waqif-doha-katar.jpg 1093w\" sizes=\"auto, (max-width: 1024px) 100vw, 1024px\" \/><figcaption>Menschenansammlung Souq Waqif in Doha (Katar)<\/figcaption><\/figure>\n\n\n\n<p>Die <strong>Kriminalit\u00e4tsrate in Katar ist sehr niedrig<\/strong>. Allerdings sind vereinzelt Diebst\u00e4hle bzw. Taschendiebst\u00e4hle&nbsp;in gro\u00dfen Menschansammlungen wie beispielsweise auf gro\u00dfen Events, in <a href=\"https:\/\/www.katar-information.de\/index.php\/wissenwertes-zu-katar\/shoppingtour-in-doha-katar\/\">Shoppingmalls<\/a> oder auf einen der belebten Souqs nicht auszuschlie\u00dfen.<\/p>\n\n\n\n<p><strong>Wichtige Hinweis <\/strong><\/p>\n\n\n\n<ul class=\"wp-block-list\"><li>Ausweisdokumente, Geld, F\u00fchrerschein und andere wichtigen Dokumente immer sicher aufbewahren<\/li><li>besondere Achtsamkeit gilt in gr\u00f6\u00dferen Menschenmengen wie auf Souqs, Events, auf Bahnh\u00f6fen, im Bus oder der U-Bahn<\/li><li>sollten Frauen besonders achtsam sein und die \u00f6rtlichen Gepflogenheiten beachten<\/li><\/ul>\n","protected":false},"excerpt":{"rendered":"<div class=\"slide-text-bg2\"><span>Geringe Kriminalit\u00e4t in Katar Die Kriminalit\u00e4tsrate in Katar ist sehr niedrig. Allerdings sind vereinzelt Diebst\u00e4hle bzw. Taschendiebst\u00e4hle&nbsp;in gro<\/span><\/div>\n<div class=\"slide-btn-area-sm\"><a href=\"https:\/\/www.katar-information.de\/index.php\/katar-im-ueberblick\/kriminalitaet-in-katar\/\" class=\"slide-btn-sm\">weiterlesen<\/a><\/div>\n","protected":false},"author":1,"featured_media":0,"parent":662,"menu_order":0,"comment_status":"closed","ping_status":"closed","template":"","meta":{"footnotes":""},"class_list":["post-2244","page","type-page","status-publish","hentry"],"_links":{"self":[{"href":"https:\/\/www.katar-information.de\/index.php\/wp-json\/wp\/v2\/pages\/2244","targetHints":{"allow":["GET"]}}],"collection":[{"href":"https:\/\/www.katar-information.de\/index.php\/wp-json\/wp\/v2\/pages"}],"about":[{"href":"https:\/\/www.katar-information.de\/index.php\/wp-json\/wp\/v2\/types\/page"}],"author":[{"embeddable":true,"href":"https:\/\/www.katar-information.de\/index.php\/wp-json\/wp\/v2\/users\/1"}],"replies":[{"embeddable":true,"href":"https:\/\/www.katar-information.de\/index.php\/wp-json\/wp\/v2\/comments?post=2244"}],"version-history":[{"count":6,"href":"https:\/\/www.katar-information.de\/index.php\/wp-json\/wp\/v2\/pages\/2244\/revisions"}],"predecessor-version":[{"id":2318,"href":"https:\/\/www.katar-information.de\/index.php\/wp-json\/wp\/v2\/pages\/2244\/revisions\/2318"}],"up":[{"embeddable":true,"href":"https:\/\/www.katar-information.de\/index.php\/wp-json\/wp\/v2\/pages\/662"}],"wp:attachment":[{"href":"https:\/\/www.katar-information.de\/index.php\/wp-json\/wp\/v2\/media?parent=2244"}],"curies":[{"name":"wp","href":"https:\/\/api.w.org\/{rel}","templated":true}]}}