{"id":2422,"date":"2021-02-21T20:34:57","date_gmt":"2021-02-21T19:34:57","guid":{"rendered":"https:\/\/www.katar-information.de\/?page_id=2422"},"modified":"2021-02-22T20:45:33","modified_gmt":"2021-02-22T19:45:33","slug":"hunde-im-islam","status":"publish","type":"page","link":"https:\/\/www.katar-information.de\/index.php\/mit-hund-in-katar\/hunde-im-islam\/","title":{"rendered":"Hunde im Islam"},"content":{"rendered":"\n<h1 class=\"wp-block-heading\"><strong>Hunde im Islam<\/strong><\/h1>\n\n\n\n<p>Wie werden <a href=\"https:\/\/www.katar-information.de\/index.php\/katar-im-ueberblick\/geschichte-von-katar\/\" data-type=\"page\" data-id=\"673\">Hund im Islam<\/a> gesehen? Im Islam gibt es keine klare und eindeutige Regel zur Bewertung von Hunden bez\u00fcglich ihrer Reinheit. Selbst muslimische Gelehrte des Rechts haben verschiedene Auslegungen in Bezug auf die rituelle Reinheit von Hunden. Hierbei k\u00f6nnen grundlegend drei verschiedene Ansichten unterschieden werden.<\/p>\n\n\n\n<figure class=\"wp-block-image size-large\"><img loading=\"lazy\" decoding=\"async\" width=\"800\" height=\"400\" src=\"https:\/\/www.katar-information.de\/wp-content\/uploads\/2021\/02\/hund-im-islam.png\" alt=\"Hunde im Islam\" class=\"wp-image-2424\" srcset=\"https:\/\/www.katar-information.de\/wp-content\/uploads\/2021\/02\/hund-im-islam.png 800w, https:\/\/www.katar-information.de\/wp-content\/uploads\/2021\/02\/hund-im-islam-300x150.png 300w, https:\/\/www.katar-information.de\/wp-content\/uploads\/2021\/02\/hund-im-islam-768x384.png 768w\" sizes=\"auto, (max-width: 800px) 100vw, 800px\" \/><figcaption>Hunde im Islam<\/figcaption><\/figure>\n\n\n\n<h2 class=\"wp-block-heading\">Malikiten<\/h2>\n\n\n\n<p>Bei den Malikiten gilt der Hund als rituell rein. Selbst im nassen, gerade frisch aus dem See und auch der Speichel des Hundes werden als rein bewertet.<\/p>\n\n\n\n<h2 class=\"wp-block-heading\">Hanbaliten und Hanafiten<\/h2>\n\n\n\n<p>Im Gegensatz zu den Malikiten bewerten die Hanbaliten und Hanafiten lediglich den Hund an sich als rein. Hanbaliten der Hund an sich rein, der Speichel des Vierbeiners wird allerdings als unrein betrachtet. Wie die Hanbaliten und Hanafiten nasse Hunde bewerten, konnte final nicht gekl\u00e4rt werden.<\/p>\n\n\n\n<h2 class=\"wp-block-heading\">Schiiten und Schafiiten<\/h2>\n\n\n\n<p>Als generell unrein betrachten Schiiten und Schafiiten Hunde, unabh\u00e4ngig davon, ob die Tiere nass oder trocken sind.<\/p>\n\n\n\n<p>Da bei einem ersten Kontakt mit einem in Katar lebenden Menschen nicht klar ist, zu welcher Gruppe geh\u00f6rt, sollte man als Hundebesitzer immer davon ausgehen, dass der Hund als unrein vom Gegen\u00fcber betrachtet wird. Das bedeutet, Hunde werden eher als Nutztiere, wie Jagd-, Wach- oder H\u00fctehunde und weniger als vollwertiger Begleiter oder Familienmitglied betrachtet.<\/p>\n","protected":false},"excerpt":{"rendered":"<div class=\"slide-text-bg2\"><span>Hunde im Islam Wie werden Hund im Islam gesehen? Im Islam gibt es keine klare und eindeutige Regel zur Bewertung von Hunden bez\u00fcglich ihrer Reinheit. Selb<\/span><\/div>\n<div class=\"slide-btn-area-sm\"><a href=\"https:\/\/www.katar-information.de\/index.php\/mit-hund-in-katar\/hunde-im-islam\/\" class=\"slide-btn-sm\">weiterlesen<\/a><\/div>\n","protected":false},"author":1,"featured_media":0,"parent":2389,"menu_order":10,"comment_status":"closed","ping_status":"closed","template":"","meta":{"footnotes":""},"class_list":["post-2422","page","type-page","status-publish","hentry"],"_links":{"self":[{"href":"https:\/\/www.katar-information.de\/index.php\/wp-json\/wp\/v2\/pages\/2422","targetHints":{"allow":["GET"]}}],"collection":[{"href":"https:\/\/www.katar-information.de\/index.php\/wp-json\/wp\/v2\/pages"}],"about":[{"href":"https:\/\/www.katar-information.de\/index.php\/wp-json\/wp\/v2\/types\/page"}],"author":[{"embeddable":true,"href":"https:\/\/www.katar-information.de\/index.php\/wp-json\/wp\/v2\/users\/1"}],"replies":[{"embeddable":true,"href":"https:\/\/www.katar-information.de\/index.php\/wp-json\/wp\/v2\/comments?post=2422"}],"version-history":[{"count":5,"href":"https:\/\/www.katar-information.de\/index.php\/wp-json\/wp\/v2\/pages\/2422\/revisions"}],"predecessor-version":[{"id":2476,"href":"https:\/\/www.katar-information.de\/index.php\/wp-json\/wp\/v2\/pages\/2422\/revisions\/2476"}],"up":[{"embeddable":true,"href":"https:\/\/www.katar-information.de\/index.php\/wp-json\/wp\/v2\/pages\/2389"}],"wp:attachment":[{"href":"https:\/\/www.katar-information.de\/index.php\/wp-json\/wp\/v2\/media?parent=2422"}],"curies":[{"name":"wp","href":"https:\/\/api.w.org\/{rel}","templated":true}]}}