{"id":2436,"date":"2021-02-22T12:10:01","date_gmt":"2021-02-22T11:10:01","guid":{"rendered":"https:\/\/www.katar-information.de\/?page_id=2436"},"modified":"2021-02-22T20:14:46","modified_gmt":"2021-02-22T19:14:46","slug":"hotelbesuch-mit-hund-in-doha-katar-2","status":"publish","type":"page","link":"https:\/\/www.katar-information.de\/index.php\/mit-hund-in-katar\/hotelbesuch-mit-hund-in-doha-katar-2\/","title":{"rendered":"Hotelbesuch mit Hund in Doha\/Katar"},"content":{"rendered":"\n<h1 class=\"wp-block-heading\"><strong>Hotelbesuch mit Hund in Doha\/Katar<\/strong><\/h1>\n\n\n\n<p>Bei der Suche nach einem geeigneten <a href=\"https:\/\/www.katar-information.de\/index.php\/hotels-in-doha-hotels-in-katar\/hotel-in-doha-guenstig-online-buchen\/\" data-type=\"page\" data-id=\"934\"><strong>Hotel<\/strong><\/a> stellen Hunde als Begleiter keine Herausforderung dar. Da viele Menschen aus verschiedenen Regionen mit und ohne Hund in Doha \u00fcbernachten, sind Hotels auf Hunde als Begleitung eingestellt.<\/p>\n\n\n\n<figure class=\"wp-block-image size-full is-resized\"><img loading=\"lazy\" decoding=\"async\" src=\"https:\/\/www.katar-information.de\/wp-content\/uploads\/2021\/02\/hund-im-hotelzimmer-hotel-in-doha-katar.png\" alt=\"Hund im Hotelzimmer (Hotel in Doha)\" class=\"wp-image-2445\" width=\"740\" height=\"400\" srcset=\"https:\/\/www.katar-information.de\/wp-content\/uploads\/2021\/02\/hund-im-hotelzimmer-hotel-in-doha-katar.png 740w, https:\/\/www.katar-information.de\/wp-content\/uploads\/2021\/02\/hund-im-hotelzimmer-hotel-in-doha-katar-300x162.png 300w\" sizes=\"auto, (max-width: 740px) 100vw, 740px\" \/><figcaption>Hund im Hotelzimmer (Hotel in Doha)<\/figcaption><\/figure>\n\n\n\n<p>Allerdings sollten Hundebesitzer weniger Service speziell f\u00fcr Hunde erwarten, wie separate Hundebereiche, das spontane Anbieten von Wasser oder gar das Verst\u00e4ndnis f\u00fcr etwas \u00fcberm\u00fctige Vierbeiner.<\/p>\n\n\n\n<p>Wobei sich der Umgang mit Hunden von Hotel zu Hotel stark unterscheiden kann. Vielmehr werden die vierbeinigen Begleiter wohlwollend geduldet.<\/p>\n\n\n\n<p>Allerdings kann sich der Umgang mit Hunden von Hotel zu Hotel stark unterscheiden.<\/p>\n","protected":false},"excerpt":{"rendered":"<div class=\"slide-text-bg2\"><span>Hotelbesuch mit Hund in Doha\/Katar Bei der Suche nach einem geeigneten Hotel stellen Hunde als Begleiter keine Herausforderung dar. Da viele Menschen aus v<\/span><\/div>\n<div class=\"slide-btn-area-sm\"><a href=\"https:\/\/www.katar-information.de\/index.php\/mit-hund-in-katar\/hotelbesuch-mit-hund-in-doha-katar-2\/\" class=\"slide-btn-sm\">weiterlesen<\/a><\/div>\n","protected":false},"author":1,"featured_media":0,"parent":2389,"menu_order":20,"comment_status":"closed","ping_status":"closed","template":"","meta":{"footnotes":""},"class_list":["post-2436","page","type-page","status-publish","hentry"],"_links":{"self":[{"href":"https:\/\/www.katar-information.de\/index.php\/wp-json\/wp\/v2\/pages\/2436","targetHints":{"allow":["GET"]}}],"collection":[{"href":"https:\/\/www.katar-information.de\/index.php\/wp-json\/wp\/v2\/pages"}],"about":[{"href":"https:\/\/www.katar-information.de\/index.php\/wp-json\/wp\/v2\/types\/page"}],"author":[{"embeddable":true,"href":"https:\/\/www.katar-information.de\/index.php\/wp-json\/wp\/v2\/users\/1"}],"replies":[{"embeddable":true,"href":"https:\/\/www.katar-information.de\/index.php\/wp-json\/wp\/v2\/comments?post=2436"}],"version-history":[{"count":9,"href":"https:\/\/www.katar-information.de\/index.php\/wp-json\/wp\/v2\/pages\/2436\/revisions"}],"predecessor-version":[{"id":2480,"href":"https:\/\/www.katar-information.de\/index.php\/wp-json\/wp\/v2\/pages\/2436\/revisions\/2480"}],"up":[{"embeddable":true,"href":"https:\/\/www.katar-information.de\/index.php\/wp-json\/wp\/v2\/pages\/2389"}],"wp:attachment":[{"href":"https:\/\/www.katar-information.de\/index.php\/wp-json\/wp\/v2\/media?parent=2436"}],"curies":[{"name":"wp","href":"https:\/\/api.w.org\/{rel}","templated":true}]}}