{"id":2485,"date":"2021-02-22T20:23:41","date_gmt":"2021-02-22T19:23:41","guid":{"rendered":"https:\/\/www.katar-information.de\/?page_id=2485"},"modified":"2021-02-22T20:35:47","modified_gmt":"2021-02-22T19:35:47","slug":"salukis-persische-windhunde","status":"publish","type":"page","link":"https:\/\/www.katar-information.de\/index.php\/mit-hund-in-katar\/salukis-persische-windhunde\/","title":{"rendered":"Salukis \u2013 persische Windhunde"},"content":{"rendered":"\n<h1 class=\"wp-block-heading\"><strong>Salukis \u2013 persische Windhunde<\/strong><\/h1>\n\n\n\n<p>Allerdings werden in Katar auch Hunde bewusst gehalten. Dabei handelt es sich meist um Salukis. Salukis sind persische Windhunde, die sehr schlanken und recht gro\u00dfen Tiere wirken dadurch \u00fcberaus elegant. Salukis werden im Orient bereits l\u00e4nger als die weltber\u00fchmten Araberpferde gez\u00fcchtet.<\/p>\n\n\n\n<figure class=\"wp-block-image size-full\"><img loading=\"lazy\" decoding=\"async\" width=\"740\" height=\"400\" src=\"https:\/\/www.katar-information.de\/wp-content\/uploads\/2021\/02\/salukis-spielen-am-strand-in-katar.png\" alt=\"Salukis spielen am Strand (Wakrah Beach) in Katar\" class=\"wp-image-2489\" srcset=\"https:\/\/www.katar-information.de\/wp-content\/uploads\/2021\/02\/salukis-spielen-am-strand-in-katar.png 740w, https:\/\/www.katar-information.de\/wp-content\/uploads\/2021\/02\/salukis-spielen-am-strand-in-katar-300x162.png 300w\" sizes=\"auto, (max-width: 740px) 100vw, 740px\" \/><figcaption>Salukis spielen am Strand (Wakrah Beach) in Katar<\/figcaption><\/figure>\n\n\n\n<p>Die sehr schnellen und wendigen Sichtj\u00e4ger werden zu <strong>Jagd-Salukis <\/strong>ausgebildet. Diese Tiere sind im Gegensatz zu anderen Hunden sehr angesehen, da sie fr\u00fcher teilweise zum direkten Nahrungserwerb beitrugen. Solche gut ausgebildeten Jagt-Salukis schaffen es teilweise als vollwertige Mitglieder der Familien betrachtet zu werden und erwerben sich damit auch das Recht im Haus oder Zelt leben zu d\u00fcrfen.<\/p>\n\n\n\n<p>Die gewandten J\u00e4ger wurden urspr\u00fcnglich f\u00fcr die Jagd auf Hasen und Gazellen gez\u00fcchtet.<\/p>\n","protected":false},"excerpt":{"rendered":"<div class=\"slide-text-bg2\"><span>Salukis \u2013 persische Windhunde Allerdings werden in Katar auch Hunde bewusst gehalten. Dabei handelt es sich meist um Salukis. Salukis sind persische Wind<\/span><\/div>\n<div class=\"slide-btn-area-sm\"><a href=\"https:\/\/www.katar-information.de\/index.php\/mit-hund-in-katar\/salukis-persische-windhunde\/\" class=\"slide-btn-sm\">weiterlesen<\/a><\/div>\n","protected":false},"author":1,"featured_media":0,"parent":2389,"menu_order":50,"comment_status":"closed","ping_status":"closed","template":"","meta":{"footnotes":""},"class_list":["post-2485","page","type-page","status-publish","hentry"],"_links":{"self":[{"href":"https:\/\/www.katar-information.de\/index.php\/wp-json\/wp\/v2\/pages\/2485","targetHints":{"allow":["GET"]}}],"collection":[{"href":"https:\/\/www.katar-information.de\/index.php\/wp-json\/wp\/v2\/pages"}],"about":[{"href":"https:\/\/www.katar-information.de\/index.php\/wp-json\/wp\/v2\/types\/page"}],"author":[{"embeddable":true,"href":"https:\/\/www.katar-information.de\/index.php\/wp-json\/wp\/v2\/users\/1"}],"replies":[{"embeddable":true,"href":"https:\/\/www.katar-information.de\/index.php\/wp-json\/wp\/v2\/comments?post=2485"}],"version-history":[{"count":7,"href":"https:\/\/www.katar-information.de\/index.php\/wp-json\/wp\/v2\/pages\/2485\/revisions"}],"predecessor-version":[{"id":2497,"href":"https:\/\/www.katar-information.de\/index.php\/wp-json\/wp\/v2\/pages\/2485\/revisions\/2497"}],"up":[{"embeddable":true,"href":"https:\/\/www.katar-information.de\/index.php\/wp-json\/wp\/v2\/pages\/2389"}],"wp:attachment":[{"href":"https:\/\/www.katar-information.de\/index.php\/wp-json\/wp\/v2\/media?parent=2485"}],"curies":[{"name":"wp","href":"https:\/\/api.w.org\/{rel}","templated":true}]}}