{"id":2498,"date":"2021-02-22T20:36:53","date_gmt":"2021-02-22T19:36:53","guid":{"rendered":"https:\/\/www.katar-information.de\/?page_id=2498"},"modified":"2021-02-22T20:45:11","modified_gmt":"2021-02-22T19:45:11","slug":"salukis-in-der-wueste","status":"publish","type":"page","link":"https:\/\/www.katar-information.de\/index.php\/mit-hund-in-katar\/salukis-in-der-wueste\/","title":{"rendered":"Salukis in der W\u00fcste"},"content":{"rendered":"\n<h1 class=\"wp-block-heading\"><strong>Salukis in der W\u00fcste<\/strong><\/h1>\n\n\n\n<p>Besonders vorsichtig oder achtsam sollte man bei einem <a href=\"https:\/\/www.katar-information.de\/index.php\/mit-hund-in-katar\/ausfluge-mit-hund-in-katar\/\" data-type=\"page\" data-id=\"2458\"><strong>Trip in die W\u00fcste <\/strong><\/a>sein, bei dem man von einem Saluki begleitet wird. Der Saluki verf\u00fcgt \u00fcber einen extrem stark ausgepr\u00e4gten Jagdinstinkt. Sobald er eine potentielle Beute sieht, versucht er diese instinktiv zu jagen, unabh\u00e4ngig ob es ein Hase, eine Gazelle oder ein Vogel ist.<\/p>\n\n\n\n<figure class=\"wp-block-image size-full\"><img loading=\"lazy\" decoding=\"async\" width=\"740\" height=\"400\" src=\"https:\/\/www.katar-information.de\/wp-content\/uploads\/2021\/02\/nahaufnahme-eines-salukis.png\" alt=\"Nahaufnahme eines Salukis\" class=\"wp-image-2501\" srcset=\"https:\/\/www.katar-information.de\/wp-content\/uploads\/2021\/02\/nahaufnahme-eines-salukis.png 740w, https:\/\/www.katar-information.de\/wp-content\/uploads\/2021\/02\/nahaufnahme-eines-salukis-300x162.png 300w\" sizes=\"auto, (max-width: 740px) 100vw, 740px\" \/><figcaption>Nahaufnahme eines Salukis<\/figcaption><\/figure>\n\n\n\n<p>Selbst V\u00f6gel, die sogar schneller sind als der Saluki, werden von diesem verfolgt. Teilweise jagen Salukis V\u00f6gel so lange durch die W\u00fcste bis diese Notlanden m\u00fcssen.<\/p>\n\n\n\n<figure class=\"wp-block-image size-large is-style-default\"><img loading=\"lazy\" decoding=\"async\" width=\"740\" height=\"400\" src=\"https:\/\/www.katar-information.de\/wp-content\/uploads\/2021\/02\/salukis-spielen-am-strand-in-katar.png\" alt=\"Salukis spielen am Strand (Wakrah Beach) in Katar\" class=\"wp-image-2489\" srcset=\"https:\/\/www.katar-information.de\/wp-content\/uploads\/2021\/02\/salukis-spielen-am-strand-in-katar.png 740w, https:\/\/www.katar-information.de\/wp-content\/uploads\/2021\/02\/salukis-spielen-am-strand-in-katar-300x162.png 300w\" sizes=\"auto, (max-width: 740px) 100vw, 740px\" \/><figcaption>Salukis spielen am Strand (Wakrah Beach) in Katar<\/figcaption><\/figure>\n\n\n\n<p>Vor diesem Hintergrund kann es passieren, dass ein einmal frei jagender Saluki f\u00fcr sehr lange Zeit in der W\u00fcste verschwindet. Dem Besitzer bleibt nichts Anderes \u00fcbrig, als das Tier zu rufen bzw. auf dessen R\u00fcckkehr zu warten. Meist kommen die Tiere nach ihrem Ausflug zur\u00fcck, allerdings kann es oft Stunden dauern, da Salukis beim Start ihrer Jagd an chronischer Selbst\u00fcbersch\u00e4tzung leiden.<\/p>\n","protected":false},"excerpt":{"rendered":"<div class=\"slide-text-bg2\"><span>Salukis in der W\u00fcste Besonders vorsichtig oder achtsam sollte man bei einem Trip in die W\u00fcste sein, bei dem man von einem Saluki begleitet wird. Der Salu<\/span><\/div>\n<div class=\"slide-btn-area-sm\"><a href=\"https:\/\/www.katar-information.de\/index.php\/mit-hund-in-katar\/salukis-in-der-wueste\/\" class=\"slide-btn-sm\">weiterlesen<\/a><\/div>\n","protected":false},"author":1,"featured_media":0,"parent":2389,"menu_order":0,"comment_status":"closed","ping_status":"closed","template":"","meta":{"footnotes":""},"class_list":["post-2498","page","type-page","status-publish","hentry"],"_links":{"self":[{"href":"https:\/\/www.katar-information.de\/index.php\/wp-json\/wp\/v2\/pages\/2498","targetHints":{"allow":["GET"]}}],"collection":[{"href":"https:\/\/www.katar-information.de\/index.php\/wp-json\/wp\/v2\/pages"}],"about":[{"href":"https:\/\/www.katar-information.de\/index.php\/wp-json\/wp\/v2\/types\/page"}],"author":[{"embeddable":true,"href":"https:\/\/www.katar-information.de\/index.php\/wp-json\/wp\/v2\/users\/1"}],"replies":[{"embeddable":true,"href":"https:\/\/www.katar-information.de\/index.php\/wp-json\/wp\/v2\/comments?post=2498"}],"version-history":[{"count":3,"href":"https:\/\/www.katar-information.de\/index.php\/wp-json\/wp\/v2\/pages\/2498\/revisions"}],"predecessor-version":[{"id":2505,"href":"https:\/\/www.katar-information.de\/index.php\/wp-json\/wp\/v2\/pages\/2498\/revisions\/2505"}],"up":[{"embeddable":true,"href":"https:\/\/www.katar-information.de\/index.php\/wp-json\/wp\/v2\/pages\/2389"}],"wp:attachment":[{"href":"https:\/\/www.katar-information.de\/index.php\/wp-json\/wp\/v2\/media?parent=2498"}],"curies":[{"name":"wp","href":"https:\/\/api.w.org\/{rel}","templated":true}]}}