{"id":2506,"date":"2021-02-22T22:17:40","date_gmt":"2021-02-22T21:17:40","guid":{"rendered":"https:\/\/www.katar-information.de\/?page_id=2506"},"modified":"2021-02-22T22:24:34","modified_gmt":"2021-02-22T21:24:34","slug":"strassenhunde-in-doha","status":"publish","type":"page","link":"https:\/\/www.katar-information.de\/index.php\/mit-hund-in-katar\/strassenhunde-in-doha\/","title":{"rendered":"Stra\u00dfenhunde in Doha"},"content":{"rendered":"\n<h1 class=\"wp-block-heading\"><strong>Stra\u00dfenhunde in Doha<\/strong><\/h1>\n\n\n\n<p>Nach einer gewissen Zeit in <a href=\"https:\/\/www.katar-information.de\/index.php\/doha-die-hauptstadt-von-katar\/\" data-type=\"page\" data-id=\"525\"><strong>Doha<\/strong><\/a> und einigen Fahrten durch die Stadt, fallen dem Besucher in abseits gelegenen Stra\u00dfen immer wieder Gruppen freilaufender Hunde auf. <\/p>\n\n\n\n<p>Leider werden, wie auch in anderen L\u00e4ndern bzw. <a href=\"https:\/\/www.katar-information.de\/index.php\/katar-im-ueberblick\/staatsform-und-regierung-von-katar\/\" data-type=\"page\" data-id=\"692\"><strong>Kulturen<\/strong><\/a> die Tiere oft schon kurz nach der Geburt selektiert. Wird der <a href=\"https:\/\/www.katar-information.de\/index.php\/mit-hund-in-katar\/salukis-persische-windhunde\/\" data-type=\"page\" data-id=\"2485\"><strong>Salukis<\/strong><\/a> scheinbar zu klein, zu schwach oder mit anderem Makel geboren, wird oft seine \u201eEntsorgung\u201c angedacht. Ebenso werden alte oder zu langsame Tiere \u201eentsorgt\u201c. In manchen F\u00e4llen reicht der nicht vorhandene \u201eKuss Allahs\u201c (wei\u00dfen Fleck auf der Hundestirn).<\/p>\n\n\n\n<figure class=\"wp-block-image size-full is-style-default\"><img loading=\"lazy\" decoding=\"async\" width=\"740\" height=\"400\" src=\"https:\/\/www.katar-information.de\/wp-content\/uploads\/2021\/02\/strassenhund-in-doha.png\" alt=\"Strassenhund in Doha (Katar)\" class=\"wp-image-2510\" srcset=\"https:\/\/www.katar-information.de\/wp-content\/uploads\/2021\/02\/strassenhund-in-doha.png 740w, https:\/\/www.katar-information.de\/wp-content\/uploads\/2021\/02\/strassenhund-in-doha-300x162.png 300w\" sizes=\"auto, (max-width: 740px) 100vw, 740px\" \/><figcaption>Strassenhund in Doha (Katar)<\/figcaption><\/figure>\n\n\n\n<p>Die Entsorgung ist meist das Aussetzen des Tieres irgendwo direkt aus dem Auto. Daher enden viele Salukis auf den Stra\u00dfen Dohas, auf denen sie sich mit anderen Tieren finden, zusammenleben, Nachkommen in die Welt setzen und so gr\u00f6\u00dfer Streunerkolonien bilden. <\/p>\n\n\n\n<p>Die Anzahl der Streuner in Doha ist allerdings zu anderen St\u00e4dten \u00fcberschaubar. Daher werden die Streuner nicht als Problem betrachtet, welchem sich zum Beispiel staatliche Beh\u00f6rden annehmen.<\/p>\n","protected":false},"excerpt":{"rendered":"<div class=\"slide-text-bg2\"><span>Stra\u00dfenhunde in Doha Nach einer gewissen Zeit in Doha und einigen Fahrten durch die Stadt, fallen dem Besucher in abseits gelegenen Stra\u00dfen immer wieder <\/span><\/div>\n<div class=\"slide-btn-area-sm\"><a href=\"https:\/\/www.katar-information.de\/index.php\/mit-hund-in-katar\/strassenhunde-in-doha\/\" class=\"slide-btn-sm\">weiterlesen<\/a><\/div>\n","protected":false},"author":1,"featured_media":0,"parent":2389,"menu_order":60,"comment_status":"closed","ping_status":"closed","template":"","meta":{"footnotes":""},"class_list":["post-2506","page","type-page","status-publish","hentry"],"_links":{"self":[{"href":"https:\/\/www.katar-information.de\/index.php\/wp-json\/wp\/v2\/pages\/2506","targetHints":{"allow":["GET"]}}],"collection":[{"href":"https:\/\/www.katar-information.de\/index.php\/wp-json\/wp\/v2\/pages"}],"about":[{"href":"https:\/\/www.katar-information.de\/index.php\/wp-json\/wp\/v2\/types\/page"}],"author":[{"embeddable":true,"href":"https:\/\/www.katar-information.de\/index.php\/wp-json\/wp\/v2\/users\/1"}],"replies":[{"embeddable":true,"href":"https:\/\/www.katar-information.de\/index.php\/wp-json\/wp\/v2\/comments?post=2506"}],"version-history":[{"count":4,"href":"https:\/\/www.katar-information.de\/index.php\/wp-json\/wp\/v2\/pages\/2506\/revisions"}],"predecessor-version":[{"id":2514,"href":"https:\/\/www.katar-information.de\/index.php\/wp-json\/wp\/v2\/pages\/2506\/revisions\/2514"}],"up":[{"embeddable":true,"href":"https:\/\/www.katar-information.de\/index.php\/wp-json\/wp\/v2\/pages\/2389"}],"wp:attachment":[{"href":"https:\/\/www.katar-information.de\/index.php\/wp-json\/wp\/v2\/media?parent=2506"}],"curies":[{"name":"wp","href":"https:\/\/api.w.org\/{rel}","templated":true}]}}