{"id":2516,"date":"2021-02-22T22:41:43","date_gmt":"2021-02-22T21:41:43","guid":{"rendered":"https:\/\/www.katar-information.de\/?page_id=2516"},"modified":"2021-02-22T22:49:55","modified_gmt":"2021-02-22T21:49:55","slug":"ausflugsziele-mit-hund-in-katar","status":"publish","type":"page","link":"https:\/\/www.katar-information.de\/index.php\/mit-hund-in-katar\/ausflugsziele-mit-hund-in-katar\/","title":{"rendered":"Ausflugsziele mit Hund in Katar"},"content":{"rendered":"\n<h1 class=\"wp-block-heading\"><strong>Ausflugsziele mit Hund in Katar<\/strong><\/h1>\n\n\n\n<h2 class=\"wp-block-heading\"><strong>Wakrah Beach<\/strong><\/h2>\n\n\n\n<p>Der Al Wakrah Beach liegt etwa einen Kilometer in n\u00f6rdlicher Richtung vom Wakrah Souq entfernt. Neben dem Al Wakrah Beach existiert auch der Wakrah Family Beach. Durch die \u00e4hnlichen Namen werden beide Str\u00e4nde oft miteinander verwechselt. Der Al Wakrah Beach wird auch gern als AL Wakrah Dog Beach bezeichnet. Er ist mit Abstand das hundefreundlichste Areal in Katar und damit auch der beliebteste Strand f\u00fcr kurze Abstecher mit dem Vierbeiner. Gerade an Wochenende sind viele Hunde und ihre Besitzer anzutreffen, die gemeinsam die <a href=\"https:\/\/www.katar-information.de\/index.php\/urlaub-in-katar\/badestraende-in-katar\/\" data-type=\"page\" data-id=\"822\"><strong>Zeit am Strand genie\u00dfen<\/strong><\/a> und im Sand oder im Wasser entlang des K\u00fcstenstreifen spielen und herumtollen. Obwohl der Strand sehr gut besucht ist, ist es eine angenehme und ausgelassene Atmosph\u00e4re f\u00fcr Hund und Besitzer.<\/p>\n\n\n\n<h2 class=\"wp-block-heading\"><strong>Purple Island \u2013 Mangroven an K\u00fcstenstreifen<\/strong><\/h2>\n\n\n\n<p>Purple Island geh\u00f6rte zu den beliebtesten Anlaufstationen f\u00fcr Hundebesitzer. Allerdings wurde der Damm zur Insel abgerissen. Dadurch ist der Bereich nur noch bei Ebbe gut erreichbar. Allerdings k\u00f6nnen auch heute noch Hunde an dem K\u00fcstenstreifen mit seinen beeindruckenden Mangrovenw\u00e4ldern ausgef\u00fchrt werden. Allerdings ist dieses Gebiet auch ein beliebter Picknickplatz, besonders f\u00fcr Grillfeste bzw. Barbecues. Daher sollten Hundebesitzer besonders auf Grillreste achten.<\/p>\n\n\n\n<h2 class=\"wp-block-heading\"><strong>Brouq Naturschutzgebiet<\/strong><\/h2>\n\n\n\n<p>Das <strong>Brouq Naturschutzgebiet ist nur \u00fcber einen <\/strong>sehr holprigen und langen Anfahrtsweg zu erreichen, bei dem unbedingt ein Allradfahrzeug genutzt werden sollte. Das Naturschutzgebiet liegt in der N\u00e4he von Zekreet. In diesem Gebiet k\u00f6nnen sie lange und interessante Ausfl\u00fcge mit Hund unternehmen. Allerdings ist der Bereich ein UNESCO-Biosph\u00e4renreservat. In diesem leben die ber\u00fchmten Oryxe-Antilopen ebenso wie Strau\u00dfe. Hundebesitzer m\u00fcssen unbedingt die Sperrgebiete beachten und auch so achtsam sein, so dass keine der seltenen Tiere gest\u00f6rt oder gar Gelege von V\u00f6geln besch\u00e4digt werden. Diese Bereiche sind hinreichend durch entsprechende Schilder ausgewiesen. Daher bitte die Beschilderung beachten.<\/p>\n\n\n\n<h2 class=\"wp-block-heading\"><strong>The Pearl \u2013 Lange und schattige Gehwege zum flanieren<\/strong><\/h2>\n\n\n\n<p><a href=\"https:\/\/www.katar-information.de\/index.php\/doha-die-hauptstadt-von-katar\/the-pearl-in-doha\/\" data-type=\"page\" data-id=\"564\"><strong>The Pearl-Qatar<\/strong><\/a> ist einer der wenigen Bereiche in Doha mit langen und teilweise schattigen Gehwegen. Sie ist damit die ideale Gelegenheit um mit ihrem Hund zu flanieren. Andere Stadtbereiche mit kleineren Stra\u00dfen bzw. Gehwegen bieten diese M\u00f6glichkeit nur sehr begrenzt. Allerdings hat sich The Pearl als Geheimtip bei Hundebesitzern herumgesprochen, ebenso ist The Pearl ein Besuchermagnet, wodurch es immer etwas voll ist, was nicht jeder Hund mag.<\/p>\n\n\n\n<h2 class=\"wp-block-heading\"><strong>Corniche und der Sheraton Park<\/strong><\/h2>\n\n\n\n<p>Laut den Vorgaben des Department of Animal Resources sind Hunde leider in Gr\u00fcnanlagen und Parks entlang der <a href=\"https:\/\/www.katar-information.de\/index.php\/doha-die-hauptstadt-von-katar\/erscheinungsbild-dohas\/\" data-type=\"page\" data-id=\"939\"><strong>Corniche<\/strong><\/a> nicht gestattet. Allerdings sind Hundebesitzer vor allem mit kleineren Tieren oft entlang der Corniche zu sehen. Aktuell scheinen kleinere Hunde in diesem Bereich toleriert zu werden. Daher sollten Hundebesitzer wissen, dass der Spaziergang mit dem Hund in diesem Bereich nur toleriert wird und schnell verboten werden kann, z. B. wenn andere Menschen sich durch die Anwesenheit eines Hundes gest\u00f6rt oder bel\u00e4stigt f\u00fchlen.<\/p>\n\n\n\n<h2 class=\"wp-block-heading\"><strong>Fuwairat Beach<\/strong><\/h2>\n\n\n\n<p>Der Fuwairat Beach ist eigentlich ein wundersch\u00f6nes Ausflugsziel f\u00fcr Hundebesitzer und ihre vierbeinigen Begleiter. Allerdings ist der Fuwairat Beach einer der wenigen Orte, an denen Echte Karettschildkr\u00f6ten (Hawksbill-Schildkr\u00f6ten) ihre Nester bauen und Eier ablegen. Dies geschieht jedes Jahr im Fr\u00fchjahr. In dieser Zeit sollte die Gegend grundlegend gemieden werden. Viele Hundebesitzer meiden bewusst diesen Strand, um damit sicherzustellen, dass die vom Aussterben bedrohten Tiere nicht gest\u00f6rt oder gar verschreckt werden.<\/p>\n","protected":false},"excerpt":{"rendered":"<div class=\"slide-text-bg2\"><span>Ausflugsziele mit Hund in Katar Wakrah Beach Der Al Wakrah Beach liegt etwa einen Kilometer in n\u00f6rdlicher Richtung vom Wakrah Souq entfernt. Neben dem Al <\/span><\/div>\n<div class=\"slide-btn-area-sm\"><a href=\"https:\/\/www.katar-information.de\/index.php\/mit-hund-in-katar\/ausflugsziele-mit-hund-in-katar\/\" class=\"slide-btn-sm\">weiterlesen<\/a><\/div>\n","protected":false},"author":1,"featured_media":0,"parent":2389,"menu_order":70,"comment_status":"closed","ping_status":"closed","template":"","meta":{"footnotes":""},"class_list":["post-2516","page","type-page","status-publish","hentry"],"_links":{"self":[{"href":"https:\/\/www.katar-information.de\/index.php\/wp-json\/wp\/v2\/pages\/2516","targetHints":{"allow":["GET"]}}],"collection":[{"href":"https:\/\/www.katar-information.de\/index.php\/wp-json\/wp\/v2\/pages"}],"about":[{"href":"https:\/\/www.katar-information.de\/index.php\/wp-json\/wp\/v2\/types\/page"}],"author":[{"embeddable":true,"href":"https:\/\/www.katar-information.de\/index.php\/wp-json\/wp\/v2\/users\/1"}],"replies":[{"embeddable":true,"href":"https:\/\/www.katar-information.de\/index.php\/wp-json\/wp\/v2\/comments?post=2516"}],"version-history":[{"count":2,"href":"https:\/\/www.katar-information.de\/index.php\/wp-json\/wp\/v2\/pages\/2516\/revisions"}],"predecessor-version":[{"id":2519,"href":"https:\/\/www.katar-information.de\/index.php\/wp-json\/wp\/v2\/pages\/2516\/revisions\/2519"}],"up":[{"embeddable":true,"href":"https:\/\/www.katar-information.de\/index.php\/wp-json\/wp\/v2\/pages\/2389"}],"wp:attachment":[{"href":"https:\/\/www.katar-information.de\/index.php\/wp-json\/wp\/v2\/media?parent=2516"}],"curies":[{"name":"wp","href":"https:\/\/api.w.org\/{rel}","templated":true}]}}