{"id":2522,"date":"2021-04-04T19:47:10","date_gmt":"2021-04-04T17:47:10","guid":{"rendered":"https:\/\/www.katar-information.de\/?page_id=2522"},"modified":"2021-04-04T19:55:14","modified_gmt":"2021-04-04T17:55:14","slug":"sportwetten-wm-2022","status":"publish","type":"page","link":"https:\/\/www.katar-information.de\/index.php\/sportwetten-wm-2022\/","title":{"rendered":"Sportwetten FIFA WM 2022 in Katar"},"content":{"rendered":"\n<h2 class=\"wp-block-heading\"><strong>Wetten auf die Spiele der FIFA-WM 2022<\/strong><\/h2>\n\n\n\n<hr class=\"wp-block-separator\"\/>\n\n\n\n<p class=\"has-text-align-center\"><strong>Wetten auf Spiele der FIFA Weltmeisterschaft Endrunde 2022 in Katar<\/strong><\/p>\n\n\n\n<hr class=\"wp-block-separator\"\/>\n\n\n\n<p>Die n\u00e4chste Fu\u00dfballweltmeisterschaft wird unter besonderen Vorzeichen ausgetragen. Zum ersten Mal findet die WM-Endspielrunde wegen der <a href=\"https:\/\/www.katar-information.de\/index.php\/katar-im-ueberblick\/klima-in-katar\/\" data-type=\"page\" data-id=\"681\">hohen Temperaturen<\/a> nicht im Sommer statt, sondern im Winter. Die Endrunde startet am 21. November und endet am 18. Dezember 2022, also kurz vor Weihnachten.<\/p>\n\n\n\n<p>Ebenso ist es das erste Mal, dass eine Fu\u00dfball-WM nur ein Jahr nach der vorherigen EM stattfindet, da die EM 2020 wegen der Corona-Pandemie in Jahr 2021 verschoben wurde.<\/p>\n\n\n\n<p>Ob sich diese \u00c4nderungen auf die Wetten zur FIFA WM 2022 in Katar auswirken oder nicht, kann aktuell noch nicht gesagt werden.<\/p>\n\n\n\n<h2 class=\"wp-block-heading\">Wettanbieter zur Fussball-WM 2022<\/h2>\n\n\n\n<p>So werden verschiedenen Wettanbieter (Buchmacher) entsprechenden Wetten f\u00fcr die Fu\u00dfball-Weltmeisterschaft in Katar anbieten. Hierbei werden wie \u00fcblich unterschiedliche Wettangebote durch die Anbieter offeriert, wie z. B. allgemeine Wetten<\/p>\n\n\n\n<ul class=\"wp-block-list\"><li>auf den Turniersieger, sprich den Weltmeister des FIFA-Turnieres 2022<\/li><li>auf die weiteren Platzierungen bei der WM 2022<\/li><li>auf Gruppensiege sowie<\/li><li>auf Gewinner\/Verlierer\/Unentschieden<\/li><li>usw.<\/li><\/ul>\n\n\n\n<p>Neben diesen allgemeinen Wetten werden entsprechende Detailwetten angeboten, wie z. B die Wette<\/p>\n\n\n\n<ul class=\"wp-block-list\"><li>auf ein genaues Spielergebnis<\/li><li>die Anzahl von Eckb\u00e4llen, Fouls, Karten oder Platzverweisen<\/li><li>die Anzahl von Toren eines Spielers<\/li><li>usw.<\/li><\/ul>\n\n\n\n<h2 class=\"wp-block-heading\">Wetten aus Fussballspiele sind Gl\u00fcckspiel<\/h2>\n\n\n\n<p>Das <a href=\"https:\/\/www.katar-information.de\/index.php\/katar-im-ueberblick\/\">Emirat Katar<\/a> ist ein muslimisches Land mit entsprechenden Regeln und Vorgaben. Diese ber\u00fchren auch den Bereich des <a href=\"https:\/\/www.katar-information.de\/index.php\/katar-im-ueberblick\/rechtliche-lage-des-glueckspiels-in-katar\/\" data-type=\"page\" data-id=\"813\">Gl\u00fcckspiel<\/a>. Falls sie bei der FIFA WM 2022 vor Ort in Katar sind und wetten wollen, informieren sie sich bitte vorab \u00fcber die entsprechenden Verhaltensregeln.<\/p>\n","protected":false},"excerpt":{"rendered":"<div class=\"slide-text-bg2\"><span>Wetten auf die Spiele der FIFA-WM 2022 Wetten auf Spiele der FIFA Weltmeisterschaft Endrunde 2022 in Katar Die n\u00e4chste Fu\u00dfballweltmeisterschaft wird unte<\/span><\/div>\n<div class=\"slide-btn-area-sm\"><a href=\"https:\/\/www.katar-information.de\/index.php\/sportwetten-wm-2022\/\" class=\"slide-btn-sm\">weiterlesen<\/a><\/div>\n","protected":false},"author":1,"featured_media":0,"parent":0,"menu_order":0,"comment_status":"closed","ping_status":"closed","template":"","meta":{"footnotes":""},"class_list":["post-2522","page","type-page","status-publish","hentry"],"_links":{"self":[{"href":"https:\/\/www.katar-information.de\/index.php\/wp-json\/wp\/v2\/pages\/2522","targetHints":{"allow":["GET"]}}],"collection":[{"href":"https:\/\/www.katar-information.de\/index.php\/wp-json\/wp\/v2\/pages"}],"about":[{"href":"https:\/\/www.katar-information.de\/index.php\/wp-json\/wp\/v2\/types\/page"}],"author":[{"embeddable":true,"href":"https:\/\/www.katar-information.de\/index.php\/wp-json\/wp\/v2\/users\/1"}],"replies":[{"embeddable":true,"href":"https:\/\/www.katar-information.de\/index.php\/wp-json\/wp\/v2\/comments?post=2522"}],"version-history":[{"count":6,"href":"https:\/\/www.katar-information.de\/index.php\/wp-json\/wp\/v2\/pages\/2522\/revisions"}],"predecessor-version":[{"id":2535,"href":"https:\/\/www.katar-information.de\/index.php\/wp-json\/wp\/v2\/pages\/2522\/revisions\/2535"}],"wp:attachment":[{"href":"https:\/\/www.katar-information.de\/index.php\/wp-json\/wp\/v2\/media?parent=2522"}],"curies":[{"name":"wp","href":"https:\/\/api.w.org\/{rel}","templated":true}]}}