{"id":2538,"date":"2021-06-16T14:44:04","date_gmt":"2021-06-16T12:44:04","guid":{"rendered":"https:\/\/www.katar-information.de\/?page_id=2538"},"modified":"2021-06-16T15:20:20","modified_gmt":"2021-06-16T13:20:20","slug":"auto-mieten-in-katar-doha","status":"publish","type":"page","link":"https:\/\/www.katar-information.de\/index.php\/wissenwertes-zu-katar\/auto-mieten-in-katar-doha\/","title":{"rendered":"Auto mieten in Katar (Doha)"},"content":{"rendered":"\n<hr class=\"wp-block-separator\"\/>\n\n\n\n<p class=\"has-text-align-center has-vivid-red-color has-text-color\" style=\"font-size:18px\"><strong>Bitte \u00fcberpr\u00fcfen Sie bei jedem Mietwagen vor der Fahrt die Klimaanlage!<\/strong><\/p>\n\n\n\n<hr class=\"wp-block-separator\"\/>\n\n\n\n<figure class=\"wp-block-image size-large is-style-default\"><img loading=\"lazy\" decoding=\"async\" width=\"758\" height=\"474\" src=\"https:\/\/www.katar-information.de\/wp-content\/uploads\/2021\/06\/auto-in-katar-mieten.jpeg\" alt=\"Auto mieten in Katar\" class=\"wp-image-2545\" srcset=\"https:\/\/www.katar-information.de\/wp-content\/uploads\/2021\/06\/auto-in-katar-mieten.jpeg 758w, https:\/\/www.katar-information.de\/wp-content\/uploads\/2021\/06\/auto-in-katar-mieten-300x188.jpeg 300w\" sizes=\"auto, (max-width: 758px) 100vw, 758px\" \/><figcaption>Auto mieten in Katar<\/figcaption><\/figure>\n\n\n\n<h2 class=\"wp-block-heading\">Was kostet einen ein Mietwagen in Doha (Katar)?<\/h2>\n\n\n\n<p>Die g\u00fcnstigsten Mietwagenangebote in Katar liegen <\/p>\n\n\n\n<ul class=\"wp-block-list\"><li>ca. 30 Euro\/Tag bzw. <\/li><li>130Euro\/Woche (ca. 20 Euro\/Tag). <\/li><\/ul>\n\n\n\n<p>Hierbei handelt es sich meist um Fahrzeuge der Economy- oder Kompaktklasse. Allerdings sind diese g\u00fcnstigen Angebote nur f\u00fcr Fahrten in Doha oder anderen St\u00e4dten bzw. ausgebauten Stra\u00dfen zu empfehlen.<\/p>\n\n\n\n<hr class=\"wp-block-separator\"\/>\n\n\n\n<p class=\"has-text-align-center\" style=\"font-size:21px\"><strong>F\u00fcr einen Ausflug in die W\u00fcste sollte immer ein SUV gemietet werden.<\/strong><\/p>\n\n\n\n<hr class=\"wp-block-separator\"\/>\n\n\n\n<h2 class=\"wp-block-heading\">Wie alt muss ich sein, um ein Auto in Katar zu mieten?<\/h2>\n\n\n\n<p>Man muss 18 Jahre alt sein um ein Auto in Katar zu mieten. Oft werden bei jungen Mietern Sicherheitszuschl\u00e4ge berechnet.<\/p>\n\n\n\n<h2 class=\"wp-block-heading\">Tipps und Tricks bei der beim Anmieten eines Autos in Katar?<\/h2>\n\n\n\n<p>Idealerweise suchen und buchen Sie das Auto bereits im Vorfeld ihrer Reise online bei einem Autovermieter vor Ort bzw. bei einem der bekannten KFZ-Vermietern. Von einem kurzfristigen Anmieten ist abzuraten, da oft der gesuchte Fahrzeugtyp (SUV f\u00fcr W\u00fcstentripps) nicht mehr zur Verf\u00fcgung steht.<\/p>\n\n\n\n<p>Es ist zu vermeiden Fahrzeuge ohne einen Vergleich ein KFZ zu mieten.<\/p>\n\n\n\n<p>Ebenso sollten Autos nicht ad hoc an Locations angemietet werden, an welchen die Anfrage am h\u00f6chsten ist, wie z. B. am Flughafen. Ein direkter Preisvergleich von lokalen Anbietern lohnt sich immer.<\/p>\n\n\n\n<h2 class=\"wp-block-heading\">Welchen Fahrzeugtyp sollte ich in Katar mieten?<\/h2>\n\n\n\n<p>Eigentlich gibt es nur einen wichtigen Punkt der zu beachten ist. Wenn mit dem Mietwagen ein Trip in die W\u00fcste geplant ist, muss unbedingt ein SUV Allrad gemietet werden. Ein befahren der W\u00fcste mit einem anderen Fahrzeugtyp ist schlicht lebensgef\u00e4hrlich.<\/p>\n\n\n\n<p>Ist dieser Punkt irrelevant, sollte das Fahrzeug nach den gleichen Ma\u00dfst\u00e4ben gew\u00e4hlt werden, wie ein Mietwagen in einem anderen Land.<\/p>\n","protected":false},"excerpt":{"rendered":"<div class=\"slide-text-bg2\"><span>Bitte \u00fcberpr\u00fcfen Sie bei jedem Mietwagen vor der Fahrt die Klimaanlage! Was kostet einen ein Mietwagen in Doha (Katar)? Die g\u00fcnstigsten Mietwagenangebot<\/span><\/div>\n<div class=\"slide-btn-area-sm\"><a href=\"https:\/\/www.katar-information.de\/index.php\/wissenwertes-zu-katar\/auto-mieten-in-katar-doha\/\" class=\"slide-btn-sm\">weiterlesen<\/a><\/div>\n","protected":false},"author":1,"featured_media":0,"parent":2,"menu_order":100,"comment_status":"closed","ping_status":"closed","template":"","meta":{"footnotes":""},"class_list":["post-2538","page","type-page","status-publish","hentry"],"_links":{"self":[{"href":"https:\/\/www.katar-information.de\/index.php\/wp-json\/wp\/v2\/pages\/2538","targetHints":{"allow":["GET"]}}],"collection":[{"href":"https:\/\/www.katar-information.de\/index.php\/wp-json\/wp\/v2\/pages"}],"about":[{"href":"https:\/\/www.katar-information.de\/index.php\/wp-json\/wp\/v2\/types\/page"}],"author":[{"embeddable":true,"href":"https:\/\/www.katar-information.de\/index.php\/wp-json\/wp\/v2\/users\/1"}],"replies":[{"embeddable":true,"href":"https:\/\/www.katar-information.de\/index.php\/wp-json\/wp\/v2\/comments?post=2538"}],"version-history":[{"count":6,"href":"https:\/\/www.katar-information.de\/index.php\/wp-json\/wp\/v2\/pages\/2538\/revisions"}],"predecessor-version":[{"id":2548,"href":"https:\/\/www.katar-information.de\/index.php\/wp-json\/wp\/v2\/pages\/2538\/revisions\/2548"}],"up":[{"embeddable":true,"href":"https:\/\/www.katar-information.de\/index.php\/wp-json\/wp\/v2\/pages\/2"}],"wp:attachment":[{"href":"https:\/\/www.katar-information.de\/index.php\/wp-json\/wp\/v2\/media?parent=2538"}],"curies":[{"name":"wp","href":"https:\/\/api.w.org\/{rel}","templated":true}]}}