{"id":2576,"date":"2022-03-30T12:32:59","date_gmt":"2022-03-30T10:32:59","guid":{"rendered":"https:\/\/www.katar-information.de\/?page_id=2576"},"modified":"2022-04-30T18:48:05","modified_gmt":"2022-04-30T16:48:05","slug":"teilnehmende-teams-der-fussball-wm-2022","status":"publish","type":"page","link":"https:\/\/www.katar-information.de\/index.php\/teilnehmende-teams-der-fussball-wm-2022\/","title":{"rendered":"Teilnehmende Teams der Fu\u00dfball WM 2022"},"content":{"rendered":"\n<figure class=\"wp-block-image size-full is-style-default\"><img loading=\"lazy\" decoding=\"async\" width=\"600\" height=\"338\" src=\"https:\/\/www.katar-information.de\/wp-content\/uploads\/2022\/03\/fussball-wm-2022-katar-wm-pokal.jpg\" alt=\"WM Pokal - Fu\u00dfballweltmeisterschaft 2022 in Katar\" class=\"wp-image-2582\" srcset=\"https:\/\/www.katar-information.de\/wp-content\/uploads\/2022\/03\/fussball-wm-2022-katar-wm-pokal.jpg 600w, https:\/\/www.katar-information.de\/wp-content\/uploads\/2022\/03\/fussball-wm-2022-katar-wm-pokal-300x169.jpg 300w\" sizes=\"auto, (max-width: 600px) 100vw, 600px\" \/><figcaption>WM Pokal &#8211; Fu\u00dfballweltmeisterschaft 2022 in Katar<\/figcaption><\/figure>\n\n\n\n<h2 class=\"wp-block-heading\">Teams der FIFA-Fu\u00dfball WM 2022<\/h2>\n\n\n\n<p>Nach den abgeschlossenen Qualifikationsspielen steht fest, welche Mannschaften an der der Fu\u00dfballweltmeisterschaft Fu\u00dfball WM 2022 in Katar teilnehmen.<\/p>\n\n\n\n<hr class=\"wp-block-separator\"\/>\n\n\n\n<div class=\"wp-block-buttons is-content-justification-center is-layout-flex wp-container-core-buttons-is-layout-16018d1d wp-block-buttons-is-layout-flex\">\n<div class=\"wp-block-button has-custom-width wp-block-button__width-50 has-custom-font-size has-medium-font-size\"><a class=\"wp-block-button__link has-background\" href=\"https:\/\/www.katar-information.de\/index.php\/fifa-fussball-wm-2022-in-katar\/wm-tickets-kauf\/\" style=\"background-color:#910b54\">\u00bb FIFA-WM Tickets kaufen<\/a><\/div>\n<\/div>\n\n\n\n<hr class=\"wp-block-separator\"\/>\n\n\n\n<p><strong>Aus Europa nehmen folgende Teams an der FIFA WM 2022 teil:<\/strong><\/p>\n\n\n\n<ul class=\"wp-block-list\"><li>Deutschland<\/li><li>D\u00e4nemark<\/li><li>Frankreich<\/li><li>Belgien<\/li><li>Kroatien<\/li><li>Spanien<\/li><li>Serbien<\/li><li>Schweiz<\/li><li>England<\/li><li>Niederlande<\/li><li>Polen<\/li><li>Portugal<\/li><li>Ausstehendes Final-Duell: Wales gegen Sieger aus Schottland &#8211; Ukraine (wird im Juni nachgeholt)<\/li><\/ul>\n\n\n\n<p><\/p>\n\n\n\n<p><strong>Aus Nord- und Mittelamerika\/Karibik nehmen folgende Teams teil:<\/strong><\/p>\n\n\n\n<ul class=\"wp-block-list\"><li>Kanada<\/li><\/ul>\n\n\n\n<p><\/p>\n\n\n\n<p><strong>Aus S\u00fcdamerika nehmen folgende Teams an der FIFA Fu\u00dfballweltmeisterschaft in Katar 2022 teil:<\/strong><\/p>\n\n\n\n<ul class=\"wp-block-list\"><li>Brasilien<\/li><li>Argentinien<\/li><li>Ecuador<\/li><li>Uruguay<\/li><\/ul>\n\n\n\n<p><\/p>\n\n\n\n<p><strong>Aus Asien nehmen folgende Teams an der Fu\u00dfball WM 2022 teil:<\/strong><\/p>\n\n\n\n<ul class=\"wp-block-list\"><li>Katar (Gastgeber)<\/li><li>Iran<\/li><li>S\u00fcdkorea<\/li><li>Japan<\/li><li>Saudi-Arabien<\/li><\/ul>\n\n\n\n<p><\/p>\n\n\n\n<p><strong>Aus Afrika nehmen folgende Teams an der Fu\u00dfball WM 2022 in Katar teil:<\/strong><\/p>\n\n\n\n<ul class=\"wp-block-list\"><li>Ghana<\/li><li>Senegal<\/li><li>Marokko<\/li><li>Tunesien<\/li><li>Kamerun<\/li><\/ul>\n\n\n\n<p><\/p>\n\n\n\n<p>Am Freitag dem 01.04.2022 werden die Gruppen f\u00fcr die Vorrundenspiele der Fu\u00dfball WM 2022 ausgelost.<\/p>\n","protected":false},"excerpt":{"rendered":"<div class=\"slide-text-bg2\"><span>Teams der FIFA-Fu\u00dfball WM 2022 Nach den abgeschlossenen Qualifikationsspielen steht fest, welche Mannschaften an der der Fu\u00dfballweltmeisterschaft Fu\u00dfbal<\/span><\/div>\n<div class=\"slide-btn-area-sm\"><a href=\"https:\/\/www.katar-information.de\/index.php\/teilnehmende-teams-der-fussball-wm-2022\/\" class=\"slide-btn-sm\">weiterlesen<\/a><\/div>\n","protected":false},"author":1,"featured_media":0,"parent":0,"menu_order":0,"comment_status":"closed","ping_status":"closed","template":"","meta":{"footnotes":""},"class_list":["post-2576","page","type-page","status-publish","hentry"],"_links":{"self":[{"href":"https:\/\/www.katar-information.de\/index.php\/wp-json\/wp\/v2\/pages\/2576","targetHints":{"allow":["GET"]}}],"collection":[{"href":"https:\/\/www.katar-information.de\/index.php\/wp-json\/wp\/v2\/pages"}],"about":[{"href":"https:\/\/www.katar-information.de\/index.php\/wp-json\/wp\/v2\/types\/page"}],"author":[{"embeddable":true,"href":"https:\/\/www.katar-information.de\/index.php\/wp-json\/wp\/v2\/users\/1"}],"replies":[{"embeddable":true,"href":"https:\/\/www.katar-information.de\/index.php\/wp-json\/wp\/v2\/comments?post=2576"}],"version-history":[{"count":9,"href":"https:\/\/www.katar-information.de\/index.php\/wp-json\/wp\/v2\/pages\/2576\/revisions"}],"predecessor-version":[{"id":2715,"href":"https:\/\/www.katar-information.de\/index.php\/wp-json\/wp\/v2\/pages\/2576\/revisions\/2715"}],"wp:attachment":[{"href":"https:\/\/www.katar-information.de\/index.php\/wp-json\/wp\/v2\/media?parent=2576"}],"curies":[{"name":"wp","href":"https:\/\/api.w.org\/{rel}","templated":true}]}}