{"id":2602,"date":"2022-04-27T17:24:55","date_gmt":"2022-04-27T15:24:55","guid":{"rendered":"https:\/\/www.katar-information.de\/?page_id=2602"},"modified":"2022-04-30T17:29:19","modified_gmt":"2022-04-30T15:29:19","slug":"wm-tickets-kauf","status":"publish","type":"page","link":"https:\/\/www.katar-information.de\/index.php\/fifa-fussball-wm-2022-in-katar\/wm-tickets-kauf\/","title":{"rendered":"WM Tickets kaufen (How to)"},"content":{"rendered":"\n<h2 class=\"wp-block-heading\"> How to &#8211; Tickets f\u00fcr die FIFA WM 2022 in Katar online kaufen<\/h2>\n\n\n\n<p>Um bei der Weltmeisterschaft 2022 in Katar Spiele besuchen zu k\u00f6nne, ben\u00f6tigt man Tickets. Diese Tickets k\u00f6nne auf der Website der FIFA online bestellt werden.<\/p>\n\n\n\n<hr class=\"wp-block-separator\"\/>\n\n\n\n<p class=\"has-text-align-center\">&#8211; Wie bestellt man WM Tickets online? &#8211;  <\/p>\n\n\n\n<hr class=\"wp-block-separator\"\/>\n\n\n\n<h2 class=\"wp-block-heading\">Einzelne Schritte<\/h2>\n\n\n\n<p><strong>Voraussetzung:<\/strong> Account am FIFA-Portal<\/p>\n\n\n\n<p>I) Einloggen beim FIFA-Portal<\/p>\n\n\n\n<p>II) WM-Tickets bestellen<\/p>\n\n\n\n<p><\/p>\n\n\n\n<hr class=\"wp-block-separator\"\/>\n\n\n\n<h2 class=\"wp-block-heading\"> I) Einloggen am FIFA-Portal <\/h2>\n\n\n\n<p>Wie komme ich zum FIFA-Portal?<\/p>\n\n\n\n<p><strong>Voraussetzung: <\/strong>Als Nutzer besitzt du einen Account beim FIFA Portal. Falls nicht musst du im ersten Schritt, dich am FIFA-Portal registrieren.<\/p>\n\n\n\n<ol class=\"wp-block-list\"><li>https:\/\/www.fifa.com\/de aufrufen<\/li><li>Button &#8222;Login&#8220; damit kommst du zu https:\/\/account.fifa.com<\/li><\/ol>\n\n\n\n<figure class=\"wp-block-image size-full is-style-default\"><img loading=\"lazy\" decoding=\"async\" width=\"730\" height=\"542\" src=\"https:\/\/www.katar-information.de\/wp-content\/uploads\/2022\/04\/FIFA-WM-Tickets-online-bestellen-Login-am-FIFA-Portal.png\" alt=\"FIFA WM-Tickets online bestellen - Login am FIFA-Portal\" class=\"wp-image-2631\" srcset=\"https:\/\/www.katar-information.de\/wp-content\/uploads\/2022\/04\/FIFA-WM-Tickets-online-bestellen-Login-am-FIFA-Portal.png 730w, https:\/\/www.katar-information.de\/wp-content\/uploads\/2022\/04\/FIFA-WM-Tickets-online-bestellen-Login-am-FIFA-Portal-300x223.png 300w\" sizes=\"auto, (max-width: 730px) 100vw, 730px\" \/><figcaption>FIFA WM-Tickets online bestellen &#8211; Login am FIFA-Portal<\/figcaption><\/figure>\n\n\n\n<h2 class=\"wp-block-heading\">II) WM-Tickets bestellen<\/h2>\n\n\n\n<ul class=\"wp-block-list\"><li>Ablauf<\/li><li>Ticketarten<\/li><\/ul>\n\n\n\n<p><\/p>\n\n\n\n<hr class=\"wp-block-separator\"\/>\n\n\n\n<h2 class=\"wp-block-heading\">Beim FIFA Portal registrieren (anmelden)<\/h2>\n\n\n\n<p>Hast du noch keinen Account beim FIFA-Portal, musst du diesen vorab anlegen.<\/p>\n\n\n\n<p>Ein Account am FIFA-Portal ist zwingend notwendig um WM-Karten bestellen zu k\u00f6nnen<\/p>\n\n\n\n<p>Wie kann ich mich am FIFA-Portal anmelden\/registrieren? <a href=\"https:\/\/www.katar-information.de\/index.php\/fifa-fussball-wm-2022-in-katar\/am-fifa-portal-registrieren\/\">\u00bb Hinweise Registrieren am FIFA-Portal<\/a><\/p>\n\n\n\n<figure class=\"wp-block-image size-full is-style-default\"><img loading=\"lazy\" decoding=\"async\" width=\"638\" height=\"449\" src=\"https:\/\/www.katar-information.de\/wp-content\/uploads\/2022\/04\/WM-Tickets-online-bestellen-FIFA-Portal-registrieren.png\" alt=\"FIFA WM-Tickets online bestellen - registrieren\" class=\"wp-image-2599\" srcset=\"https:\/\/www.katar-information.de\/wp-content\/uploads\/2022\/04\/WM-Tickets-online-bestellen-FIFA-Portal-registrieren.png 638w, https:\/\/www.katar-information.de\/wp-content\/uploads\/2022\/04\/WM-Tickets-online-bestellen-FIFA-Portal-registrieren-300x211.png 300w\" sizes=\"auto, (max-width: 638px) 100vw, 638px\" \/><figcaption>FIFA WM-Tickets online bestellen &#8211; registrieren<\/figcaption><\/figure>\n\n\n\n<p><\/p>\n\n\n\n<h2 class=\"wp-block-heading\"> <\/h2>\n\n\n\n<p><\/p>\n","protected":false},"excerpt":{"rendered":"<div class=\"slide-text-bg2\"><span>How to &#8211; Tickets f\u00fcr die FIFA WM 2022 in Katar online kaufen Um bei der Weltmeisterschaft 2022 in Katar Spiele besuchen zu k\u00f6nne, ben\u00f6tigt man Tic<\/span><\/div>\n<div class=\"slide-btn-area-sm\"><a href=\"https:\/\/www.katar-information.de\/index.php\/fifa-fussball-wm-2022-in-katar\/wm-tickets-kauf\/\" class=\"slide-btn-sm\">weiterlesen<\/a><\/div>\n","protected":false},"author":1,"featured_media":0,"parent":35,"menu_order":5,"comment_status":"closed","ping_status":"closed","template":"","meta":{"footnotes":""},"class_list":["post-2602","page","type-page","status-publish","hentry"],"_links":{"self":[{"href":"https:\/\/www.katar-information.de\/index.php\/wp-json\/wp\/v2\/pages\/2602","targetHints":{"allow":["GET"]}}],"collection":[{"href":"https:\/\/www.katar-information.de\/index.php\/wp-json\/wp\/v2\/pages"}],"about":[{"href":"https:\/\/www.katar-information.de\/index.php\/wp-json\/wp\/v2\/types\/page"}],"author":[{"embeddable":true,"href":"https:\/\/www.katar-information.de\/index.php\/wp-json\/wp\/v2\/users\/1"}],"replies":[{"embeddable":true,"href":"https:\/\/www.katar-information.de\/index.php\/wp-json\/wp\/v2\/comments?post=2602"}],"version-history":[{"count":19,"href":"https:\/\/www.katar-information.de\/index.php\/wp-json\/wp\/v2\/pages\/2602\/revisions"}],"predecessor-version":[{"id":2680,"href":"https:\/\/www.katar-information.de\/index.php\/wp-json\/wp\/v2\/pages\/2602\/revisions\/2680"}],"up":[{"embeddable":true,"href":"https:\/\/www.katar-information.de\/index.php\/wp-json\/wp\/v2\/pages\/35"}],"wp:attachment":[{"href":"https:\/\/www.katar-information.de\/index.php\/wp-json\/wp\/v2\/media?parent=2602"}],"curies":[{"name":"wp","href":"https:\/\/api.w.org\/{rel}","templated":true}]}}