{"id":2613,"date":"2022-04-27T17:50:16","date_gmt":"2022-04-27T15:50:16","guid":{"rendered":"https:\/\/www.katar-information.de\/?page_id=2613"},"modified":"2022-04-27T18:29:30","modified_gmt":"2022-04-27T16:29:30","slug":"am-fifa-portal-registrieren","status":"publish","type":"page","link":"https:\/\/www.katar-information.de\/index.php\/fifa-fussball-wm-2022-in-katar\/am-fifa-portal-registrieren\/","title":{"rendered":"Am FIFA-Portal registrieren (How to)"},"content":{"rendered":"\n<h2 class=\"wp-block-heading\">How to &#8211; Anmeldung am FIFA-Portal<\/h2>\n\n\n\n<p>Um Karten f\u00fcr die WM 2022 in Katar kaufen zu k\u00f6nnen, muss man \u00fcber einen Account beim FIFA-Portal verf\u00fcgen. Hierzu muss man sich zuvor am FIFA-Portal registriert. Folgen ein kurzes Tutorial zu Registrierung am FIFA-Portal.<\/p>\n\n\n\n<hr class=\"wp-block-separator\"\/>\n\n\n\n<p class=\"has-text-align-center\">Wie registriere ich mich am FIFA-Portal?<\/p>\n\n\n\n<hr class=\"wp-block-separator\"\/>\n\n\n\n<ol class=\"wp-block-list\"><li>https:\/\/account.fifa.com\/ aufrufen &gt; &#8222;Mit einer E-Mail-Adresse Registrieren&#8220; klicken<\/li><\/ol>\n\n\n\n<figure class=\"wp-block-image size-full is-style-default\"><img loading=\"lazy\" decoding=\"async\" width=\"579\" height=\"507\" src=\"https:\/\/www.katar-information.de\/wp-content\/uploads\/2022\/04\/FIFA-WM-Ticket-kaufen-FIFA-Portal-registrieren-00.png\" alt=\"FIFA WM-Ticket kaufen - beim FIFA-Portal registrieren\" class=\"wp-image-2618\" srcset=\"https:\/\/www.katar-information.de\/wp-content\/uploads\/2022\/04\/FIFA-WM-Ticket-kaufen-FIFA-Portal-registrieren-00.png 579w, https:\/\/www.katar-information.de\/wp-content\/uploads\/2022\/04\/FIFA-WM-Ticket-kaufen-FIFA-Portal-registrieren-00-300x263.png 300w\" sizes=\"auto, (max-width: 579px) 100vw, 579px\" \/><figcaption>FIFA WM-Ticket kaufen &#8211; beim FIFA-Portal registrieren<\/figcaption><\/figure>\n\n\n\n<p><\/p>\n\n\n\n<p>2. Eingabe der relevanten Daten &gt; Button &#8222;Weiter&#8220; klicken <\/p>\n\n\n\n<figure class=\"wp-block-image size-full is-resized is-style-default\"><img loading=\"lazy\" decoding=\"async\" src=\"https:\/\/www.katar-information.de\/wp-content\/uploads\/2022\/04\/FIFA-WM-Ticket-kaufen-FIFA-Portal-registrieren-01.png\" alt=\"FIFA WM-Ticket kaufen - beim FIFA-Portal registrieren\" class=\"wp-image-2617\" width=\"779\" height=\"585\" srcset=\"https:\/\/www.katar-information.de\/wp-content\/uploads\/2022\/04\/FIFA-WM-Ticket-kaufen-FIFA-Portal-registrieren-01.png 1038w, https:\/\/www.katar-information.de\/wp-content\/uploads\/2022\/04\/FIFA-WM-Ticket-kaufen-FIFA-Portal-registrieren-01-300x225.png 300w, https:\/\/www.katar-information.de\/wp-content\/uploads\/2022\/04\/FIFA-WM-Ticket-kaufen-FIFA-Portal-registrieren-01-1024x769.png 1024w, https:\/\/www.katar-information.de\/wp-content\/uploads\/2022\/04\/FIFA-WM-Ticket-kaufen-FIFA-Portal-registrieren-01-768x577.png 768w\" sizes=\"auto, (max-width: 779px) 100vw, 779px\" \/><figcaption>FIFA WM-Ticket kaufen &#8211; beim FIFA-Portal registrieren<\/figcaption><\/figure>\n\n\n\n<p>3. f\u00fcr Nachrichten anmelden (optional) &gt; Button &#8222;Weiter&#8220; klicken  <\/p>\n\n\n\n<p>4. Nutzungsbedingungen akzeptieren (scrollen) &gt; Button &#8222;Weiter&#8220; klicken<\/p>\n\n\n\n<figure class=\"wp-block-image size-full is-resized is-style-default\"><img loading=\"lazy\" decoding=\"async\" src=\"https:\/\/www.katar-information.de\/wp-content\/uploads\/2022\/04\/FIFA-WM-Ticket-kaufen-FIFA-Portal-registrieren-02.png\" alt=\"FIFA WM-Ticket kaufen - beim FIFA-Portal registrieren\" class=\"wp-image-2623\" width=\"1002\" height=\"590\" srcset=\"https:\/\/www.katar-information.de\/wp-content\/uploads\/2022\/04\/FIFA-WM-Ticket-kaufen-FIFA-Portal-registrieren-02.png 1336w, https:\/\/www.katar-information.de\/wp-content\/uploads\/2022\/04\/FIFA-WM-Ticket-kaufen-FIFA-Portal-registrieren-02-300x176.png 300w, https:\/\/www.katar-information.de\/wp-content\/uploads\/2022\/04\/FIFA-WM-Ticket-kaufen-FIFA-Portal-registrieren-02-1024x602.png 1024w, https:\/\/www.katar-information.de\/wp-content\/uploads\/2022\/04\/FIFA-WM-Ticket-kaufen-FIFA-Portal-registrieren-02-768x452.png 768w\" sizes=\"auto, (max-width: 1002px) 100vw, 1002px\" \/><figcaption>FIFA WM-Ticket kaufen &#8211; beim FIFA-Portal registrieren<\/figcaption><\/figure>\n\n\n\n<p><\/p>\n\n\n\n<p>5. Datenschutzrichtlinien akzeptieren (scrollen) &gt; Button &#8222;Weiter&#8220; klicken <\/p>\n\n\n\n<p>6. Email-Adresse verifizieren<\/p>\n\n\n\n<ul class=\"wp-block-list\"><li>Email-Adresse eingeben<\/li><li>Button &#8222;\u00dcberpr\u00fcfungscode zusenden&#8220; klicken<\/li><li>dann zum eigenen Email-Postfach gehen, dort wurde der Code hingesendet, Code kopieren<\/li><li>im Feld \u00dcberpr\u00fcfscode eingeben<\/li><li>Button &#8222;Weiter&#8220; klicken<\/li><\/ul>\n\n\n\n<figure class=\"wp-block-image size-full is-resized is-style-default\"><img loading=\"lazy\" decoding=\"async\" src=\"https:\/\/www.katar-information.de\/wp-content\/uploads\/2022\/04\/FIFA-WM-Ticket-kaufen-FIFA-Portal-registrieren-03.png\" alt=\"FIFA WM-Ticket kaufen - beim FIFA-Portal registrieren\" class=\"wp-image-2624\" width=\"1032\" height=\"586\" srcset=\"https:\/\/www.katar-information.de\/wp-content\/uploads\/2022\/04\/FIFA-WM-Ticket-kaufen-FIFA-Portal-registrieren-03.png 1376w, https:\/\/www.katar-information.de\/wp-content\/uploads\/2022\/04\/FIFA-WM-Ticket-kaufen-FIFA-Portal-registrieren-03-300x170.png 300w, https:\/\/www.katar-information.de\/wp-content\/uploads\/2022\/04\/FIFA-WM-Ticket-kaufen-FIFA-Portal-registrieren-03-1024x581.png 1024w, https:\/\/www.katar-information.de\/wp-content\/uploads\/2022\/04\/FIFA-WM-Ticket-kaufen-FIFA-Portal-registrieren-03-768x436.png 768w\" sizes=\"auto, (max-width: 1032px) 100vw, 1032px\" \/><figcaption>FIFA WM-Ticket kaufen &#8211; beim FIFA-Portal registrieren<\/figcaption><\/figure>\n\n\n\n<p>Jetzt bist du am FIFA-Portal registriert und kannst <a href=\"https:\/\/www.katar-information.de\/index.php\/fifa-fussball-wm-2022-in-katar\/wm-tickets-kauf\/\" data-type=\"page\" data-id=\"2602\">Tickets f\u00fcr die Weltmeisterschaft 2022 in Katar bestellen<\/a>.<\/p>\n\n\n\n<p><\/p>\n","protected":false},"excerpt":{"rendered":"<div class=\"slide-text-bg2\"><span>How to &#8211; Anmeldung am FIFA-Portal Um Karten f\u00fcr die WM 2022 in Katar kaufen zu k\u00f6nnen, muss man \u00fcber einen Account beim FIFA-Portal verf\u00fcgen. Hie<\/span><\/div>\n<div class=\"slide-btn-area-sm\"><a href=\"https:\/\/www.katar-information.de\/index.php\/fifa-fussball-wm-2022-in-katar\/am-fifa-portal-registrieren\/\" class=\"slide-btn-sm\">weiterlesen<\/a><\/div>\n","protected":false},"author":1,"featured_media":0,"parent":35,"menu_order":6,"comment_status":"closed","ping_status":"closed","template":"","meta":{"footnotes":""},"class_list":["post-2613","page","type-page","status-publish","hentry"],"_links":{"self":[{"href":"https:\/\/www.katar-information.de\/index.php\/wp-json\/wp\/v2\/pages\/2613","targetHints":{"allow":["GET"]}}],"collection":[{"href":"https:\/\/www.katar-information.de\/index.php\/wp-json\/wp\/v2\/pages"}],"about":[{"href":"https:\/\/www.katar-information.de\/index.php\/wp-json\/wp\/v2\/types\/page"}],"author":[{"embeddable":true,"href":"https:\/\/www.katar-information.de\/index.php\/wp-json\/wp\/v2\/users\/1"}],"replies":[{"embeddable":true,"href":"https:\/\/www.katar-information.de\/index.php\/wp-json\/wp\/v2\/comments?post=2613"}],"version-history":[{"count":13,"href":"https:\/\/www.katar-information.de\/index.php\/wp-json\/wp\/v2\/pages\/2613\/revisions"}],"predecessor-version":[{"id":2649,"href":"https:\/\/www.katar-information.de\/index.php\/wp-json\/wp\/v2\/pages\/2613\/revisions\/2649"}],"up":[{"embeddable":true,"href":"https:\/\/www.katar-information.de\/index.php\/wp-json\/wp\/v2\/pages\/35"}],"wp:attachment":[{"href":"https:\/\/www.katar-information.de\/index.php\/wp-json\/wp\/v2\/media?parent=2613"}],"curies":[{"name":"wp","href":"https:\/\/api.w.org\/{rel}","templated":true}]}}