{"id":2730,"date":"2022-05-01T20:42:48","date_gmt":"2022-05-01T18:42:48","guid":{"rendered":"https:\/\/www.katar-information.de\/?page_id=2730"},"modified":"2022-05-01T20:45:41","modified_gmt":"2022-05-01T18:45:41","slug":"hayya-card-fan-id-fuer-die-fifa-wm-in-katar-2022","status":"publish","type":"page","link":"https:\/\/www.katar-information.de\/index.php\/hayya-card-fan-id-fuer-die-fifa-wm-in-katar-2022\/","title":{"rendered":"Hay\u2019ya Card (Fan ID)"},"content":{"rendered":"\n<h2 class=\"wp-block-heading\">Hay\u2019ya Card &#8211; Fan ID f\u00fcr die WM in Katar<\/h2>\n\n\n\n<p>Die Hay\u2019ya Card (Fan ID) ist f\u00fcr ausl\u00e4ndische Fu\u00dfball-Fans zwingen notwendig, um Einlass in die WM-Stadien bei der FIFA-WM in Katar zu erhalten.<\/p>\n\n\n\n<hr class=\"wp-block-separator\"\/>\n\n\n\n<p class=\"has-text-align-center has-vivid-red-color has-text-color\"><strong>Hay\u2019ya Card (Fan ID) zwingend n\u00f6tig!<\/strong><\/p>\n\n\n\n<hr class=\"wp-block-separator\"\/>\n\n\n\n<p>Weitere Informationen zur Hay\u2019ya Card (Fan ID) werden hier in K\u00fcrze ver\u00f6ffentlicht.<\/p>\n","protected":false},"excerpt":{"rendered":"<div class=\"slide-text-bg2\"><span>Hay\u2019ya Card &#8211; Fan ID f\u00fcr die WM in Katar Die Hay\u2019ya Card (Fan ID) ist f\u00fcr ausl\u00e4ndische Fu\u00dfball-Fans zwingen notwendig, um Einlass in die WM-S<\/span><\/div>\n<div class=\"slide-btn-area-sm\"><a href=\"https:\/\/www.katar-information.de\/index.php\/hayya-card-fan-id-fuer-die-fifa-wm-in-katar-2022\/\" class=\"slide-btn-sm\">weiterlesen<\/a><\/div>\n","protected":false},"author":1,"featured_media":0,"parent":0,"menu_order":0,"comment_status":"closed","ping_status":"closed","template":"","meta":{"footnotes":""},"class_list":["post-2730","page","type-page","status-publish","hentry"],"_links":{"self":[{"href":"https:\/\/www.katar-information.de\/index.php\/wp-json\/wp\/v2\/pages\/2730","targetHints":{"allow":["GET"]}}],"collection":[{"href":"https:\/\/www.katar-information.de\/index.php\/wp-json\/wp\/v2\/pages"}],"about":[{"href":"https:\/\/www.katar-information.de\/index.php\/wp-json\/wp\/v2\/types\/page"}],"author":[{"embeddable":true,"href":"https:\/\/www.katar-information.de\/index.php\/wp-json\/wp\/v2\/users\/1"}],"replies":[{"embeddable":true,"href":"https:\/\/www.katar-information.de\/index.php\/wp-json\/wp\/v2\/comments?post=2730"}],"version-history":[{"count":2,"href":"https:\/\/www.katar-information.de\/index.php\/wp-json\/wp\/v2\/pages\/2730\/revisions"}],"predecessor-version":[{"id":2734,"href":"https:\/\/www.katar-information.de\/index.php\/wp-json\/wp\/v2\/pages\/2730\/revisions\/2734"}],"wp:attachment":[{"href":"https:\/\/www.katar-information.de\/index.php\/wp-json\/wp\/v2\/media?parent=2730"}],"curies":[{"name":"wp","href":"https:\/\/api.w.org\/{rel}","templated":true}]}}