{"id":284,"date":"2017-01-07T14:51:22","date_gmt":"2017-01-07T13:51:22","guid":{"rendered":"http:\/\/www.katar-information.de\/?page_id=284"},"modified":"2018-06-25T11:41:11","modified_gmt":"2018-06-25T09:41:11","slug":"airport-hotel-im-hamad-international-airport-doha","status":"publish","type":"page","link":"https:\/\/www.katar-information.de\/index.php\/hamad-international-airport-in-doha\/airport-hotel-im-hamad-international-airport-doha\/","title":{"rendered":"Airport Hotel im\u00a0Hamad International Airport (Doha)"},"content":{"rendered":"<h2>Airport Hotel im\u00a0Hamad International Airport<\/h2>\n<p>Neben verschiedenen Hotels in Doha steht Flugreisenden das\u00a0Airport Hotel direkt im\u00a0Hamad International Airport zur Verf\u00fcgung. Das Airport Hotel \u00fcberzeugt durch seinen Komfort sowie High-Level-Service. Es befindet sich im Airport Hotel direkt im\u00a0Hamad International Airport, so dass der Reisende bei einer \u00dcbernachtung in Doha nicht den Security-Bereich (Sicherheitsbereich) verlassen muss.<\/p>\n<div id=\"attachment_430\" style=\"width: 810px\" class=\"wp-caption aligncenter\"><img loading=\"lazy\" decoding=\"async\" aria-describedby=\"caption-attachment-430\" class=\"size-full wp-image-430\" src=\"http:\/\/www.katar-information.de\/wp-content\/uploads\/2017\/01\/pool-im-airport-hotel-doha.jpg\" alt=\"Pool im Airport Hotel im Hamad International Airport (Doha)\" width=\"800\" height=\"339\" srcset=\"https:\/\/www.katar-information.de\/wp-content\/uploads\/2017\/01\/pool-im-airport-hotel-doha.jpg 800w, https:\/\/www.katar-information.de\/wp-content\/uploads\/2017\/01\/pool-im-airport-hotel-doha-300x127.jpg 300w, https:\/\/www.katar-information.de\/wp-content\/uploads\/2017\/01\/pool-im-airport-hotel-doha-768x325.jpg 768w\" sizes=\"auto, (max-width: 800px) 100vw, 800px\" \/><p id=\"caption-attachment-430\" class=\"wp-caption-text\">Pool im Airport Hotel im Hamad International Airport (Doha)<\/p><\/div>\n<p>Damit ist auch keine Einreise in das Land Katar n\u00f6tig, so dass man eine l\u00e4ngere Zeit am Hamad International Airport (Doha\/ Katar) verbringen kann, um entsprechende Angebote, wie die Shopping-Area oder den Wellnessbereich inklusive Swimmingpool nutzen zu k\u00f6nnen. Wird die Flugreise nach dem Aufenthalt in Doha fortgesetzt, ist am n\u00e4chsten Tag f\u00fcr eine Weiterreise aus Katar keine Sicherheitskontrolle n\u00f6tig. Der Reisende kann sich direkt in seinen Flieger begeben. Die Buchung f\u00fcr Zimmer im Airport Hotel (Hamad International Airport) stehen ab einer Dauer von 5 Stunden zur Verf\u00fcgung.<\/p>\n<h3>Zimmer am Airport Hotel<\/h3>\n<p>Das Airport Hotel im\u00a0Hamad International Airport in Doha verf\u00fcgt \u00fcber 100 Zimmer, wobei diese Gr\u00f6\u00dfen von ca. 40 bis ca. 130 (Presidential suites) Quadratmeter haben. Alle Zimmer im Airport Hotel Doha verf\u00fcgen \u00fcber kostenloses WiLAN.<\/p>\n<div id=\"attachment_285\" style=\"width: 810px\" class=\"wp-caption aligncenter\"><img loading=\"lazy\" decoding=\"async\" aria-describedby=\"caption-attachment-285\" class=\"size-full wp-image-285\" src=\"http:\/\/www.katar-information.de\/wp-content\/uploads\/2017\/01\/zimmer-airport-hotel-am-hamad-international-airport-doha.jpg\" alt=\"Zimmer im Airport Hotel (Hamad International Airport Doha)\" width=\"800\" height=\"339\" srcset=\"https:\/\/www.katar-information.de\/wp-content\/uploads\/2017\/01\/zimmer-airport-hotel-am-hamad-international-airport-doha.jpg 800w, https:\/\/www.katar-information.de\/wp-content\/uploads\/2017\/01\/zimmer-airport-hotel-am-hamad-international-airport-doha-300x127.jpg 300w, https:\/\/www.katar-information.de\/wp-content\/uploads\/2017\/01\/zimmer-airport-hotel-am-hamad-international-airport-doha-768x325.jpg 768w\" sizes=\"auto, (max-width: 800px) 100vw, 800px\" \/><p id=\"caption-attachment-285\" class=\"wp-caption-text\">Zimmer im Airport Hotel (Hamad International Airport Doha)<\/p><\/div>\n","protected":false},"excerpt":{"rendered":"<div class=\"slide-text-bg2\"><span>Airport Hotel im\u00a0Hamad International Airport Neben verschiedenen Hotels in Doha steht Flugreisenden das\u00a0Airport Hotel direkt im\u00a0Hamad International Airp<\/span><\/div>\n<div class=\"slide-btn-area-sm\"><a href=\"https:\/\/www.katar-information.de\/index.php\/hamad-international-airport-in-doha\/airport-hotel-im-hamad-international-airport-doha\/\" class=\"slide-btn-sm\">weiterlesen<\/a><\/div>\n","protected":false},"author":1,"featured_media":0,"parent":121,"menu_order":0,"comment_status":"closed","ping_status":"closed","template":"","meta":{"footnotes":""},"class_list":["post-284","page","type-page","status-publish","hentry"],"_links":{"self":[{"href":"https:\/\/www.katar-information.de\/index.php\/wp-json\/wp\/v2\/pages\/284","targetHints":{"allow":["GET"]}}],"collection":[{"href":"https:\/\/www.katar-information.de\/index.php\/wp-json\/wp\/v2\/pages"}],"about":[{"href":"https:\/\/www.katar-information.de\/index.php\/wp-json\/wp\/v2\/types\/page"}],"author":[{"embeddable":true,"href":"https:\/\/www.katar-information.de\/index.php\/wp-json\/wp\/v2\/users\/1"}],"replies":[{"embeddable":true,"href":"https:\/\/www.katar-information.de\/index.php\/wp-json\/wp\/v2\/comments?post=284"}],"version-history":[{"count":18,"href":"https:\/\/www.katar-information.de\/index.php\/wp-json\/wp\/v2\/pages\/284\/revisions"}],"predecessor-version":[{"id":2078,"href":"https:\/\/www.katar-information.de\/index.php\/wp-json\/wp\/v2\/pages\/284\/revisions\/2078"}],"up":[{"embeddable":true,"href":"https:\/\/www.katar-information.de\/index.php\/wp-json\/wp\/v2\/pages\/121"}],"wp:attachment":[{"href":"https:\/\/www.katar-information.de\/index.php\/wp-json\/wp\/v2\/media?parent=284"}],"curies":[{"name":"wp","href":"https:\/\/api.w.org\/{rel}","templated":true}]}}