{"id":30,"date":"2016-12-22T17:10:59","date_gmt":"2016-12-22T16:10:59","guid":{"rendered":"http:\/\/www.katar-information.de\/?page_id=30"},"modified":"2017-05-07T15:56:06","modified_gmt":"2017-05-07T13:56:06","slug":"flug-nach-doha-katar","status":"publish","type":"page","link":"https:\/\/www.katar-information.de\/index.php\/flug-nach-doha-katar\/","title":{"rendered":"Flug nach Doha (Katar)"},"content":{"rendered":"<h2>Flug nach Doha bzw. Flug nach Katar<\/h2>\n<p>Nach einem Flug in Richtung Doha startet der Aufenhalt in Katar meist am Flughafen von Katar, dem Hamad International Airport. Der seit 2014 in Betrieb genommene Flughafen befindet sich in S\u00fcden der Bucht von Doha. Am Hamad International Airport starten verschiedene Airlines, wie z. B. die Qatar Airways, Etihad Airways, Cyprus Airways und Delta Airlines (Stand 2015).<\/p>\n<div id=\"attachment_415\" style=\"width: 810px\" class=\"wp-caption aligncenter\"><img loading=\"lazy\" decoding=\"async\" aria-describedby=\"caption-attachment-415\" class=\"size-full wp-image-415\" src=\"http:\/\/www.katar-information.de\/wp-content\/uploads\/2016\/12\/flug-nach-doha.jpg\" alt=\"Flug nach Doha\" width=\"800\" height=\"339\" srcset=\"https:\/\/www.katar-information.de\/wp-content\/uploads\/2016\/12\/flug-nach-doha.jpg 800w, https:\/\/www.katar-information.de\/wp-content\/uploads\/2016\/12\/flug-nach-doha-300x127.jpg 300w, https:\/\/www.katar-information.de\/wp-content\/uploads\/2016\/12\/flug-nach-doha-768x325.jpg 768w\" sizes=\"auto, (max-width: 800px) 100vw, 800px\" \/><p id=\"caption-attachment-415\" class=\"wp-caption-text\">Flug nach Doha<\/p><\/div>\n<h3>Flugzeit nach Katar<\/h3>\n<p>Verschiedene Fluglinien bieten von unterschiedlichen Flugh\u00e4fen Fl\u00fcge nach Doha (Katar) an, wie z. B. von Frankfurt a. M. bzw. Dresden. Die<a href=\"http:\/\/www.katar-information.de\/index.php\/flug-nach-doha-katar\/flugzeit-nach-doha-katar\/\"> Flugzeit nach Doha (Katar)<\/a> variiert je nach Startflughafen und Airline. Grundlegend ist von einer reinen Flugdauer nach Doha mit ca. 6 Stunden zu rechnen. Allerdings k\u00f6nnen sich Fl\u00fcge nach Doha mit 1 oder mehreren Zwischenstopps \u00fcber 14 Stunden ziehen.<\/p>\n<h3>Flugroute nach Doha (Katar)<\/h3>\n<p>Bez\u00fcglich der <a href=\"http:\/\/www.katar-information.de\/index.php\/flug-nach-doha-katar\/flugroute-nach-doha-katar\/\">Flugroute bei den Flugreisen nach Katar<\/a> k\u00f6nnen Fl\u00fcge mit Direktverbindungen und Fl\u00fcge nach Katar mit Zwischenlandung unterschieden werden. So werden Direktfl\u00fcge von Frankfurt a. M. nach Doha (Katar) angeboten, die in Deutschland starten \u00fcber \u00d6sterreich, Italien, die Adria, das Mittelmeer, \u00c4gypten und Saudi Arabien f\u00fchren und in Doha (Katar) landen.<br \/>\nEbenso werden Fl\u00fcge nach Katar mit Zwischenstopps angeboten. F\u00fcr Zwischenstopps auf den Flug nach Katar\/ Doha werden meist der <strong>Istanbul Sabiha G\u00f6k\u00e7en International Airport (SAW)<\/strong>, Cairo International Airport (CAI) Kairo in \u00c4gypten und\/ oder Bahrain International Airport, (BAH) genutzt.<\/p>\n<h3>Ankunft am Hamad International Airport<\/h3>\n<p>Die Landung bei einem Flug nach Katar erfolgt in Doha auf dem <a href=\"http:\/\/www.katar-information.de\/index.php\/hamad-international-airport-in-doha\/\">Hamad International Airport<\/a>. Der neue Flughafen von Doha ist seit 2014 in Betrieb. Weitere Informationen zum Flughafen von Doha, de, Hamad International Airport, sind unter hier zu finden.<\/p>\n<h3>Wie viel kostet ein Flug nach Doha (Katar)?<\/h3>\n<p>Bei der Suche nach einem geeigneten Flug nach Katar (Flug nach Doha) ist zu beachten, dass sich der Flugpreis stark unterscheiden kann. Der Preis f\u00fcr eine Flugreise h\u00e4ngt davon ab, ob es sich um einen Nonstop-Flug nach Doha handel oder ob ein Stopp bzw. 2 Zwischestopps oder mehr eingelegt werden.<\/p>\n<p>So sind Direktfl\u00fcge nach Katar deutlich teurer als Fl\u00fcge mit einem oder mehreren Zwischenstopps. Direktfl\u00fcge nach Doha (Katar) werden zu Preisen zwischen ca. 550 bis 900 Euro angeboten, je nach Airline und Serviceangebot. Fl\u00fcge nach Doha (Katar) mit einem Zwischenstopp sind f\u00fcr ca. 380 bis 600 Euro zu buchen. Bei Fl\u00fcgen nach Katar mit mehr als einem Zwischenstopp sind Preise zwischen 390 bis 450 Euro zu zahlen. G\u00fcnstige Angebote f\u00fcr einen Flug sind ab 340 Euro zu erhalten.<\/p>\n<p><strong>Achtung:<\/strong><br \/>\nM\u00f6glicherweise k\u00f6nnen kurzfristige Preissteigerungen f\u00fcr Fl\u00fcge nach Doha\/ Katar durch eine Steigerung des \u00d6lpreises entstehen sowie im Jahr 2015.<\/p>\n<h3>Zwischenstopp in Doha<\/h3>\n<p>Ein <a href=\"http:\/\/www.katar-information.de\/index.php\/flug-nach-doha-katar\/zwischenstopp-in-doha-stopover-in-doha\/\">Zwischenstopp in Doha<\/a> (Stoppover in Katar) ist vor allem f\u00fcr Reisende nach Afrika, Asien oder Australien sehr interessant. In Doha werden f\u00fcr interessierte Reisende verschiedene interessante Services und Angebote bereitgehalten, wie z. B. Stadtrundfahrten durch Doha, Shopping-Tripp in The Pearl, Besuch eines Kamelrennens oder eine eint\u00e4gige W\u00fcstensafari.<br \/>\nHier sind weitere Hinweise f\u00fcr einen Zwischenstopp in Doha hinterlegt<\/p>\n","protected":false},"excerpt":{"rendered":"<div class=\"slide-text-bg2\"><span>Flug nach Doha bzw. Flug nach Katar Nach einem Flug in Richtung Doha startet der Aufenhalt in Katar meist am Flughafen von Katar, dem Hamad International A<\/span><\/div>\n<div class=\"slide-btn-area-sm\"><a href=\"https:\/\/www.katar-information.de\/index.php\/flug-nach-doha-katar\/\" class=\"slide-btn-sm\">weiterlesen<\/a><\/div>\n","protected":false},"author":1,"featured_media":0,"parent":0,"menu_order":70,"comment_status":"closed","ping_status":"closed","template":"","meta":{"footnotes":""},"class_list":["post-30","page","type-page","status-publish","hentry"],"_links":{"self":[{"href":"https:\/\/www.katar-information.de\/index.php\/wp-json\/wp\/v2\/pages\/30","targetHints":{"allow":["GET"]}}],"collection":[{"href":"https:\/\/www.katar-information.de\/index.php\/wp-json\/wp\/v2\/pages"}],"about":[{"href":"https:\/\/www.katar-information.de\/index.php\/wp-json\/wp\/v2\/types\/page"}],"author":[{"embeddable":true,"href":"https:\/\/www.katar-information.de\/index.php\/wp-json\/wp\/v2\/users\/1"}],"replies":[{"embeddable":true,"href":"https:\/\/www.katar-information.de\/index.php\/wp-json\/wp\/v2\/comments?post=30"}],"version-history":[{"count":57,"href":"https:\/\/www.katar-information.de\/index.php\/wp-json\/wp\/v2\/pages\/30\/revisions"}],"predecessor-version":[{"id":1410,"href":"https:\/\/www.katar-information.de\/index.php\/wp-json\/wp\/v2\/pages\/30\/revisions\/1410"}],"wp:attachment":[{"href":"https:\/\/www.katar-information.de\/index.php\/wp-json\/wp\/v2\/media?parent=30"}],"curies":[{"name":"wp","href":"https:\/\/api.w.org\/{rel}","templated":true}]}}