{"id":325,"date":"2017-01-07T18:29:06","date_gmt":"2017-01-07T17:29:06","guid":{"rendered":"http:\/\/www.katar-information.de\/?page_id=325"},"modified":"2019-04-09T11:28:48","modified_gmt":"2019-04-09T09:28:48","slug":"was-kostet-ein-flug-nach-doha-katar","status":"publish","type":"page","link":"https:\/\/www.katar-information.de\/index.php\/flug-nach-doha-katar\/was-kostet-ein-flug-nach-doha-katar\/","title":{"rendered":"Was kostet ein Flug nach Doha (Katar)?"},"content":{"rendered":"<h2>Was kostet ein Flug nach Doha(Katar)<\/h2>\n<p>Die Preise f\u00fcr Fl\u00fcge nach Doha unterscheiden sich, je nachdem per Direktflug bzw. ein Flug mit einem oder mehreren Zwischenstopps<\/p>\n<h3>Was kostet ein Direktflug nach Doha (Katar)<\/h3>\n<p>Direktverbindungen von Deutschland (Referenz Frankfurt Flughafen) werden zwischen <strong>ca. 550 bis 900 Euro<\/strong> angeboten. Sie sind damit deutlich teurer als Fl\u00fcge mit Zwischenstopps.<\/p>\n<h3>Was kostet ein Flug nach Doha (Katar) mit einer Zwischenlandung?<\/h3>\n<p>Im Gegensatz zu Nonstop-Fl\u00fcgen werden Fl\u00fcge mit einer Zwischenlandung f\u00fcr <strong>ca. 380 bis 600 Euro<\/strong> angeboten.<\/p>\n<h3>Was kostet ein Flug nach Doha (Katar) mit mehreren Zwischenlandungen?<\/h3>\n<p>Am g\u00fcnstigsten von den Flugangeboten nach Doha sind Fl\u00fcge mit mehreren Zwischenlandungen, z. B. in Istanbul und Bahrain. Solche Fl\u00fcge werden teilweise f\u00fcr <strong>ca. 390 bis 450 Euro<\/strong> angeboten.<\/p>\n<h3>Topangebot f\u00fcr Flug nach Doha (Katar)<\/h3>\n<p>Als absolutes Topangebot f\u00fcr eine Flug nach Doha k\u00f6nnen <strong><em>Angebote f\u00fcr ca. 300 Euro<\/em><\/strong> betrachtet werden.<\/p>\n","protected":false},"excerpt":{"rendered":"<div class=\"slide-text-bg2\"><span>Was kostet ein Flug nach Doha(Katar) Die Preise f\u00fcr Fl\u00fcge nach Doha unterscheiden sich, je nachdem per Direktflug bzw. ein Flug mit einem oder mehreren Z<\/span><\/div>\n<div class=\"slide-btn-area-sm\"><a href=\"https:\/\/www.katar-information.de\/index.php\/flug-nach-doha-katar\/was-kostet-ein-flug-nach-doha-katar\/\" class=\"slide-btn-sm\">weiterlesen<\/a><\/div>\n","protected":false},"author":1,"featured_media":0,"parent":30,"menu_order":40,"comment_status":"closed","ping_status":"closed","template":"","meta":{"footnotes":""},"class_list":["post-325","page","type-page","status-publish","hentry"],"_links":{"self":[{"href":"https:\/\/www.katar-information.de\/index.php\/wp-json\/wp\/v2\/pages\/325","targetHints":{"allow":["GET"]}}],"collection":[{"href":"https:\/\/www.katar-information.de\/index.php\/wp-json\/wp\/v2\/pages"}],"about":[{"href":"https:\/\/www.katar-information.de\/index.php\/wp-json\/wp\/v2\/types\/page"}],"author":[{"embeddable":true,"href":"https:\/\/www.katar-information.de\/index.php\/wp-json\/wp\/v2\/users\/1"}],"replies":[{"embeddable":true,"href":"https:\/\/www.katar-information.de\/index.php\/wp-json\/wp\/v2\/comments?post=325"}],"version-history":[{"count":12,"href":"https:\/\/www.katar-information.de\/index.php\/wp-json\/wp\/v2\/pages\/325\/revisions"}],"predecessor-version":[{"id":2216,"href":"https:\/\/www.katar-information.de\/index.php\/wp-json\/wp\/v2\/pages\/325\/revisions\/2216"}],"up":[{"embeddable":true,"href":"https:\/\/www.katar-information.de\/index.php\/wp-json\/wp\/v2\/pages\/30"}],"wp:attachment":[{"href":"https:\/\/www.katar-information.de\/index.php\/wp-json\/wp\/v2\/media?parent=325"}],"curies":[{"name":"wp","href":"https:\/\/api.w.org\/{rel}","templated":true}]}}