{"id":35,"date":"2016-12-22T17:12:42","date_gmt":"2016-12-22T16:12:42","guid":{"rendered":"http:\/\/www.katar-information.de\/?page_id=35"},"modified":"2020-01-06T16:02:59","modified_gmt":"2020-01-06T15:02:59","slug":"fifa-fussball-wm-2022-in-katar","status":"publish","type":"page","link":"https:\/\/www.katar-information.de\/index.php\/fifa-fussball-wm-2022-in-katar\/","title":{"rendered":"FIFA Fu\u00dfball WM 2022 in Katar"},"content":{"rendered":"<h2>Die Fu\u00dfball-WM 2022 im \u00dcberblick<\/h2>\n<div id=\"attachment_704\" style=\"width: 810px\" class=\"wp-caption aligncenter\"><img loading=\"lazy\" decoding=\"async\" aria-describedby=\"caption-attachment-704\" class=\"size-full wp-image-704\" src=\"http:\/\/www.katar-information.de\/wp-content\/uploads\/2016\/12\/fifa-wm-2022-vergabe-ankatar.jpg\" alt=\"FIFA-WM 2022 Vergabe an Katar\" width=\"800\" height=\"298\" srcset=\"https:\/\/www.katar-information.de\/wp-content\/uploads\/2016\/12\/fifa-wm-2022-vergabe-ankatar.jpg 800w, https:\/\/www.katar-information.de\/wp-content\/uploads\/2016\/12\/fifa-wm-2022-vergabe-ankatar-300x112.jpg 300w, https:\/\/www.katar-information.de\/wp-content\/uploads\/2016\/12\/fifa-wm-2022-vergabe-ankatar-768x286.jpg 768w\" sizes=\"auto, (max-width: 800px) 100vw, 800px\" \/><p id=\"caption-attachment-704\" class=\"wp-caption-text\">FIFA-WM 2022 Vergabe an Katar<\/p><\/div>\n<ul>\n<li><strong>Wettbewerb<\/strong>: Weltmeisterschaft 2022<\/li>\n<li><strong>Ort<\/strong>: Katar<\/li>\n<li><strong>Austragungszeitraum:<\/strong> November \u2013 18. Dezember 2022<\/li>\n<li><strong>Anzahl teilnehmender Mannschaften<\/strong>: 32<\/li>\n<li><strong>Titelverteidiger<\/strong>: Frankreich<\/li>\n<li><strong>Anstosszeiten:<\/strong> 11:00 Uhr und 20:00 Uhr deutscher Zeit<\/li>\n<li><strong>Dauer:<\/strong> 28 Tage<\/li>\n<\/ul>\n<h3>Katar &#8211; Gastgeber der FIFA Fu\u00dfball-Weltmeisterschaft 2022<\/h3>\n<p>Die FIFA Fu\u00dfball-Weltmeisterschaft (FIFA World Cup) findet im Jahr 2022 in Katar statt. Katar ist ein Staat nahe der arabischen Halbinsel mit sehr warmen <a href=\"http:\/\/www.katar-information.de\/index.php\/katar-im-ueberblick\/klima-in-katar\/\">W\u00fcstenklima<\/a>. Der <a href=\"http:\/\/www.katar-information.de\/index.php\/flug-nach-doha-katar\/flug-nach-doha-katar-guenstig-online-buchen\/\">Flug nach Katar<\/a> von Deutschland aus dauert ca. 6 Flugstunden. Das Land ist sehr gut durch den <a href=\"http:\/\/www.katar-information.de\/index.php\/hamad-international-airport-in-doha\/\">Hamad International Airport<\/a> an den internationalen Flugverkehr angebunden.<\/p>\n<div id=\"attachment_720\" style=\"width: 707px\" class=\"wp-caption aligncenter\"><img loading=\"lazy\" decoding=\"async\" aria-describedby=\"caption-attachment-720\" class=\"size-full wp-image-720\" src=\"http:\/\/www.katar-information.de\/wp-content\/uploads\/2016\/12\/bewerbung-katars-fuer-die-fussball-wm-2022.jpg\" alt=\"Bewerbung Katars f\u00fcr die Fu\u00dfball-Weltmeisterschaft 2022\" width=\"697\" height=\"143\" srcset=\"https:\/\/www.katar-information.de\/wp-content\/uploads\/2016\/12\/bewerbung-katars-fuer-die-fussball-wm-2022.jpg 697w, https:\/\/www.katar-information.de\/wp-content\/uploads\/2016\/12\/bewerbung-katars-fuer-die-fussball-wm-2022-300x62.jpg 300w\" sizes=\"auto, (max-width: 697px) 100vw, 697px\" \/><p id=\"caption-attachment-720\" class=\"wp-caption-text\">Bewerbung Katars f\u00fcr die Fu\u00dfball-Weltmeisterschaft 2022<\/p><\/div>\n<h3>Wie viele Teams werden an der Weltmeisterschaft in Katar teilnehmen?<\/h3>\n<p>An der WM in Katar 2022 werden insgesamt <strong>32 Nationalmannschaften<\/strong> teilnehmen.<\/p>\n<h3>Die Stadien der Fu\u00dfball WM 2022 in Katar<\/h3>\n<p>Die H\u00e4lfte der <a href=\"http:\/\/www.katar-information.de\/index.php\/fifa-fussball-wm-2022-in-katar\/stadien-der-fifa-wm-2022-in-katar\/\">Stadien der Fussball-WM 2022<\/a> wird sich in der Hauptstadt Doha befinden. Hinzu kommen sechs weitere Stadien. Die Distanz zwischen den Stadien in Katar ist sehr gering. Dadurch k\u00f6nnen Fu\u00dfballfans Spielorte mit \u00f6ffentlichen Verkehrsmitteln in kurzer Zeit erreichen.<\/p>\n<ul>\n<li>Lusail Iconic Stadium mit ca. 86.250 Pl\u00e4tze \u2013 Ort: Lusail<\/li>\n<li>Khalifa International Stadium mit ca. 40.000 Pl\u00e4tze \u2013 Ort: Dohal<\/li>\n<li>Education City Stadium mit ca. 40.000 Pl\u00e4tze \u2013 Ort: Dohal<\/li>\n<li>Doha Port Stadium mit ca. 40.000 Pl\u00e4tze \u2013 Ort: Dohal<\/li>\n<li>al-Thumama Stadium mit ca. 40.000 Pl\u00e4tze \u2013 Ort: Dohal<\/li>\n<li>Ahmed bin Ali Stadium mit ca. 40.000 Pl\u00e4tze \u2013 Ort: ar-Rayyan<\/li>\n<li>Al-Bayt Stadium mit ca. 60.000 Pl\u00e4tze \u2013 Ort: al Chaur<\/li>\n<li>al-Wakrah Stadium mit ca. 40.000 Pl\u00e4tze \u2013 Ort: al-Wakra<\/li>\n<\/ul>\n<h3>WM 2022 Ansto\u00dfzeiten<\/h3>\n<p>Die Spiele der WM 2022 in Katar werden zwischen <strong>11:00 Uhr und 20:00 Uhr<\/strong> deutscher Zeit abgepfiffen.<\/p>\n<h3>Warum findet die Fu\u00dfball-WM 2022 im Winter statt?<\/h3>\n<p>Die urspr\u00fcngliche Planung sah vor, dass die WM, wie \u00fcblich im Sommer stattfinden sollte. Der Gastgeber pr\u00e4sentierte die Idee, den extrem hohen Temperaturen im Sommer mit der K\u00fchlung der Stadien entgegen zu wirken. Dies sollte mit riesigen K\u00fchlunganlagen geschehen. Ziel war die K\u00fchlung der Stadien sowie Trainingsgel\u00e4nde auf Temperaturen von 20 bis 25 Grad bei Au\u00dfentemperaturen von \u00fcber <a href=\"https:\/\/www.katar-information.de\/index.php\/katar-im-ueberblick\/klima-in-katar\/\">40 Grad<\/a>.<\/p>\n<p>Die anvisierten Pl\u00e4ne wurden jedoch schnell als unrealistisch eingestuft.<\/p>\n<p>Als L\u00f6sung wurde die Fu\u00dfball WM 2022 in die Monate November und Dezember verlegt. Daher findet das <strong>Er\u00f6ffnungsspiel findet am 21. November 2022<\/strong> statt und das abschlie\u00dfende<strong> Endspiel 18. Dezember<\/strong>.<\/p>\n<h3>Besonderheiten WM in Katar<\/h3>\n<ul>\n<li>erste Fu\u00dfball-WM in einem arabischen Land<\/li>\n<li>erste WM die im Winter statt im Sommer stattfindet<\/li>\n<li>die WM 2022 wird eine sehr kurze Dauer (28 Tage) haben<\/li>\n<\/ul>\n<h3>Planungsarbeiten f\u00fcr die FIFA Fu\u00dfball-Weltmeisterschaft 2022<\/h3>\n<p>Die Planungsarbeiten f\u00fcr die Stadien der FIFA WM 2022 werden von dem deutschen Architekten- und Planungsb\u00fcro &#8222;Albert Speer und Partner&#8220; durchgef\u00fchrt. Wobei sich die Planer besonders auf die Herausforderung von klimatisierten Stadien einstellen mussten, denn das Klima in Katar ist sehr hei\u00df. So k\u00f6nnen die Temperaturen in Katar in den Sommermonaten leicht 40\u00b0C bis 50\u00b0C betragen.<\/p>\n<h3>Modulare Bauweise der WM-Stadien von Katar<\/h3>\n<p>Eine weitere Herausforderung f\u00fcr die Konzeption der WM Stadien stellt die Modulbauweise der Stadien-Neubauten dar, da geplant ist, die Stadien nach der Fu\u00dfballweltmeisterschaft in Katar abzutragen und an anderen Pl\u00e4tzen wieder zu errichten.<\/p>\n<p>Die gro\u00dfen Investitionen bez\u00fcglich der WM 2022 sind ein enormer Impuls f\u00fcr das Land Katar und speziell f\u00fcr seine <a href=\"http:\/\/www.katar-information.de\/index.php\/doha-die-hauptstadt-von-katar\/doha-im-ueberblick\/\">Hauptstadt Doha<\/a>. Ebenso werden die Projekte<\/p>\n<ul>\n<li>das Prestigeprojekt <a href=\"http:\/\/www.katar-information.de\/index.php\/doha-die-hauptstadt-von-katar\/the-pearl-in-doha\/\">&#8222;The Pearl&#8220;<\/a>,<\/li>\n<li>das Urbanisierungsprojekt entlang der Ostk\u00fcste &#8222;Lusail City&#8220; und<\/li>\n<li>das Nahverkehrsprojekt &#8222;Doha-Metro&#8220;<\/li>\n<\/ul>\n<p>besonders von den Investitionen und den Bauma\u00dfnahmen zur FIFA WM 2022 profitieren.<\/p>\n<h3>Vergabe FIFA Fu\u00dfball-Weltmeisterschaft 2022<\/h3>\n<p>Die Vergabe der FIFA Fu\u00dfball-Weltmeisterschaft 2022 wurde am 19. Dezember 2008 w\u00e4hrend einer Sitzung der FIFA beschlossen. Katar setzte sich bei der Vergabe der FIFA-Fu\u00dfball-WM 2022 letztendlich gegen die Mitbewerber aus Australien, Japan, USA und S\u00fcdkorea durch. An der Weltmeisterschaft werden Teams aus 32 Verb\u00e4nden teilnehmen, welche zuvor durch die Qualifikation ermittelt werden. Katar ist als Gastgeber bereits f\u00fcr die FIFA WM 2022 qualifiziert.<\/p>\n","protected":false},"excerpt":{"rendered":"<div class=\"slide-text-bg2\"><span>Die Fu\u00dfball-WM 2022 im \u00dcberblick Wettbewerb: Weltmeisterschaft 2022 Ort: Katar Austragungszeitraum: November \u2013 18. Dezember 2022 Anzahl teilnehmender M<\/span><\/div>\n<div class=\"slide-btn-area-sm\"><a href=\"https:\/\/www.katar-information.de\/index.php\/fifa-fussball-wm-2022-in-katar\/\" class=\"slide-btn-sm\">weiterlesen<\/a><\/div>\n","protected":false},"author":1,"featured_media":0,"parent":0,"menu_order":30,"comment_status":"closed","ping_status":"closed","template":"","meta":{"footnotes":""},"class_list":["post-35","page","type-page","status-publish","hentry"],"_links":{"self":[{"href":"https:\/\/www.katar-information.de\/index.php\/wp-json\/wp\/v2\/pages\/35","targetHints":{"allow":["GET"]}}],"collection":[{"href":"https:\/\/www.katar-information.de\/index.php\/wp-json\/wp\/v2\/pages"}],"about":[{"href":"https:\/\/www.katar-information.de\/index.php\/wp-json\/wp\/v2\/types\/page"}],"author":[{"embeddable":true,"href":"https:\/\/www.katar-information.de\/index.php\/wp-json\/wp\/v2\/users\/1"}],"replies":[{"embeddable":true,"href":"https:\/\/www.katar-information.de\/index.php\/wp-json\/wp\/v2\/comments?post=35"}],"version-history":[{"count":29,"href":"https:\/\/www.katar-information.de\/index.php\/wp-json\/wp\/v2\/pages\/35\/revisions"}],"predecessor-version":[{"id":2243,"href":"https:\/\/www.katar-information.de\/index.php\/wp-json\/wp\/v2\/pages\/35\/revisions\/2243"}],"wp:attachment":[{"href":"https:\/\/www.katar-information.de\/index.php\/wp-json\/wp\/v2\/media?parent=35"}],"curies":[{"name":"wp","href":"https:\/\/api.w.org\/{rel}","templated":true}]}}