{"id":404,"date":"2017-01-08T17:24:59","date_gmt":"2017-01-08T16:24:59","guid":{"rendered":"http:\/\/www.katar-information.de\/?page_id=404"},"modified":"2017-04-19T22:25:37","modified_gmt":"2017-04-19T20:25:37","slug":"autounfall-in-katar-was-tuen","status":"publish","type":"page","link":"https:\/\/www.katar-information.de\/index.php\/wissenwertes-zu-katar\/autounfall-in-katar-was-tuen\/","title":{"rendered":"Autounfall in Katar &#8211; Was tun?"},"content":{"rendered":"<h2>Umgehende Meldepflicht f\u00fcr KfZ-Unf\u00e4lle jeder Art<\/h2>\n<p>In Katar muss jeder Unfall der Polizei umgehend gemeldet werden. Selbst bei Vorf\u00e4llen ohne Personenschaden, bei kleineren Sch\u00e4den wie z. B. Parkunf\u00e4llen oder Lackkratzern ist die Polizei zu informieren. Die Reparatur eines Fahrzeuges in einer Werkstatt ist nur m\u00f6glich, wenn ein entsprechendes polizeiliches Protokoll vorliegt.<\/p>\n<div id=\"attachment_407\" style=\"width: 810px\" class=\"wp-caption aligncenter\"><img loading=\"lazy\" decoding=\"async\" aria-describedby=\"caption-attachment-407\" class=\"size-full wp-image-407\" src=\"http:\/\/www.katar-information.de\/wp-content\/uploads\/2017\/01\/autounfall-inkatar.jpg\" alt=\"Autounfall in Katar\" width=\"800\" height=\"339\" srcset=\"https:\/\/www.katar-information.de\/wp-content\/uploads\/2017\/01\/autounfall-inkatar.jpg 800w, https:\/\/www.katar-information.de\/wp-content\/uploads\/2017\/01\/autounfall-inkatar-300x127.jpg 300w, https:\/\/www.katar-information.de\/wp-content\/uploads\/2017\/01\/autounfall-inkatar-768x325.jpg 768w\" sizes=\"auto, (max-width: 800px) 100vw, 800px\" \/><p id=\"caption-attachment-407\" class=\"wp-caption-text\">Autounfall in Katar<\/p><\/div>\n<h3>Autounf\u00e4lle mit Personenschaden bzw. gr\u00f6\u00dferen Sch\u00e4den<\/h3>\n<p>Liegt bei einem KfZ-Unfall ein Personenschaden bzw. ein gr\u00f6\u00dferer Sachschaden vor, beh\u00e4lt die Polizei den F\u00fchrerschein und den Reisepass des bzw. der am Unfall beteiligten Personen ein. Meist werden die Papiere bis zur Kl\u00e4rung des Vorfalles eingezogen.<\/p>\n<p>Daher sollten sich Unfallbeteiligte im Falle eine KfZ-Unfalles in Katar immer umgehend an die Polizei wenden. Ebenso sind umgehend die entsprechende Versicherung und die betroffene Mietwagenfirma zu informieren.<\/p>\n","protected":false},"excerpt":{"rendered":"<div class=\"slide-text-bg2\"><span>Umgehende Meldepflicht f\u00fcr KfZ-Unf\u00e4lle jeder Art In Katar muss jeder Unfall der Polizei umgehend gemeldet werden. Selbst bei Vorf\u00e4llen ohne Personenscha<\/span><\/div>\n<div class=\"slide-btn-area-sm\"><a href=\"https:\/\/www.katar-information.de\/index.php\/wissenwertes-zu-katar\/autounfall-in-katar-was-tuen\/\" class=\"slide-btn-sm\">weiterlesen<\/a><\/div>\n","protected":false},"author":1,"featured_media":0,"parent":2,"menu_order":210,"comment_status":"closed","ping_status":"closed","template":"","meta":{"footnotes":""},"class_list":["post-404","page","type-page","status-publish","hentry"],"_links":{"self":[{"href":"https:\/\/www.katar-information.de\/index.php\/wp-json\/wp\/v2\/pages\/404","targetHints":{"allow":["GET"]}}],"collection":[{"href":"https:\/\/www.katar-information.de\/index.php\/wp-json\/wp\/v2\/pages"}],"about":[{"href":"https:\/\/www.katar-information.de\/index.php\/wp-json\/wp\/v2\/types\/page"}],"author":[{"embeddable":true,"href":"https:\/\/www.katar-information.de\/index.php\/wp-json\/wp\/v2\/users\/1"}],"replies":[{"embeddable":true,"href":"https:\/\/www.katar-information.de\/index.php\/wp-json\/wp\/v2\/comments?post=404"}],"version-history":[{"count":8,"href":"https:\/\/www.katar-information.de\/index.php\/wp-json\/wp\/v2\/pages\/404\/revisions"}],"predecessor-version":[{"id":1160,"href":"https:\/\/www.katar-information.de\/index.php\/wp-json\/wp\/v2\/pages\/404\/revisions\/1160"}],"up":[{"embeddable":true,"href":"https:\/\/www.katar-information.de\/index.php\/wp-json\/wp\/v2\/pages\/2"}],"wp:attachment":[{"href":"https:\/\/www.katar-information.de\/index.php\/wp-json\/wp\/v2\/media?parent=404"}],"curies":[{"name":"wp","href":"https:\/\/api.w.org\/{rel}","templated":true}]}}