{"id":453,"date":"2017-01-09T13:46:33","date_gmt":"2017-01-09T12:46:33","guid":{"rendered":"http:\/\/www.katar-information.de\/?page_id=453"},"modified":"2018-06-25T11:44:31","modified_gmt":"2018-06-25T09:44:31","slug":"qatar-duty-free-am-hamad-international-airport","status":"publish","type":"page","link":"https:\/\/www.katar-information.de\/index.php\/hamad-international-airport-in-doha\/qatar-duty-free-am-hamad-international-airport\/","title":{"rendered":"Qatar Duty Free am Hamad International Airport"},"content":{"rendered":"<h2>Qatar Duty Free<\/h2>\n<p>Egal ob vor einem Urlaub in Katar oder nur bei einem <a href=\"http:\/\/www.katar-information.de\/index.php\/flug-nach-doha-katar\/zwischenstopp-in-doha-stopover-in-doha\/\">Zwischenstopp in Doha (Katar)<\/a> auf einem Flug nach Australien, Afrika oder Asien, es lohnt sich f\u00fcr den Reisenden den Duty free Bereich des in Hamad International Airport in Doha zu besuchen. Im <strong>Qatar Duty Free<\/strong>\u00a0sind sehr viele Shoppingm\u00f6glichkeiten zu finden, neben diversen Restaurants und Fitnes- bzw- Wellnessangeboten.<\/p>\n<div id=\"attachment_457\" style=\"width: 810px\" class=\"wp-caption aligncenter\"><img loading=\"lazy\" decoding=\"async\" aria-describedby=\"caption-attachment-457\" class=\"size-full wp-image-457\" src=\"http:\/\/www.katar-information.de\/wp-content\/uploads\/2017\/01\/qatar-duty-free-hamad-international-airport.jpg\" alt=\"Qatar Duty Free Hamad International Airport\" width=\"800\" height=\"344\" srcset=\"https:\/\/www.katar-information.de\/wp-content\/uploads\/2017\/01\/qatar-duty-free-hamad-international-airport.jpg 800w, https:\/\/www.katar-information.de\/wp-content\/uploads\/2017\/01\/qatar-duty-free-hamad-international-airport-300x129.jpg 300w, https:\/\/www.katar-information.de\/wp-content\/uploads\/2017\/01\/qatar-duty-free-hamad-international-airport-768x330.jpg 768w\" sizes=\"auto, (max-width: 800px) 100vw, 800px\" \/><p id=\"caption-attachment-457\" class=\"wp-caption-text\">Qatar Duty Free Hamad International Airport<\/p><\/div>\n<h3>Shoppingangebote im Qatar Duty Free des Hamad International Airport<\/h3>\n<p>So befinden sich im Duty-Free-Bereich Parf\u00fcmerie, B\u00fccher- und Zeitungsl\u00e4den, \u00a0Schmuck- und Uhrenh\u00e4ndler sowie zahlreiche Shops f\u00fcr Kleidung und Alkohol bzw. Tabak.<\/p>\n<h3>Restaurants im Hamad International Airport<\/h3>\n<p>Die Restaurants bedienen vor allem die arabische , amerikanische sowie die europ\u00e4ische K\u00fcche (z. B. italienische Restaurants). Ebenso kann der Reisende Restaurants besuchen, die sich aus Seafood spezialisiert haben. Zus\u00e4tzlich finden die Besucher des Duty-Free-Areals am Hamad International Airport (Doha \/ Katar) Lounges zum Entspanen und Arbeiten, Ruher\u00e4ume und Fitnesscenter.<\/p>\n<p>Direkt auf dem Areal des Hamad International Airport befindet sich das <a href=\"http:\/\/www.katar-information.de\/index.php\/hamad-international-airport-in-doha\/airport-hotel-im-hamad-international-airport-doha\/\">Airport Hotel Doha<\/a>.<\/p>\n","protected":false},"excerpt":{"rendered":"<div class=\"slide-text-bg2\"><span>Qatar Duty Free Egal ob vor einem Urlaub in Katar oder nur bei einem Zwischenstopp in Doha (Katar) auf einem Flug nach Australien, Afrika oder Asien, es lo<\/span><\/div>\n<div class=\"slide-btn-area-sm\"><a href=\"https:\/\/www.katar-information.de\/index.php\/hamad-international-airport-in-doha\/qatar-duty-free-am-hamad-international-airport\/\" class=\"slide-btn-sm\">weiterlesen<\/a><\/div>\n","protected":false},"author":1,"featured_media":0,"parent":121,"menu_order":20,"comment_status":"closed","ping_status":"closed","template":"","meta":{"footnotes":""},"class_list":["post-453","page","type-page","status-publish","hentry"],"_links":{"self":[{"href":"https:\/\/www.katar-information.de\/index.php\/wp-json\/wp\/v2\/pages\/453","targetHints":{"allow":["GET"]}}],"collection":[{"href":"https:\/\/www.katar-information.de\/index.php\/wp-json\/wp\/v2\/pages"}],"about":[{"href":"https:\/\/www.katar-information.de\/index.php\/wp-json\/wp\/v2\/types\/page"}],"author":[{"embeddable":true,"href":"https:\/\/www.katar-information.de\/index.php\/wp-json\/wp\/v2\/users\/1"}],"replies":[{"embeddable":true,"href":"https:\/\/www.katar-information.de\/index.php\/wp-json\/wp\/v2\/comments?post=453"}],"version-history":[{"count":13,"href":"https:\/\/www.katar-information.de\/index.php\/wp-json\/wp\/v2\/pages\/453\/revisions"}],"predecessor-version":[{"id":2082,"href":"https:\/\/www.katar-information.de\/index.php\/wp-json\/wp\/v2\/pages\/453\/revisions\/2082"}],"up":[{"embeddable":true,"href":"https:\/\/www.katar-information.de\/index.php\/wp-json\/wp\/v2\/pages\/121"}],"wp:attachment":[{"href":"https:\/\/www.katar-information.de\/index.php\/wp-json\/wp\/v2\/media?parent=453"}],"curies":[{"name":"wp","href":"https:\/\/api.w.org\/{rel}","templated":true}]}}