{"id":494,"date":"2017-01-11T11:00:25","date_gmt":"2017-01-11T10:00:25","guid":{"rendered":"http:\/\/www.katar-information.de\/?page_id=494"},"modified":"2021-02-21T20:23:59","modified_gmt":"2021-02-21T19:23:59","slug":"urlaubsland-katar","status":"publish","type":"page","link":"https:\/\/www.katar-information.de\/index.php\/urlaub-in-katar\/urlaubsland-katar\/","title":{"rendered":"Urlaubsland Katar"},"content":{"rendered":"<h2>Das Urlaubsland Katar<\/h2>\n<p>Durch seinen immer weiter ansteigenden Bekanntheitsgrad wird Katar f\u00fcr Reisende sowie Urlauber immer interessanter. Sei es als Ort um entspannt seinen Urlaub zu verbringen oder f\u00fcr einen <a href=\"http:\/\/www.katar-information.de\/index.php\/flug-nach-doha-katar\/zwischenstopp-in-doha-stopover-in-doha\/\">Zwischenstopp in Doha<\/a> auf einer Flugreise nach Afrika, Asien oder Australien. Das Land Katar erreicht ein Reisender aus Deutschland per <a href=\"http:\/\/www.katar-information.de\/index.php\/flug-nach-doha-katar\/flugzeit-nach-doha-katar\/\">Flug nach Doha<\/a> per Landung am <a href=\"http:\/\/www.katar-information.de\/index.php\/hamad-international-airport-in-doha\/\">Hamad International Doha (Katar)<\/a>. Dabei dauert die Flugreise ohne Zwischenlandung nach Doha, die Hauptstadt Katars, ca. 6 Stunden.<\/p>\n<div id=\"attachment_450\" style=\"width: 810px\" class=\"wp-caption aligncenter\"><img loading=\"lazy\" decoding=\"async\" aria-describedby=\"caption-attachment-450\" class=\"size-full wp-image-450\" src=\"http:\/\/www.katar-information.de\/wp-content\/uploads\/2016\/12\/badestrand-katara-beach-doha-mit-dhow.jpg\" alt=\"Badestrand Katara Beach mit Dohw in Doha\" width=\"800\" height=\"339\" srcset=\"https:\/\/www.katar-information.de\/wp-content\/uploads\/2016\/12\/badestrand-katara-beach-doha-mit-dhow.jpg 800w, https:\/\/www.katar-information.de\/wp-content\/uploads\/2016\/12\/badestrand-katara-beach-doha-mit-dhow-300x127.jpg 300w, https:\/\/www.katar-information.de\/wp-content\/uploads\/2016\/12\/badestrand-katara-beach-doha-mit-dhow-768x325.jpg 768w\" sizes=\"auto, (max-width: 800px) 100vw, 800px\" \/><p id=\"caption-attachment-450\" class=\"wp-caption-text\">Badestrand Katara Beach mit Dhow in Doha<\/p><\/div>\n<h3>Katar ein arabisches Land will kein zweites buntes Abu Dabi bzw. Dubai sein<\/h3>\n<p>Das Emirat Katar eignet sich f\u00fcr diejenigen, die gern die arabische und islamische Kultur in einem traditionsbewussten Land kennenlernen wollen, allerdings dabei auf \u00fcberm\u00e4\u00dfigen Prunk, Buntes und Kitschiges verzichten m\u00f6chten. Katar grenzt sich und seinen Still bewusst von Nachbarl\u00e4ndern wie Abu Dhabi oder Dubai ab, da selbst Kataris diese Regionen zu bunt und kitschig sind. Das Land Katar ist durch seine Bodensch\u00e4tze wie Erdgas bzw. Erd\u00f6l \u00e4hnlich reich und zeigt dies auch gern, z. B. durch den Bau von imposanten Geb\u00e4uden. Allerdings wird in Doha und ganz Katar darauf geachtet, dies nicht in einer derart \u00fcbertrieben Weise wie in einigen Nachbarl\u00e4ndern umzusetzen. Selbst die einheimischen Bewohner finden Dubai zu bunt und zu traditionslos.<\/p>\n","protected":false},"excerpt":{"rendered":"<div class=\"slide-text-bg2\"><span>Das Urlaubsland Katar Durch seinen immer weiter ansteigenden Bekanntheitsgrad wird Katar f\u00fcr Reisende sowie Urlauber immer interessanter. Sei es als Ort u<\/span><\/div>\n<div class=\"slide-btn-area-sm\"><a href=\"https:\/\/www.katar-information.de\/index.php\/urlaub-in-katar\/urlaubsland-katar\/\" class=\"slide-btn-sm\">weiterlesen<\/a><\/div>\n","protected":false},"author":1,"featured_media":0,"parent":105,"menu_order":10,"comment_status":"closed","ping_status":"closed","template":"","meta":{"footnotes":""},"class_list":["post-494","page","type-page","status-publish","hentry"],"_links":{"self":[{"href":"https:\/\/www.katar-information.de\/index.php\/wp-json\/wp\/v2\/pages\/494","targetHints":{"allow":["GET"]}}],"collection":[{"href":"https:\/\/www.katar-information.de\/index.php\/wp-json\/wp\/v2\/pages"}],"about":[{"href":"https:\/\/www.katar-information.de\/index.php\/wp-json\/wp\/v2\/types\/page"}],"author":[{"embeddable":true,"href":"https:\/\/www.katar-information.de\/index.php\/wp-json\/wp\/v2\/users\/1"}],"replies":[{"embeddable":true,"href":"https:\/\/www.katar-information.de\/index.php\/wp-json\/wp\/v2\/comments?post=494"}],"version-history":[{"count":9,"href":"https:\/\/www.katar-information.de\/index.php\/wp-json\/wp\/v2\/pages\/494\/revisions"}],"predecessor-version":[{"id":2414,"href":"https:\/\/www.katar-information.de\/index.php\/wp-json\/wp\/v2\/pages\/494\/revisions\/2414"}],"up":[{"embeddable":true,"href":"https:\/\/www.katar-information.de\/index.php\/wp-json\/wp\/v2\/pages\/105"}],"wp:attachment":[{"href":"https:\/\/www.katar-information.de\/index.php\/wp-json\/wp\/v2\/media?parent=494"}],"curies":[{"name":"wp","href":"https:\/\/api.w.org\/{rel}","templated":true}]}}