{"id":499,"date":"2017-01-11T14:53:02","date_gmt":"2017-01-11T13:53:02","guid":{"rendered":"http:\/\/www.katar-information.de\/?page_id=499"},"modified":"2017-06-07T12:57:09","modified_gmt":"2017-06-07T10:57:09","slug":"badeurlaub-in-katar","status":"publish","type":"page","link":"https:\/\/www.katar-information.de\/index.php\/urlaub-in-katar\/badeurlaub-in-katar\/","title":{"rendered":"Badeurlaub in Katar"},"content":{"rendered":"<h2>Badeurlaub in Katar<\/h2>\n<p>Das Land Katar befindet sich als Halbinsel im Persischen Golf. Dadurch verf\u00fcgt das Land \u00fcber sehr gute Badestr\u00e4nde, die besonders f\u00fcr Strandbesuche mit der ganzen Familie geeignet sind, wie z. B. den <a href=\"http:\/\/www.katar-information.de\/index.php\/doha-die-hauptstadt-von-katar\/katara-cultural-village-in-doha\/\">Katara Beach<\/a>, Seeline Beach, Seealine Beach resourt Messaid. Das Wasser an Katars Badestr\u00e4nden ist f\u00fcr europ\u00e4ische Verh\u00e4ltnisse ganzj\u00e4hrig sehr warm, ebenso wie das <a href=\"http:\/\/www.katar-information.de\/index.php\/katar-im-ueberblick\/klima-in-katar\/\">Klima in Katar<\/a>.<\/p>\n<h3>Strand nahe des Sealine Beach a Murwab Resort<\/h3>\n<p>Um aus Doha an den Sealine Beach des a Murwab Resort zu gelangen, ist eine Autofahrt von ca. 1 Stunde n\u00f6tig.<\/p>\n<div id=\"attachment_446\" style=\"width: 810px\" class=\"wp-caption aligncenter\"><img loading=\"lazy\" decoding=\"async\" aria-describedby=\"caption-attachment-446\" class=\"size-full wp-image-446\" src=\"http:\/\/www.katar-information.de\/wp-content\/uploads\/2016\/12\/badestrand-katar-sealine-beach-resort.jpg\" alt=\"Badespass in Katar - Badestrand Sealine Beach Resort\" width=\"800\" height=\"339\" srcset=\"https:\/\/www.katar-information.de\/wp-content\/uploads\/2016\/12\/badestrand-katar-sealine-beach-resort.jpg 800w, https:\/\/www.katar-information.de\/wp-content\/uploads\/2016\/12\/badestrand-katar-sealine-beach-resort-300x127.jpg 300w, https:\/\/www.katar-information.de\/wp-content\/uploads\/2016\/12\/badestrand-katar-sealine-beach-resort-768x325.jpg 768w\" sizes=\"auto, (max-width: 800px) 100vw, 800px\" \/><p id=\"caption-attachment-446\" class=\"wp-caption-text\">Badespass in Katar &#8211; Badestrand Sealine Beach Resort<\/p><\/div>\n<h3>Katara Beach in Doha<\/h3>\n<p>Der Strand von Katara Beach ist vor allem bei Einwohnern oder Besuchern Dohas sehr beliebt, da er sich in direkter N\u00e4he zu Doha befindet.<\/p>\n<div id=\"attachment_448\" style=\"width: 810px\" class=\"wp-caption aligncenter\"><img loading=\"lazy\" decoding=\"async\" aria-describedby=\"caption-attachment-448\" class=\"size-full wp-image-448\" src=\"http:\/\/www.katar-information.de\/wp-content\/uploads\/2016\/12\/badestrand-katara-beach-doha.jpg\" alt=\"Badestrand Katara Beach in Doha\" width=\"800\" height=\"339\" srcset=\"https:\/\/www.katar-information.de\/wp-content\/uploads\/2016\/12\/badestrand-katara-beach-doha.jpg 800w, https:\/\/www.katar-information.de\/wp-content\/uploads\/2016\/12\/badestrand-katara-beach-doha-300x127.jpg 300w, https:\/\/www.katar-information.de\/wp-content\/uploads\/2016\/12\/badestrand-katara-beach-doha-768x325.jpg 768w\" sizes=\"auto, (max-width: 800px) 100vw, 800px\" \/><p id=\"caption-attachment-448\" class=\"wp-caption-text\">Badestrand Katara Beach in Doha<\/p><\/div>\n<h3>Kleiderordnung (Dress Code Regulations) f\u00fcr das Baden in Katar<\/h3>\n<p>Es ist nicht erw\u00fcnscht, das sich Frauen in einem Bikini oder enganliegendem Badeanzug am Strand aufhalten. Vielmehr ist es gew\u00fcnscht einen weiten Badeanzug zu tragen, wie es die einheimischen Frauen auch tun. So wie beispielsweise am Katarabeach in Doha. Dort ist das Tragen eines Bikinis oder enganliegenden Badeanzuges f\u00fcr Frauen per Hausordnung verboten.<br \/>\nAllerdings wird diese Regel nicht \u00fcberall umgesetzt, vor allem dort wo viele ausl\u00e4ndische Touristen, wie Amerikaner oder Europ\u00e4er zum Baden gehen bzw. in eingegrenzten Bereichen wie dem Sealine Beach a Murwab Resort. Dort existiert keine Vorgabe bez\u00fcglich der Kleidung f\u00fcr einen Strandbesuch von Frauen, so das hier mit Bikini \u00a0das Strand- und Badevergn\u00fcgen genossen werden kann.<\/p>\n<div id=\"attachment_192\" style=\"width: 810px\" class=\"wp-caption aligncenter\"><img loading=\"lazy\" decoding=\"async\" aria-describedby=\"caption-attachment-192\" class=\"size-full wp-image-192\" src=\"http:\/\/www.katar-information.de\/wp-content\/uploads\/2017\/01\/alkohol-in-katar-mesaieed-sealine-beach-resort.jpg\" alt=\"Mesaieed Sealine Beach Resort (Alkohol in Katar)\" width=\"800\" height=\"339\" srcset=\"https:\/\/www.katar-information.de\/wp-content\/uploads\/2017\/01\/alkohol-in-katar-mesaieed-sealine-beach-resort.jpg 800w, https:\/\/www.katar-information.de\/wp-content\/uploads\/2017\/01\/alkohol-in-katar-mesaieed-sealine-beach-resort-300x127.jpg 300w, https:\/\/www.katar-information.de\/wp-content\/uploads\/2017\/01\/alkohol-in-katar-mesaieed-sealine-beach-resort-768x325.jpg 768w\" sizes=\"auto, (max-width: 800px) 100vw, 800px\" \/><p id=\"caption-attachment-192\" class=\"wp-caption-text\">Mesaieed Sealine Beach Resort (Alkohol in Katar)<\/p><\/div>\n","protected":false},"excerpt":{"rendered":"<div class=\"slide-text-bg2\"><span>Badeurlaub in Katar Das Land Katar befindet sich als Halbinsel im Persischen Golf. Dadurch verf\u00fcgt das Land \u00fcber sehr gute Badestr\u00e4nde, die besonders f?<\/span><\/div>\n<div class=\"slide-btn-area-sm\"><a href=\"https:\/\/www.katar-information.de\/index.php\/urlaub-in-katar\/badeurlaub-in-katar\/\" class=\"slide-btn-sm\">weiterlesen<\/a><\/div>\n","protected":false},"author":1,"featured_media":0,"parent":105,"menu_order":30,"comment_status":"closed","ping_status":"closed","template":"","meta":{"footnotes":""},"class_list":["post-499","page","type-page","status-publish","hentry"],"_links":{"self":[{"href":"https:\/\/www.katar-information.de\/index.php\/wp-json\/wp\/v2\/pages\/499","targetHints":{"allow":["GET"]}}],"collection":[{"href":"https:\/\/www.katar-information.de\/index.php\/wp-json\/wp\/v2\/pages"}],"about":[{"href":"https:\/\/www.katar-information.de\/index.php\/wp-json\/wp\/v2\/types\/page"}],"author":[{"embeddable":true,"href":"https:\/\/www.katar-information.de\/index.php\/wp-json\/wp\/v2\/users\/1"}],"replies":[{"embeddable":true,"href":"https:\/\/www.katar-information.de\/index.php\/wp-json\/wp\/v2\/comments?post=499"}],"version-history":[{"count":13,"href":"https:\/\/www.katar-information.de\/index.php\/wp-json\/wp\/v2\/pages\/499\/revisions"}],"predecessor-version":[{"id":1692,"href":"https:\/\/www.katar-information.de\/index.php\/wp-json\/wp\/v2\/pages\/499\/revisions\/1692"}],"up":[{"embeddable":true,"href":"https:\/\/www.katar-information.de\/index.php\/wp-json\/wp\/v2\/pages\/105"}],"wp:attachment":[{"href":"https:\/\/www.katar-information.de\/index.php\/wp-json\/wp\/v2\/media?parent=499"}],"curies":[{"name":"wp","href":"https:\/\/api.w.org\/{rel}","templated":true}]}}