{"id":536,"date":"2017-01-12T11:11:49","date_gmt":"2017-01-12T10:11:49","guid":{"rendered":"http:\/\/www.katar-information.de\/?page_id=536"},"modified":"2017-05-07T16:08:55","modified_gmt":"2017-05-07T14:08:55","slug":"wirtschaftsstandort-doha","status":"publish","type":"page","link":"https:\/\/www.katar-information.de\/index.php\/doha-die-hauptstadt-von-katar\/wirtschaftsstandort-doha\/","title":{"rendered":"Wirtschaftsstandort Doha"},"content":{"rendered":"<h2>Standort Doha<\/h2>\n<p>Die Stadt Doha beheimatet den Internationalen Flughafen Doha, durch welchen das Land Katar gut an den internationalen Flugverkehr angebunden ist. Dies ist eine wichtige Grundlage f\u00fcr den Wirtschaftsstandort Doha. Weiterhin wird in Doha der New International Airport gebaut, der seit dem Jahr 2012 im Betrieb ist. Doha steht in direktem Konkurrenzkampf zu anderen arabischen Metropolen wie z. B. Dubai und Abu Dhabi.<\/p>\n<h3>Wirtschaftsstandort Doha und Tourismus in Doha<\/h3>\n<p>Doha soll sich neben diesen St\u00e4dten als Zentrum f\u00fcr Finanzen, Bildung, Sport und Freizeit entwickeln. Ein weiteres Ziel ist die Steigerung des Tourismus in Doha, um interessierte Touristen in den Urlaub nach Katar zu locken.<\/p>\n<div id=\"attachment_542\" style=\"width: 810px\" class=\"wp-caption aligncenter\"><img loading=\"lazy\" decoding=\"async\" aria-describedby=\"caption-attachment-542\" class=\"size-full wp-image-542\" src=\"http:\/\/www.katar-information.de\/wp-content\/uploads\/2017\/01\/wirtschaftsstandort-doha-wirtschaftstandort-katar.jpg\" alt=\"Wirtschaftsstandort Doha \/ Wirtschaftstandort Katar\" width=\"800\" height=\"347\" srcset=\"https:\/\/www.katar-information.de\/wp-content\/uploads\/2017\/01\/wirtschaftsstandort-doha-wirtschaftstandort-katar.jpg 800w, https:\/\/www.katar-information.de\/wp-content\/uploads\/2017\/01\/wirtschaftsstandort-doha-wirtschaftstandort-katar-300x130.jpg 300w, https:\/\/www.katar-information.de\/wp-content\/uploads\/2017\/01\/wirtschaftsstandort-doha-wirtschaftstandort-katar-768x333.jpg 768w\" sizes=\"auto, (max-width: 800px) 100vw, 800px\" \/><p id=\"caption-attachment-542\" class=\"wp-caption-text\">Wirtschaftsstandort Doha \/ Wirtschaftsstandort Katar<\/p><\/div>\n<h3>Wirtschaftsstandort Katar \/ Hotels in Doha<\/h3>\n<p>Dabei ist die Weiterentwicklung des Tourismus in Doha bereits in vollem Gange. So stehen aktuell \u00fcber 12.000 Hotelzimmer (Stand. 2010) zur Verf\u00fcgung, wobei die Zimmerkapazit\u00e4t kontinuierlich bis zur FIFA Fu\u00dfball WM 2022 in Katar ausgebaut wird. Allerdings werden viele der neuen Hotelzimmer in Doha auf Kosten alter Bausubstanz generiert, wodurch das historische Doha immer st\u00e4rker zur\u00fcckgedr\u00e4ngt wird. Eine spezielle Form des Tourismus im Nahen Osten ist der Medizin- bzw. Gesundheitstourismus, welcher auch als Wirtschaftsfaktor immer mehr an Bedeutung gewinnt. Um in diesem Bereich aktiv zu werden, wurden in Doha drei neue Spezialkliniken bzw. spezielle Medizinzentren gebaut. Weiterhin befinden sich in Doha bedeutende Teile der katarischen \u00d6l-, Gas-, D\u00fcngemittel- und Fischereiindustrie sowie die Education City. Education City ist ein innerst\u00e4dtisches Areal f\u00fcr Forschung und Bildung. Ebenso hat der Fernsehsender Al Jazeera, der 1996 gegr\u00fcndet wurde und in alle arabischen L\u00e4nder ausgestrahlt wird, seinen Hauptsitz in Doha.<\/p>\n","protected":false},"excerpt":{"rendered":"<div class=\"slide-text-bg2\"><span>Standort Doha Die Stadt Doha beheimatet den Internationalen Flughafen Doha, durch welchen das Land Katar gut an den internationalen Flugverkehr angebunden <\/span><\/div>\n<div class=\"slide-btn-area-sm\"><a href=\"https:\/\/www.katar-information.de\/index.php\/doha-die-hauptstadt-von-katar\/wirtschaftsstandort-doha\/\" class=\"slide-btn-sm\">weiterlesen<\/a><\/div>\n","protected":false},"author":1,"featured_media":0,"parent":525,"menu_order":20,"comment_status":"closed","ping_status":"closed","template":"","meta":{"footnotes":""},"class_list":["post-536","page","type-page","status-publish","hentry"],"_links":{"self":[{"href":"https:\/\/www.katar-information.de\/index.php\/wp-json\/wp\/v2\/pages\/536","targetHints":{"allow":["GET"]}}],"collection":[{"href":"https:\/\/www.katar-information.de\/index.php\/wp-json\/wp\/v2\/pages"}],"about":[{"href":"https:\/\/www.katar-information.de\/index.php\/wp-json\/wp\/v2\/types\/page"}],"author":[{"embeddable":true,"href":"https:\/\/www.katar-information.de\/index.php\/wp-json\/wp\/v2\/users\/1"}],"replies":[{"embeddable":true,"href":"https:\/\/www.katar-information.de\/index.php\/wp-json\/wp\/v2\/comments?post=536"}],"version-history":[{"count":11,"href":"https:\/\/www.katar-information.de\/index.php\/wp-json\/wp\/v2\/pages\/536\/revisions"}],"predecessor-version":[{"id":1427,"href":"https:\/\/www.katar-information.de\/index.php\/wp-json\/wp\/v2\/pages\/536\/revisions\/1427"}],"up":[{"embeddable":true,"href":"https:\/\/www.katar-information.de\/index.php\/wp-json\/wp\/v2\/pages\/525"}],"wp:attachment":[{"href":"https:\/\/www.katar-information.de\/index.php\/wp-json\/wp\/v2\/media?parent=536"}],"curies":[{"name":"wp","href":"https:\/\/api.w.org\/{rel}","templated":true}]}}