{"id":544,"date":"2017-01-12T11:21:27","date_gmt":"2017-01-12T10:21:27","guid":{"rendered":"http:\/\/www.katar-information.de\/?page_id=544"},"modified":"2017-05-07T16:09:19","modified_gmt":"2017-05-07T14:09:19","slug":"sportevents-in-doha","status":"publish","type":"page","link":"https:\/\/www.katar-information.de\/index.php\/doha-die-hauptstadt-von-katar\/sportevents-in-doha\/","title":{"rendered":"Sportevents in Doha"},"content":{"rendered":"<h2>Sportveranstaltungen in Doha (Katar)<\/h2>\n<p>Der Wirtschaftsstandort Doha bem\u00fcht sich ebenso ein Zentrum f\u00fcr Sportevents zu werden. So finden seit 1998 regelm\u00e4\u00dfig die Qatar Masters (internationales Golfturnier) in den Golfanlagen des Doha Golf Club statt. Weiterhin fand in Doha bereits der Doha W\u00fcstenmarathon, die Qatar International Segelregatta, das Qatar Exxon Mobile Open Tennis-Turnier, die ATP Qatar Tennis Open sowie zahlreiche Pferd- und Radsportveranstaltungen statt.<\/p>\n<div id=\"attachment_548\" style=\"width: 810px\" class=\"wp-caption aligncenter\"><img loading=\"lazy\" decoding=\"async\" aria-describedby=\"caption-attachment-548\" class=\"size-full wp-image-548\" src=\"http:\/\/www.katar-information.de\/wp-content\/uploads\/2017\/01\/sportevents-in-doha.jpg\" alt=\"Sportevents in Doha\" width=\"800\" height=\"307\" srcset=\"https:\/\/www.katar-information.de\/wp-content\/uploads\/2017\/01\/sportevents-in-doha.jpg 800w, https:\/\/www.katar-information.de\/wp-content\/uploads\/2017\/01\/sportevents-in-doha-300x115.jpg 300w, https:\/\/www.katar-information.de\/wp-content\/uploads\/2017\/01\/sportevents-in-doha-768x295.jpg 768w\" sizes=\"auto, (max-width: 800px) 100vw, 800px\" \/><p id=\"caption-attachment-548\" class=\"wp-caption-text\">Sportevents in Doha<\/p><\/div>\n<h3>Aspire Academy in Doha (Katar)<\/h3>\n<p>Um f\u00fcr gro\u00dfe Sportevents die n\u00f6tigen Rahmenbedingungen zu schaffen, wurde mit der Aspire Academy ein \u00fcber 200 Hektar gro\u00dfes Sport- und Trainingszentrum geschaffen, auf welchem sich neben mehreren Trainingspl\u00e4tzen und Stadien, eine \u00fcberdachte Schwimm-, Multifunktions- und Eissporthalle befindet. Das Gebiet der Aspire Academy ist von weitem sichtbar, da sich auf dem Gel\u00e4nde ebenfalls die Aspire Tower befinden, die mit 318 Meter H\u00f6he die h\u00f6chsten Geb\u00e4ude von Katar sind.<\/p>\n<h3>Sportevents in Doha &#8211; 15. Asienspiele und die Fu\u00dfball-Weltmeisterschaft 2022 in Katar<\/h3>\n<p>In Doha fanden 2006 die 15. Asienspiele statt. Weiterhin hatte sich Doha f\u00fcr die Olympischen Spiele 2016 beworben. Im Jahr 2022 wird die Fu\u00dfball-Weltmeisterschaft in Katar ausgetragen, die Spiele werden in Fu\u00dfballstadien stattfinden.<\/p>\n","protected":false},"excerpt":{"rendered":"<div class=\"slide-text-bg2\"><span>Sportveranstaltungen in Doha (Katar) Der Wirtschaftsstandort Doha bem\u00fcht sich ebenso ein Zentrum f\u00fcr Sportevents zu werden. So finden seit 1998 regelm\u00e4?<\/span><\/div>\n<div class=\"slide-btn-area-sm\"><a href=\"https:\/\/www.katar-information.de\/index.php\/doha-die-hauptstadt-von-katar\/sportevents-in-doha\/\" class=\"slide-btn-sm\">weiterlesen<\/a><\/div>\n","protected":false},"author":1,"featured_media":0,"parent":525,"menu_order":30,"comment_status":"closed","ping_status":"closed","template":"","meta":{"footnotes":""},"class_list":["post-544","page","type-page","status-publish","hentry"],"_links":{"self":[{"href":"https:\/\/www.katar-information.de\/index.php\/wp-json\/wp\/v2\/pages\/544","targetHints":{"allow":["GET"]}}],"collection":[{"href":"https:\/\/www.katar-information.de\/index.php\/wp-json\/wp\/v2\/pages"}],"about":[{"href":"https:\/\/www.katar-information.de\/index.php\/wp-json\/wp\/v2\/types\/page"}],"author":[{"embeddable":true,"href":"https:\/\/www.katar-information.de\/index.php\/wp-json\/wp\/v2\/users\/1"}],"replies":[{"embeddable":true,"href":"https:\/\/www.katar-information.de\/index.php\/wp-json\/wp\/v2\/comments?post=544"}],"version-history":[{"count":7,"href":"https:\/\/www.katar-information.de\/index.php\/wp-json\/wp\/v2\/pages\/544\/revisions"}],"predecessor-version":[{"id":1428,"href":"https:\/\/www.katar-information.de\/index.php\/wp-json\/wp\/v2\/pages\/544\/revisions\/1428"}],"up":[{"embeddable":true,"href":"https:\/\/www.katar-information.de\/index.php\/wp-json\/wp\/v2\/pages\/525"}],"wp:attachment":[{"href":"https:\/\/www.katar-information.de\/index.php\/wp-json\/wp\/v2\/media?parent=544"}],"curies":[{"name":"wp","href":"https:\/\/api.w.org\/{rel}","templated":true}]}}