{"id":564,"date":"2017-01-12T12:10:26","date_gmt":"2017-01-12T11:10:26","guid":{"rendered":"http:\/\/www.katar-information.de\/?page_id=564"},"modified":"2017-05-07T16:10:29","modified_gmt":"2017-05-07T14:10:29","slug":"the-pearl-in-doha","status":"publish","type":"page","link":"https:\/\/www.katar-information.de\/index.php\/doha-die-hauptstadt-von-katar\/the-pearl-in-doha\/","title":{"rendered":"The Pearl in Doha"},"content":{"rendered":"<p>The Pearl (zu deutsch, die Perle) ist ein Bauprojekt in Doha, der Hauptstadt Katars. Im Zuge des Bauprojektes The Pearl wurde eine k\u00fcnstliche Insel geschaffen, \u00e4hnlich anderen Projekten wie z. B. Palm Islands in Dubai.<\/p>\n<h2>The Pearl eine k\u00fcnstliche Insel<\/h2>\n<p>The Pearl umfasst eine Fl\u00e4che von ca. 400 Hektar. Die k\u00fcnstliche Insel liegt ca. 10 Kilometer nord\u00f6stlich von der City of Doha entfernt. The Pearl soll nach ihrer Fertigstellung ca. 30.000 Menschen Platz zum Leben bieten. Auf der Pearl werden luxuri\u00f6se Wohnh\u00e4user sowie einfachere Mehrparteienh\u00e4user und Wohnbl\u00f6cke errichtet.<\/p>\n<div id=\"attachment_570\" style=\"width: 810px\" class=\"wp-caption aligncenter\"><img loading=\"lazy\" decoding=\"async\" aria-describedby=\"caption-attachment-570\" class=\"size-full wp-image-570\" src=\"http:\/\/www.katar-information.de\/wp-content\/uploads\/2017\/01\/yachthafen-in-the-pearl-doha.jpg\" alt=\"Yachthafen in The Pearl (Katar)\" width=\"800\" height=\"338\" srcset=\"https:\/\/www.katar-information.de\/wp-content\/uploads\/2017\/01\/yachthafen-in-the-pearl-doha.jpg 800w, https:\/\/www.katar-information.de\/wp-content\/uploads\/2017\/01\/yachthafen-in-the-pearl-doha-300x127.jpg 300w, https:\/\/www.katar-information.de\/wp-content\/uploads\/2017\/01\/yachthafen-in-the-pearl-doha-768x324.jpg 768w\" sizes=\"auto, (max-width: 800px) 100vw, 800px\" \/><p id=\"caption-attachment-570\" class=\"wp-caption-text\">Yachthafen in The Pearl (Katar)<\/p><\/div>\n<h3>Luxushotels, Einkaufsmall, Einzelhandelsgesch\u00e4fte, Caf\u00e9s und Restaurants auf der Pearl in Doha<\/h3>\n<p>Zus\u00e4tzlich werden mehrere Luxushotels gebaut. Ebenso wie Geb\u00e4ude f\u00fcr das t\u00e4gliche Leben, wie z. B. Kinderg\u00e4rten, Schulgeb\u00e4ude, Einkaufsmall, Einzelhandelsgesch\u00e4fte, Caf\u00e9s und Restaurants. Dabei orientiert sich der Baustil an den Geb\u00e4uden der Provence bzw. der Toskana. Weiterhin werden Anlegestellen f\u00fcr eine hohe Anzahl an Yachten realisiert. Die Pearl in Doha besteht aus einer gro\u00dfen Bucht in der Mitte der k\u00fcnstlichen Insel sowie zwei kleinere Buchten, welche an die gro\u00dfe Bucht grenzen. Zus\u00e4tzlich werden sp\u00e4ter kleinere Inseln an die Pearl gebaut werden, welche alle mit einem Stra\u00dfennetz verbunden sind. Auf diesen kleineren Inseln, werden ebenso Wohnh\u00e4user und Luxusapartments errichtet sowie Bootsanlegestellen.<\/p>\n<div id=\"attachment_568\" style=\"width: 810px\" class=\"wp-caption aligncenter\"><img loading=\"lazy\" decoding=\"async\" aria-describedby=\"caption-attachment-568\" class=\"size-full wp-image-568\" src=\"http:\/\/www.katar-information.de\/wp-content\/uploads\/2017\/01\/the-pearl-in-doha.jpg\" alt=\"The Pearl in Doha (Katar)\" width=\"800\" height=\"471\" srcset=\"https:\/\/www.katar-information.de\/wp-content\/uploads\/2017\/01\/the-pearl-in-doha.jpg 800w, https:\/\/www.katar-information.de\/wp-content\/uploads\/2017\/01\/the-pearl-in-doha-300x177.jpg 300w, https:\/\/www.katar-information.de\/wp-content\/uploads\/2017\/01\/the-pearl-in-doha-768x452.jpg 768w\" sizes=\"auto, (max-width: 800px) 100vw, 800px\" \/><p id=\"caption-attachment-568\" class=\"wp-caption-text\">The Pearl in Doha (Katar)<\/p><\/div>\n<h3>Immobilien auf der Pearl<\/h3>\n<p>Zielgruppe f\u00fcr die sp\u00e4ter zu vermietenden Wohnungen und H\u00e4user sind weniger Kataris, sondern vielmehr wohlhabende Araber aus Saudi-Arabien oder anderen Bereichen der Golfstaaten. An der Pearl wird seit 2006 gebaut und soll bis 2014 fertig gestellt werden. Als Katar Tourist ist die Pearl vor allen in den Abendstunden sehr interessant. \u00dcber den Tag gibt es relativ wenige Aktivit\u00e4ten, was mit den hei\u00dfen Temperaturen in Katar zu begr\u00fcnden ist. Abends bzw. nachts wenn die Temperaturen in Katar deutlich gefallen sind, sind viele Menschen auf der Pearl unterwegs und flanieren durch sie, vergleichbar mit \u00a0anderen Strandpromenaden. Auf der Pearl sind bereits aktuell eine Vielzahl von exklusiven Restaurants und Gesch\u00e4ften untergebracht, in welchen man exklusiv speisen oder shoppen kann.<\/p>\n","protected":false},"excerpt":{"rendered":"<div class=\"slide-text-bg2\"><span>The Pearl (zu deutsch, die Perle) ist ein Bauprojekt in Doha, der Hauptstadt Katars. Im Zuge des Bauprojektes The Pearl wurde eine k\u00fcnstliche Insel gescha<\/span><\/div>\n<div class=\"slide-btn-area-sm\"><a href=\"https:\/\/www.katar-information.de\/index.php\/doha-die-hauptstadt-von-katar\/the-pearl-in-doha\/\" class=\"slide-btn-sm\">weiterlesen<\/a><\/div>\n","protected":false},"author":1,"featured_media":0,"parent":525,"menu_order":70,"comment_status":"closed","ping_status":"closed","template":"","meta":{"footnotes":""},"class_list":["post-564","page","type-page","status-publish","hentry"],"_links":{"self":[{"href":"https:\/\/www.katar-information.de\/index.php\/wp-json\/wp\/v2\/pages\/564","targetHints":{"allow":["GET"]}}],"collection":[{"href":"https:\/\/www.katar-information.de\/index.php\/wp-json\/wp\/v2\/pages"}],"about":[{"href":"https:\/\/www.katar-information.de\/index.php\/wp-json\/wp\/v2\/types\/page"}],"author":[{"embeddable":true,"href":"https:\/\/www.katar-information.de\/index.php\/wp-json\/wp\/v2\/users\/1"}],"replies":[{"embeddable":true,"href":"https:\/\/www.katar-information.de\/index.php\/wp-json\/wp\/v2\/comments?post=564"}],"version-history":[{"count":9,"href":"https:\/\/www.katar-information.de\/index.php\/wp-json\/wp\/v2\/pages\/564\/revisions"}],"predecessor-version":[{"id":1431,"href":"https:\/\/www.katar-information.de\/index.php\/wp-json\/wp\/v2\/pages\/564\/revisions\/1431"}],"up":[{"embeddable":true,"href":"https:\/\/www.katar-information.de\/index.php\/wp-json\/wp\/v2\/pages\/525"}],"wp:attachment":[{"href":"https:\/\/www.katar-information.de\/index.php\/wp-json\/wp\/v2\/media?parent=564"}],"curies":[{"name":"wp","href":"https:\/\/api.w.org\/{rel}","templated":true}]}}