{"id":584,"date":"2017-01-12T12:54:36","date_gmt":"2017-01-12T11:54:36","guid":{"rendered":"http:\/\/www.katar-information.de\/?page_id=584"},"modified":"2017-12-24T20:25:49","modified_gmt":"2017-12-24T19:25:49","slug":"fuenfsterne-hotels-vier-sterne-hotels-und-drei-sterne-hotels-in-katar","status":"publish","type":"page","link":"https:\/\/www.katar-information.de\/index.php\/hotels-in-doha-hotels-in-katar\/fuenfsterne-hotels-vier-sterne-hotels-und-drei-sterne-hotels-in-katar\/","title":{"rendered":"F\u00fcnfsterne-Hotels in Doha bzw. Katar"},"content":{"rendered":"<p>In der folgenden Tabelle ist eine \u00dcbersicht von F\u00fcnfsterne-Hotels in Doha bzw. in Katar aufgef\u00fchrt.<\/p>\n<table style=\"font-size: 13px;\" border=\"0\" summary=\"F\u00fcnfsterne-Hotels in Katar\" width=\"799\">\n<caption>\n<h2>F\u00fcnf-Sterne-Hotels in Katar<\/h2>\n<\/caption>\n<tbody>\n<tbody style=\"font-size: 0.8em;\">\n<tr>\n<th scope=\"col\" width=\"4%\"><\/th>\n<th scope=\"col\" width=\"20%\">Hotelname<\/th>\n<th scope=\"col\" width=\"25%\">Internetadresse<\/th>\n<th scope=\"col\" width=\"65\">Zimmer<\/th>\n<th scope=\"col\" width=\"65\">Fitness<\/th>\n<th scope=\"col\" width=\"65\">Restaurant<\/th>\n<th scope=\"col\" width=\"50\">Bar<\/th>\n<th scope=\"col\" width=\"7%\">Pool<\/th>\n<\/tr>\n<tr>\n<th scope=\"row\">1<\/th>\n<td>AI Sultan Beach Resort Al Khor<\/td>\n<td>www.alsultanbeachresort.com<\/td>\n<td style=\"text-align: center;\">200<\/td>\n<td style=\"text-align: center;\">ja<\/td>\n<td style=\"text-align: center;\">ja<\/td>\n<td style=\"text-align: center;\">nein<\/td>\n<td style=\"text-align: center;\">ja<\/td>\n<\/tr>\n<tr>\n<th scope=\"row\">2<\/th>\n<td>Four Seasons Hotel<\/td>\n<td>www.fourseasons.com\/joha<\/td>\n<td style=\"text-align: center;\">220<\/td>\n<td style=\"text-align: center;\">ja<\/td>\n<td style=\"text-align: center;\">ja<\/td>\n<td style=\"text-align: center;\">ja<\/td>\n<td style=\"text-align: center;\">ja<\/td>\n<\/tr>\n<tr>\n<th scope=\"row\">3<\/th>\n<td>Grand Heritage Doha<\/td>\n<td>www.grandheritage.com\/aspire.htm<\/td>\n<td style=\"text-align: center;\">120<\/td>\n<td style=\"text-align: center;\">ja<\/td>\n<td style=\"text-align: center;\">ja<\/td>\n<td style=\"text-align: center;\">nein<\/td>\n<td style=\"text-align: center;\">ja<\/td>\n<\/tr>\n<tr>\n<th scope=\"row\">4<\/th>\n<td>Grand Hyatt Doha<\/td>\n<td>www.doha.grand.hyatt.com<\/td>\n<td style=\"text-align: center;\">240<\/td>\n<td style=\"text-align: center;\">ja<\/td>\n<td style=\"text-align: center;\">ja<\/td>\n<td style=\"text-align: center;\">ja<\/td>\n<td style=\"text-align: center;\">ja<\/td>\n<\/tr>\n<tr>\n<th scope=\"row\">5<\/th>\n<td>InterContinental Doha<\/td>\n<td>www.intercontinental.com<\/td>\n<td style=\"text-align: center;\">280<\/td>\n<td style=\"text-align: center;\">ja<\/td>\n<td style=\"text-align: center;\">ja<\/td>\n<td style=\"text-align: center;\">ja<\/td>\n<td style=\"text-align: center;\">ja<\/td>\n<\/tr>\n<tr>\n<th scope=\"row\">6<\/th>\n<td>Kempinski Residences &amp; Suites<\/td>\n<td>www.kempinski.com\/en\/doha<\/td>\n<td style=\"text-align: center;\">350<\/td>\n<td style=\"text-align: center;\">ja<\/td>\n<td style=\"text-align: center;\">ja<\/td>\n<td style=\"text-align: center;\">ja<\/td>\n<td style=\"text-align: center;\">ja<\/td>\n<\/tr>\n<tr>\n<th scope=\"row\">7<\/th>\n<td>La Cigale Hotel<\/td>\n<td>www.lacigalehotel.com<\/td>\n<td style=\"text-align: center;\">220<\/td>\n<td style=\"text-align: center;\">ja<\/td>\n<td style=\"text-align: center;\">ja<\/td>\n<td style=\"text-align: center;\">ja<\/td>\n<td style=\"text-align: center;\">ja<\/td>\n<\/tr>\n<tr>\n<th scope=\"row\">8<\/th>\n<td>Le Vendome Hotel<\/td>\n<td>www.lavendomehqatar.com<\/td>\n<td style=\"text-align: center;\">100<\/td>\n<td style=\"text-align: center;\">ja<\/td>\n<td style=\"text-align: center;\">ja<\/td>\n<td style=\"text-align: center;\">nein<\/td>\n<td style=\"text-align: center;\">nein<\/td>\n<\/tr>\n<tr>\n<th scope=\"row\">9<\/th>\n<td>Marriott Doha<\/td>\n<td>www.dohamarriott.com<\/td>\n<td style=\"text-align: center;\">350<\/td>\n<td style=\"text-align: center;\">ja<\/td>\n<td style=\"text-align: center;\">ja<\/td>\n<td style=\"text-align: center;\">ja<\/td>\n<td style=\"text-align: center;\">ja<\/td>\n<\/tr>\n<tr>\n<th scope=\"row\">10<\/th>\n<td>Merwebhotel Central Doha<\/td>\n<td>www.merweb.cc|m<\/td>\n<td style=\"text-align: center;\">200<\/td>\n<td style=\"text-align: center;\">ja<\/td>\n<td style=\"text-align: center;\">ja<\/td>\n<td style=\"text-align: center;\">ja<\/td>\n<td style=\"text-align: center;\">ja<\/td>\n<\/tr>\n<tr>\n<th scope=\"row\">11<\/th>\n<td>Millennium Hotel Doha<\/td>\n<td>www.milenniumhotels.com<\/td>\n<td style=\"text-align: center;\">200<\/td>\n<td style=\"text-align: center;\">ja<\/td>\n<td style=\"text-align: center;\">ja<\/td>\n<td style=\"text-align: center;\">nein<\/td>\n<td style=\"text-align: center;\">ja<\/td>\n<\/tr>\n<tr>\n<th scope=\"row\">12<\/th>\n<td>M\u00f6venpick Tower &amp; Suites Doha<\/td>\n<td>www.moevenpick-doha.tower.con<\/td>\n<td style=\"text-align: center;\">350<\/td>\n<td style=\"text-align: center;\">ja<\/td>\n<td style=\"text-align: center;\">ja<\/td>\n<td style=\"text-align: center;\">nein<\/td>\n<td style=\"text-align: center;\">ja<\/td>\n<\/tr>\n<tr>\n<th scope=\"row\">13<\/th>\n<td>Sealine Beach Resort<\/td>\n<td>www.merweb.com<\/td>\n<td style=\"text-align: center;\">70<\/td>\n<td style=\"text-align: center;\">ja<\/td>\n<td style=\"text-align: center;\">ja<\/td>\n<td style=\"text-align: center;\">ja<\/td>\n<td style=\"text-align: center;\">ja<\/td>\n<\/tr>\n<tr>\n<th scope=\"row\">14<\/th>\n<td>Sharq Village and Spa<\/td>\n<td>www.sharqvillage.com<\/td>\n<td style=\"text-align: center;\">150<\/td>\n<td style=\"text-align: center;\">ja<\/td>\n<td style=\"text-align: center;\">ja<\/td>\n<td style=\"text-align: center;\">ja<\/td>\n<td style=\"text-align: center;\">ja<\/td>\n<\/tr>\n<tr>\n<th scope=\"row\">15<\/th>\n<td>Sheraton Doha<\/td>\n<td>www.sheraton.com doha<\/td>\n<td style=\"text-align: center;\">350<\/td>\n<td style=\"text-align: center;\">ja<\/td>\n<td style=\"text-align: center;\">ja<\/td>\n<td style=\"text-align: center;\">ja<\/td>\n<td style=\"text-align: center;\">ja<\/td>\n<\/tr>\n<tr>\n<th scope=\"row\">16<\/th>\n<td>The Ritz-Carlton, Doha<\/td>\n<td>www.ritzcarlton.com\/middleeast<\/td>\n<td style=\"text-align: center;\">350<\/td>\n<td style=\"text-align: center;\">ja<\/td>\n<td style=\"text-align: center;\">ja<\/td>\n<td style=\"text-align: center;\">ja<\/td>\n<td style=\"text-align: center;\">ja<\/td>\n<\/tr>\n<tr>\n<th scope=\"row\">17<\/th>\n<td>W Doha (Hotel &amp; Residences)<\/td>\n<td>www.whotels.com\/doha<\/td>\n<td style=\"text-align: center;\">400<\/td>\n<td style=\"text-align: center;\">ja<\/td>\n<td style=\"text-align: center;\">ja<\/td>\n<td style=\"text-align: center;\">ja<\/td>\n<td style=\"text-align: center;\">ja<\/td>\n<\/tr>\n<tr>\n<th scope=\"row\">18<\/th>\n<td>Wyndham Grand Regency Hotel<\/td>\n<td>www.wyndhamgrandregency.com<\/td>\n<td style=\"text-align: center;\">220<\/td>\n<td style=\"text-align: center;\">ja<\/td>\n<td style=\"text-align: center;\">ja<\/td>\n<td style=\"text-align: center;\">nein<\/td>\n<td style=\"text-align: center;\">ja<\/td>\n<\/tr>\n<\/tbody>\n<\/table>\n<p>Die Liste der F\u00fcnsternehotels in Doha bzw. Katar hat keinen Anspruch auf Vollst\u00e4ndigkeit.<\/p>\n","protected":false},"excerpt":{"rendered":"<div class=\"slide-text-bg2\"><span>In der folgenden Tabelle ist eine \u00dcbersicht von F\u00fcnfsterne-Hotels in Doha bzw. in Katar aufgef\u00fchrt. F\u00fcnf-Sterne-Hotels in Katar Hotelname Internetadres<\/span><\/div>\n<div class=\"slide-btn-area-sm\"><a href=\"https:\/\/www.katar-information.de\/index.php\/hotels-in-doha-hotels-in-katar\/fuenfsterne-hotels-vier-sterne-hotels-und-drei-sterne-hotels-in-katar\/\" class=\"slide-btn-sm\">weiterlesen<\/a><\/div>\n","protected":false},"author":1,"featured_media":0,"parent":98,"menu_order":30,"comment_status":"closed","ping_status":"closed","template":"","meta":{"footnotes":""},"class_list":["post-584","page","type-page","status-publish","hentry"],"_links":{"self":[{"href":"https:\/\/www.katar-information.de\/index.php\/wp-json\/wp\/v2\/pages\/584","targetHints":{"allow":["GET"]}}],"collection":[{"href":"https:\/\/www.katar-information.de\/index.php\/wp-json\/wp\/v2\/pages"}],"about":[{"href":"https:\/\/www.katar-information.de\/index.php\/wp-json\/wp\/v2\/types\/page"}],"author":[{"embeddable":true,"href":"https:\/\/www.katar-information.de\/index.php\/wp-json\/wp\/v2\/users\/1"}],"replies":[{"embeddable":true,"href":"https:\/\/www.katar-information.de\/index.php\/wp-json\/wp\/v2\/comments?post=584"}],"version-history":[{"count":27,"href":"https:\/\/www.katar-information.de\/index.php\/wp-json\/wp\/v2\/pages\/584\/revisions"}],"predecessor-version":[{"id":1977,"href":"https:\/\/www.katar-information.de\/index.php\/wp-json\/wp\/v2\/pages\/584\/revisions\/1977"}],"up":[{"embeddable":true,"href":"https:\/\/www.katar-information.de\/index.php\/wp-json\/wp\/v2\/pages\/98"}],"wp:attachment":[{"href":"https:\/\/www.katar-information.de\/index.php\/wp-json\/wp\/v2\/media?parent=584"}],"curies":[{"name":"wp","href":"https:\/\/api.w.org\/{rel}","templated":true}]}}