{"id":632,"date":"2017-01-12T19:02:30","date_gmt":"2017-01-12T18:02:30","guid":{"rendered":"http:\/\/www.katar-information.de\/?page_id=632"},"modified":"2017-05-11T16:16:49","modified_gmt":"2017-05-11T14:16:49","slug":"sicherer-flug-nach-doha-mit-qatar-airways","status":"publish","type":"page","link":"https:\/\/www.katar-information.de\/index.php\/flug-nach-doha-katar\/sicherer-flug-nach-doha-mit-qatar-airways\/","title":{"rendered":"Sicherer Flug nach Doha mit Qatar Airways"},"content":{"rendered":"<h2>Sicherheit und Auszeichnungen von Qatar Airways<\/h2>\n<p>Qatar Airways ist eine der sichersten Airlines der Welt. Bis heute hat die Fluglinie lediglich ein Flugzeug bei einem Hangarbrand im Jahr 2007 verloren. Dar\u00fcber hinaus gab es keine Verluste oder gar Todesopfer. Daher besitzt die Fluggesellschaft den h\u00f6chstm\u00f6glichen Sicherheitsindex (0.000). Weiterhin ist Qatar Airways eine der wenigen Fluglinien die von SKYTRAX f\u00fcnf Sterne bekommen hat. Im Jahr 2012 wurde Qatar Airways zur Fluglinie des Jahres gew\u00e4hlt.<\/p>\n<div id=\"attachment_634\" style=\"width: 810px\" class=\"wp-caption aligncenter\"><img loading=\"lazy\" decoding=\"async\" aria-describedby=\"caption-attachment-634\" class=\"size-full wp-image-634\" src=\"http:\/\/www.katar-information.de\/wp-content\/uploads\/2017\/01\/logo-qatar-airways.jpg\" alt=\"Logo Qatar Airways\" width=\"800\" height=\"235\" srcset=\"https:\/\/www.katar-information.de\/wp-content\/uploads\/2017\/01\/logo-qatar-airways.jpg 800w, https:\/\/www.katar-information.de\/wp-content\/uploads\/2017\/01\/logo-qatar-airways-300x88.jpg 300w, https:\/\/www.katar-information.de\/wp-content\/uploads\/2017\/01\/logo-qatar-airways-768x226.jpg 768w\" sizes=\"auto, (max-width: 800px) 100vw, 800px\" \/><p id=\"caption-attachment-634\" class=\"wp-caption-text\">Logo Qatar Airways<\/p><\/div>\n<h3>Die Geschichte von Qatar Airways<\/h3>\n<p>Im Jahr 1993 wurde die Fluglinie von der k\u00f6niglichen Familie Katar gegr\u00fcndet und nahm im darauffolgenden Jahr den Flugbetrieb auf. Die Airline erwirtschaftete in der Anfangsphase ausschlie\u00dflich Verluste, obwohl sie anf\u00e4nglich nur gebrauchte Flugzeuge nutzte. Nach dem sich die k\u00f6nigliche Familie aus dem operativen Gesch\u00e4ft zur\u00fcckgezogen hatte, wurde Qatar Airways mehr und mehr am Management von westlichen Fluglinien ausgerichtet. Ebenso wurde die Flottenpolitik und damit die verbundene Einkaufspolitik ausschlie\u00dflich auf Airbus fokussiert. So wurde St\u00fcck f\u00fcr St\u00fcck die komplette Flotte mit neuen Maschinen ausgestattet. Aktuell erweitert die Airline ihr Angebot auch im Frachtbereich und will den gr\u00f6\u00dften Mitbewerbern (Lufthansa und Etihad) Marktanteile im Personenflugverkehr sowie Frachtbereich abringen.<\/p>\n","protected":false},"excerpt":{"rendered":"<div class=\"slide-text-bg2\"><span>Sicherheit und Auszeichnungen von Qatar Airways Qatar Airways ist eine der sichersten Airlines der Welt. Bis heute hat die Fluglinie lediglich ein Flugzeug<\/span><\/div>\n<div class=\"slide-btn-area-sm\"><a href=\"https:\/\/www.katar-information.de\/index.php\/flug-nach-doha-katar\/sicherer-flug-nach-doha-mit-qatar-airways\/\" class=\"slide-btn-sm\">weiterlesen<\/a><\/div>\n","protected":false},"author":1,"featured_media":0,"parent":30,"menu_order":70,"comment_status":"closed","ping_status":"closed","template":"","meta":{"footnotes":""},"class_list":["post-632","page","type-page","status-publish","hentry"],"_links":{"self":[{"href":"https:\/\/www.katar-information.de\/index.php\/wp-json\/wp\/v2\/pages\/632","targetHints":{"allow":["GET"]}}],"collection":[{"href":"https:\/\/www.katar-information.de\/index.php\/wp-json\/wp\/v2\/pages"}],"about":[{"href":"https:\/\/www.katar-information.de\/index.php\/wp-json\/wp\/v2\/types\/page"}],"author":[{"embeddable":true,"href":"https:\/\/www.katar-information.de\/index.php\/wp-json\/wp\/v2\/users\/1"}],"replies":[{"embeddable":true,"href":"https:\/\/www.katar-information.de\/index.php\/wp-json\/wp\/v2\/comments?post=632"}],"version-history":[{"count":6,"href":"https:\/\/www.katar-information.de\/index.php\/wp-json\/wp\/v2\/pages\/632\/revisions"}],"predecessor-version":[{"id":1451,"href":"https:\/\/www.katar-information.de\/index.php\/wp-json\/wp\/v2\/pages\/632\/revisions\/1451"}],"up":[{"embeddable":true,"href":"https:\/\/www.katar-information.de\/index.php\/wp-json\/wp\/v2\/pages\/30"}],"wp:attachment":[{"href":"https:\/\/www.katar-information.de\/index.php\/wp-json\/wp\/v2\/media?parent=632"}],"curies":[{"name":"wp","href":"https:\/\/api.w.org\/{rel}","templated":true}]}}