{"id":646,"date":"2017-01-12T19:33:46","date_gmt":"2017-01-12T18:33:46","guid":{"rendered":"http:\/\/www.katar-information.de\/?page_id=646"},"modified":"2018-06-24T17:44:12","modified_gmt":"2018-06-24T15:44:12","slug":"visum-fuer-katar","status":"publish","type":"page","link":"https:\/\/www.katar-information.de\/index.php\/flug-nach-doha-katar\/visum-fuer-katar\/","title":{"rendered":"Visum f\u00fcr Katar"},"content":{"rendered":"<div id=\"attachment_647\" style=\"width: 810px\" class=\"wp-caption aligncenter\"><img loading=\"lazy\" decoding=\"async\" aria-describedby=\"caption-attachment-647\" class=\"size-full wp-image-647\" src=\"http:\/\/www.katar-information.de\/wp-content\/uploads\/2017\/01\/visum-fuer-katar.jpg\" alt=\"Visum f\u00fcr Katar\" width=\"800\" height=\"218\" srcset=\"https:\/\/www.katar-information.de\/wp-content\/uploads\/2017\/01\/visum-fuer-katar.jpg 800w, https:\/\/www.katar-information.de\/wp-content\/uploads\/2017\/01\/visum-fuer-katar-300x82.jpg 300w, https:\/\/www.katar-information.de\/wp-content\/uploads\/2017\/01\/visum-fuer-katar-768x209.jpg 768w\" sizes=\"auto, (max-width: 800px) 100vw, 800px\" \/><p id=\"caption-attachment-647\" class=\"wp-caption-text\">Visum f\u00fcr Katar<\/p><\/div>\n<h2>Visum f\u00fcr die Einreise nach Katar<\/h2>\n<p>F\u00fcr die Einreise in Katar werden folgende vier Visa-Arten unterschieden.<\/p>\n<ul>\n<li>Visum bei der Ankunft<\/li>\n<li>Transitvisum<\/li>\n<li>Gesch\u00e4ftsvisum<\/li>\n<li>Touristenvisum<\/li>\n<\/ul>\n<h3>Besuchervisum f\u00fcr Katar<\/h3>\n<p>Die Staatsb\u00fcrger der weiter unten aufgef\u00fchrten L\u00e4nder k\u00f6nnen per Touristenvisum in Katar einreisen. Ein Touristenvisum f\u00fcr Katar kann gegen eine Geb\u00fchr bei der Ankunft bzw. Einreise nach Katar erworben werden und besitzt eine G\u00fcltigkeit von zwei Wochen. Ebenso k\u00f6nnen Staatsangeh\u00f6rige der anderen GCC-Staaten (Bahrain, Kuwait, Oman, Saudi-Arabien und die VAE) ein Visum f\u00fcr zwei Wochen bei der Einreise in Katar erhalten. Diese Visa k\u00f6nnen anschlie\u00dfend f\u00fcr zwei weitere Wochen verl\u00e4ngert werden.<br \/>\nVisum f\u00fcr die Einreise in Katar<\/p>\n<h3>Erwerben eines Visums bei der Einreise in Katar<\/h3>\n<p>Staatsb\u00fcrger aus folgenden L\u00e4ndern k\u00f6nnen ein <strong>Besuchervisum<\/strong> bei der Einreise in Katar erwerben:<\/p>\n<ul>\n<li>Andorra<\/li>\n<li>Australien<\/li>\n<li>Belgien<\/li>\n<li>Brunei<\/li>\n<li>Kanada<\/li>\n<li>D\u00e4nemark<\/li>\n<li>Finnland<\/li>\n<li>Frankreich<\/li>\n<li>Deutschland<\/li>\n<li>Griechenland<\/li>\n<li>Hong Kong<\/li>\n<li>Irland<\/li>\n<li>Island<\/li>\n<li>Italien<\/li>\n<li>Japan<\/li>\n<li>Liechtenstein<\/li>\n<li>Luxemburg<\/li>\n<li>Malaysia<\/li>\n<li>Monaco<\/li>\n<li>Neuseeland<\/li>\n<li>Norwegen<\/li>\n<li>\u00d6sterreich<\/li>\n<li>Polen<\/li>\n<li>Portugal<\/li>\n<li>San Marino<\/li>\n<li>Spanien<\/li>\n<li>Schweden<\/li>\n<li>Singapur<\/li>\n<li>S\u00fcdkorea<\/li>\n<li>Schweiz<\/li>\n<li>T\u00fcrkei<\/li>\n<li>Niederlande<\/li>\n<li>Ungarn<\/li>\n<li>USA<\/li>\n<li>Gro\u00dfbritannien<\/li>\n<li>Vatikanstaat<\/li>\n<li>Zypern<\/li>\n<\/ul>\n<p><strong>Voraussetzung f\u00fcr den Erhalt eines Visums bei Einreise<\/strong><\/p>\n<ul>\n<li>Besitz eines Reisepasses mit G\u00fcltigkeit von mindestens 6 Monaten ab dem Datum der Einreise<\/li>\n<li>Besitz einer g\u00fcltige MasterCard bzw. Visa Card bzw. Bargeld in H\u00f6he von pro 1350 \u20ac pro Visabeantragenden<\/li>\n<\/ul>\n<h3>Erhalt eines Transitvisums f\u00fcr Katar<\/h3>\n<p>Ausl\u00e4ndische Einreisende, die sich nicht l\u00e4nger als 8 Stunden am Airport von Doha aufhalten (z. B. bei einer <a href=\"http:\/\/www.katar-information.de\/index.php\/flug-nach-doha-katar\/zwischenstopp-in-doha-stopover-in-doha\/\">Zwischenlandung<\/a>), ben\u00f6tigen kein entsprechendes Transitvisum. Bei einem Aufenthalt von mehr als 8 Stunden betragen sollte, sollten sich die Reisenden bei der <a href=\"http:\/\/www.katar-information.de\/index.php\/flug-nach-doha-katar\/sicherer-flug-nach-doha-mit-qatar-airways\/\">Fluglinie Qatar Airways<\/a> n\u00e4her informieren.<\/p>\n<h3>Gesch\u00e4ftsvisum f\u00fcr Katar<\/h3>\n<p>Staatsb\u00fcrger diverser L\u00e4nder (z. B. Deutschland) ist es m\u00f6glich ein Gesch\u00e4ftsvisum bei der Ankunft in Doha zu erhalten. Ebenso ist es m\u00f6glich solch ein Gesch\u00e4ftsvisum f\u00fcr Katar vorab durch einen sogenannten Sponsor zu erhalten. Dieser organisiert das entsprechende Visum beim katarischen Innenministerium.<\/p>\n<h3>Touristenvisum f\u00fcr Katar<\/h3>\n<p>Staatsb\u00fcrgern diverser L\u00e4nder (z. B. Deutschland) ist es m\u00f6glich, ein Touristenvisum bei der Ankunft in Doha zu erhalten. Ebenso kann ein Touristenvisum \u00fcber einen Sponsor bereitgestellt werden. Dieser organisiert das entsprechende Visum beim katarischen Innenministerium.<\/p>\n<p>Je nach Visum m\u00fcssen vorab bestimmte Unterlagen zur Beantragung zusammengestellt und eingereicht werden.<\/p>\n","protected":false},"excerpt":{"rendered":"<div class=\"slide-text-bg2\"><span>Visum f\u00fcr die Einreise nach Katar F\u00fcr die Einreise in Katar werden folgende vier Visa-Arten unterschieden. Visum bei der Ankunft Transitvisum Gesch\u00e4ftsv<\/span><\/div>\n<div class=\"slide-btn-area-sm\"><a href=\"https:\/\/www.katar-information.de\/index.php\/flug-nach-doha-katar\/visum-fuer-katar\/\" class=\"slide-btn-sm\">weiterlesen<\/a><\/div>\n","protected":false},"author":1,"featured_media":0,"parent":30,"menu_order":80,"comment_status":"closed","ping_status":"closed","template":"","meta":{"footnotes":""},"class_list":["post-646","page","type-page","status-publish","hentry"],"_links":{"self":[{"href":"https:\/\/www.katar-information.de\/index.php\/wp-json\/wp\/v2\/pages\/646","targetHints":{"allow":["GET"]}}],"collection":[{"href":"https:\/\/www.katar-information.de\/index.php\/wp-json\/wp\/v2\/pages"}],"about":[{"href":"https:\/\/www.katar-information.de\/index.php\/wp-json\/wp\/v2\/types\/page"}],"author":[{"embeddable":true,"href":"https:\/\/www.katar-information.de\/index.php\/wp-json\/wp\/v2\/users\/1"}],"replies":[{"embeddable":true,"href":"https:\/\/www.katar-information.de\/index.php\/wp-json\/wp\/v2\/comments?post=646"}],"version-history":[{"count":10,"href":"https:\/\/www.katar-information.de\/index.php\/wp-json\/wp\/v2\/pages\/646\/revisions"}],"predecessor-version":[{"id":2071,"href":"https:\/\/www.katar-information.de\/index.php\/wp-json\/wp\/v2\/pages\/646\/revisions\/2071"}],"up":[{"embeddable":true,"href":"https:\/\/www.katar-information.de\/index.php\/wp-json\/wp\/v2\/pages\/30"}],"wp:attachment":[{"href":"https:\/\/www.katar-information.de\/index.php\/wp-json\/wp\/v2\/media?parent=646"}],"curies":[{"name":"wp","href":"https:\/\/api.w.org\/{rel}","templated":true}]}}