{"id":649,"date":"2017-01-12T19:41:40","date_gmt":"2017-01-12T18:41:40","guid":{"rendered":"http:\/\/www.katar-information.de\/?page_id=649"},"modified":"2017-05-07T15:58:21","modified_gmt":"2017-05-07T13:58:21","slug":"ankunft-am-flughafen-in-doha-hamad-international-airport","status":"publish","type":"page","link":"https:\/\/www.katar-information.de\/index.php\/flug-nach-doha-katar\/ankunft-am-flughafen-in-doha-hamad-international-airport\/","title":{"rendered":"Ankunft am Flughafen in Doha (Hamad International Airport)"},"content":{"rendered":"<h2>Ankunft am Flughafen in Doha<\/h2>\n<p>Nach der Landung am Hamad International Airport kommt der Check-in. Bei diesem werden die Personalien des Besuchers von Katar gepr\u00fcft. Dar\u00fcber hinaus wird von jedem Einreisenden ein Foto erstellt. Dies geschieht direkt am Check-in-Schalter im Rahmen der Kontrolle bei der Einreise. Dieser Vorgang dauert pro Einreisenden nur wenige Sekunden. Meist wird der Einreisende dabei von Damen bedient, die ebenso die Pauschaule f\u00fcr die Einreise kassieren. Das bedeutet man sollte entweder entsprechendes Bargeld bzw. eine Kreditkarte mit sich f\u00fchren, da man sonst die Einreisegeb\u00fchr nicht zahlen kann.<\/p>\n<h3>Am Einreiseschalter<\/h3>\n<p>Generell empfiehlt es sich bei der Abfertigung am Einreiseschalter entspannt zu bleiben, da jegliche Diskussion oder \u00e4hnliches eher zur Steigerung als zur L\u00f6sung von Problemen f\u00fchrt, denn im Zweifelsfall haben die Kataris Recht. Meist stehen in geringen Abstand zu den Countern, f\u00fcr die Abfertigung der Einreisenden, m\u00e4nnliche Kataris in ihren typischen Gew\u00e4ndern. Diese koordinieren die G\u00e4ste zu den Countern bzw. regeln aufkommende Probleme bei der Einreise. Generell ist es ratsam, nicht mit den Personen an den Countern zu diskutieren, sondern Fragen oder Probleme mit den sich in Abstand befindlichen Herren zu besprechen, da es auch ein Teil ihrer Aufgaben ist. Gr\u00fcnde f\u00fcr Fragen oder Probleme bei der Einreiseabfertigung am Flughafen Doha k\u00f6nnen z. B. das Nichtbeachten der Zollbestimmungen von Katar oder fehlende finanzielle Mittel zum Bezahlen des Visums f\u00fcr Katar sein.<\/p>\n<h3>Einfuhrverbot in Katar von Alkohol und Schweinefleisch jeglicher Art<\/h3>\n<p>Bei der Einreise in Katar sind unbedingt die Zollbestimmungen Katars zu beachten. So unterliegen pers\u00f6nliche Gegenst\u00e4nde in der Regel keinen Steuern. Wichtiger ist aber das generelle Einfuhrverbot von <a href=\"http:\/\/www.katar-information.de\/index.php\/wissenwertes-zu-katar\/alkohol-in-katar\/\">Alkohol<\/a> oder Schweinefleisch zu beachten. Die Einfuhr von Alkohol und Schweinefleisch in jeglicher Form ist strengstens untersagt.<\/p>\n<h3>Al Maha Meet and Greet Service<\/h3>\n<p>Weiterhin existiert am Flughafen von Doha (Doha International Airport) ein Meet and Greet Airport Service. Der Al Maha Meet and Greet Service bietet den Passagieren eine reibungslose Abfertigung bei Ankunft und Abflug sowie dem Transit vom Doha International Airport z. B. in die City von Doha. Den Al Maha Meet and Greet Service kann der Passagier in den folgenden Varianten buchen<\/p>\n<ul>\n<li>Silver Service Abfahrt<\/li>\n<li>Silver Service Transit<\/li>\n<li>Gold Service Ank\u00fcnfte<\/li>\n<li>Platinum Service Ank\u00fcnfte<\/li>\n<li>Platinum Service Abfahrt<\/li>\n<li>Elite Departures VIP Terminal<\/li>\n<li>Elite Ank\u00fcnfte VIP Terminal<\/li>\n<li>AI Maha Transit<\/li>\n<\/ul>\n<p>Allerdings m\u00fcssen Buchungen 24 Stunden im voraus unter http:\/\/www.al-mahaservices.com durchgef\u00fchrt werden. Ebenso stehen die Taxis von Karwa Taxis den Reisenden zur Verf\u00fcgung. Diese Taxis sieht man in ganz Katar, sie werden staatlich kontrolliert, so dass sie den hohen Qualit\u00e4tsanspr\u00fcchen in Bezug auf Sauberkeit und Sicherheit gen\u00fcgen.<\/p>\n","protected":false},"excerpt":{"rendered":"<div class=\"slide-text-bg2\"><span>Ankunft am Flughafen in Doha Nach der Landung am Hamad International Airport kommt der Check-in. Bei diesem werden die Personalien des Besuchers von Katar <\/span><\/div>\n<div class=\"slide-btn-area-sm\"><a href=\"https:\/\/www.katar-information.de\/index.php\/flug-nach-doha-katar\/ankunft-am-flughafen-in-doha-hamad-international-airport\/\" class=\"slide-btn-sm\">weiterlesen<\/a><\/div>\n","protected":false},"author":1,"featured_media":0,"parent":30,"menu_order":70,"comment_status":"closed","ping_status":"closed","template":"","meta":{"footnotes":""},"class_list":["post-649","page","type-page","status-publish","hentry"],"_links":{"self":[{"href":"https:\/\/www.katar-information.de\/index.php\/wp-json\/wp\/v2\/pages\/649","targetHints":{"allow":["GET"]}}],"collection":[{"href":"https:\/\/www.katar-information.de\/index.php\/wp-json\/wp\/v2\/pages"}],"about":[{"href":"https:\/\/www.katar-information.de\/index.php\/wp-json\/wp\/v2\/types\/page"}],"author":[{"embeddable":true,"href":"https:\/\/www.katar-information.de\/index.php\/wp-json\/wp\/v2\/users\/1"}],"replies":[{"embeddable":true,"href":"https:\/\/www.katar-information.de\/index.php\/wp-json\/wp\/v2\/comments?post=649"}],"version-history":[{"count":7,"href":"https:\/\/www.katar-information.de\/index.php\/wp-json\/wp\/v2\/pages\/649\/revisions"}],"predecessor-version":[{"id":1415,"href":"https:\/\/www.katar-information.de\/index.php\/wp-json\/wp\/v2\/pages\/649\/revisions\/1415"}],"up":[{"embeddable":true,"href":"https:\/\/www.katar-information.de\/index.php\/wp-json\/wp\/v2\/pages\/30"}],"wp:attachment":[{"href":"https:\/\/www.katar-information.de\/index.php\/wp-json\/wp\/v2\/media?parent=649"}],"curies":[{"name":"wp","href":"https:\/\/api.w.org\/{rel}","templated":true}]}}