{"id":651,"date":"2017-01-12T19:44:14","date_gmt":"2017-01-12T18:44:14","guid":{"rendered":"http:\/\/www.katar-information.de\/?page_id=651"},"modified":"2022-11-15T13:39:41","modified_gmt":"2022-11-15T12:39:41","slug":"einreisebestimmungen-fuer-deutsche-staatsangehoerige","status":"publish","type":"page","link":"https:\/\/www.katar-information.de\/index.php\/flug-nach-doha-katar\/einreisebestimmungen-fuer-deutsche-staatsangehoerige\/","title":{"rendered":"Einreisebestimmungen f\u00fcr deutsche Staatsangeh\u00f6rige"},"content":{"rendered":"<h2>Einreisebestimmungen f\u00fcr deutsche Staatsangeh\u00f6rige (deutsche Reisedokumente)<\/h2>\n<p>F\u00fcr deutsche Reisedokumente (Ausweisdokumente) gilt folgendes f\u00fcr eine m\u00f6gliche Einreise in Katar.<\/p>\n<ul>\n<li>Reisedokumente: Reisepass\n<ul>\n<li>Einreise m\u00f6glich: ja<\/li>\n<li>Bedingungen: keine<\/li>\n<\/ul>\n<\/li>\n<li>Reisedokumente: vorl\u00e4ufiger Reisepass\n<ul>\n<li>Einreise m\u00f6glich: ja<\/li>\n<li>Bedingungen: keine<\/li>\n<\/ul>\n<\/li>\n<li>Reisedokumente: Personalausweis\n<ul>\n<li>Einreise m\u00f6glich: nein<\/li>\n<\/ul>\n<\/li>\n<li>Reisedokumente: vorl\u00e4ufiger Personalausweis\n<ul>\n<li>Einreise m\u00f6glich: nein<\/li>\n<\/ul>\n<\/li>\n<li>Reisedokumente: Kinderreisepass\n<ul>\n<li>Einreise m\u00f6glich ja<\/li>\n<li>Bedingungen: Ein Lichtbild, auch von Kleinstkindern, muss angebracht sein.<\/li>\n<\/ul>\n<\/li>\n<li>Reisedokumente: g\u00fcltiger Kinderausweis nach altem Muster (der Kinderausweis wird seit 1. Januar 2006 nicht mehr ausgestellt).\n<ul>\n<li>Einreise m\u00f6glich: nein<\/li>\n<\/ul>\n<\/li>\n<li>Reisedokumente: Anerkennung\n<ul>\n<li>Einreise m\u00f6glich: ja<\/li>\n<li>Bedingungen: Das Reisedokument muss bei Beendigung des Aufenthalts noch mindestens 6 Monate g\u00fcltig sein.<\/li>\n<\/ul>\n<\/li>\n<\/ul>\n","protected":false},"excerpt":{"rendered":"<div class=\"slide-text-bg2\"><span>Einreisebestimmungen f\u00fcr deutsche Staatsangeh\u00f6rige (deutsche Reisedokumente) F\u00fcr deutsche Reisedokumente (Ausweisdokumente) gilt folgendes f\u00fcr eine m\u00f6<\/span><\/div>\n<div class=\"slide-btn-area-sm\"><a href=\"https:\/\/www.katar-information.de\/index.php\/flug-nach-doha-katar\/einreisebestimmungen-fuer-deutsche-staatsangehoerige\/\" class=\"slide-btn-sm\">weiterlesen<\/a><\/div>\n","protected":false},"author":1,"featured_media":0,"parent":30,"menu_order":90,"comment_status":"closed","ping_status":"closed","template":"","meta":{"footnotes":""},"class_list":["post-651","page","type-page","status-publish","hentry"],"_links":{"self":[{"href":"https:\/\/www.katar-information.de\/index.php\/wp-json\/wp\/v2\/pages\/651","targetHints":{"allow":["GET"]}}],"collection":[{"href":"https:\/\/www.katar-information.de\/index.php\/wp-json\/wp\/v2\/pages"}],"about":[{"href":"https:\/\/www.katar-information.de\/index.php\/wp-json\/wp\/v2\/types\/page"}],"author":[{"embeddable":true,"href":"https:\/\/www.katar-information.de\/index.php\/wp-json\/wp\/v2\/users\/1"}],"replies":[{"embeddable":true,"href":"https:\/\/www.katar-information.de\/index.php\/wp-json\/wp\/v2\/comments?post=651"}],"version-history":[{"count":3,"href":"https:\/\/www.katar-information.de\/index.php\/wp-json\/wp\/v2\/pages\/651\/revisions"}],"predecessor-version":[{"id":2748,"href":"https:\/\/www.katar-information.de\/index.php\/wp-json\/wp\/v2\/pages\/651\/revisions\/2748"}],"up":[{"embeddable":true,"href":"https:\/\/www.katar-information.de\/index.php\/wp-json\/wp\/v2\/pages\/30"}],"wp:attachment":[{"href":"https:\/\/www.katar-information.de\/index.php\/wp-json\/wp\/v2\/media?parent=651"}],"curies":[{"name":"wp","href":"https:\/\/api.w.org\/{rel}","templated":true}]}}