{"id":657,"date":"2017-01-12T20:17:17","date_gmt":"2017-01-12T19:17:17","guid":{"rendered":"http:\/\/www.katar-information.de\/?page_id=657"},"modified":"2018-06-25T11:40:50","modified_gmt":"2018-06-25T09:40:50","slug":"abflug-vom-flughafen-doha-hamad-international-airport","status":"publish","type":"page","link":"https:\/\/www.katar-information.de\/index.php\/hamad-international-airport-in-doha\/abflug-vom-flughafen-doha-hamad-international-airport\/","title":{"rendered":"Abflug vom Flughafen Doha (Hamad International Airport)"},"content":{"rendered":"<h2>Abflug vom Flughafen Doha<\/h2>\n<p>Die Abreise aus Doha gestaltet sich \u00e4hnlich, wie an allen anderen Flugh\u00e4fen der Welt. Der Flughafen von Doha ist gut beschildert und das Personal ist immer hilfsbereit. Im Rahmen des Abfluges vom Hamad International Airport gilt f\u00fcr Handgep\u00e4ck die weltweite Verordnung in Bezug auf alle Fl\u00fcssigkeiten, Geel, Pasten und Sprays.<\/p>\n<div id=\"attachment_658\" style=\"width: 810px\" class=\"wp-caption aligncenter\"><img loading=\"lazy\" decoding=\"async\" aria-describedby=\"caption-attachment-658\" class=\"size-full wp-image-658\" src=\"http:\/\/www.katar-information.de\/wp-content\/uploads\/2017\/01\/abflug-vom-hamad-international-airport-doha-katar.jpg\" alt=\"Abflug einer Maschine vom Hamad International Airport in Doha (Katar)\" width=\"800\" height=\"166\" srcset=\"https:\/\/www.katar-information.de\/wp-content\/uploads\/2017\/01\/abflug-vom-hamad-international-airport-doha-katar.jpg 800w, https:\/\/www.katar-information.de\/wp-content\/uploads\/2017\/01\/abflug-vom-hamad-international-airport-doha-katar-300x62.jpg 300w, https:\/\/www.katar-information.de\/wp-content\/uploads\/2017\/01\/abflug-vom-hamad-international-airport-doha-katar-768x159.jpg 768w\" sizes=\"auto, (max-width: 800px) 100vw, 800px\" \/><p id=\"caption-attachment-658\" class=\"wp-caption-text\">Abflug einer Maschine vom Hamad International Airport in Doha (Katar)<\/p><\/div>\n","protected":false},"excerpt":{"rendered":"<div class=\"slide-text-bg2\"><span>Abflug vom Flughafen Doha Die Abreise aus Doha gestaltet sich \u00e4hnlich, wie an allen anderen Flugh\u00e4fen der Welt. Der Flughafen von Doha ist gut beschilder<\/span><\/div>\n<div class=\"slide-btn-area-sm\"><a href=\"https:\/\/www.katar-information.de\/index.php\/hamad-international-airport-in-doha\/abflug-vom-flughafen-doha-hamad-international-airport\/\" class=\"slide-btn-sm\">weiterlesen<\/a><\/div>\n","protected":false},"author":1,"featured_media":0,"parent":121,"menu_order":60,"comment_status":"closed","ping_status":"closed","template":"","meta":{"footnotes":""},"class_list":["post-657","page","type-page","status-publish","hentry"],"_links":{"self":[{"href":"https:\/\/www.katar-information.de\/index.php\/wp-json\/wp\/v2\/pages\/657","targetHints":{"allow":["GET"]}}],"collection":[{"href":"https:\/\/www.katar-information.de\/index.php\/wp-json\/wp\/v2\/pages"}],"about":[{"href":"https:\/\/www.katar-information.de\/index.php\/wp-json\/wp\/v2\/types\/page"}],"author":[{"embeddable":true,"href":"https:\/\/www.katar-information.de\/index.php\/wp-json\/wp\/v2\/users\/1"}],"replies":[{"embeddable":true,"href":"https:\/\/www.katar-information.de\/index.php\/wp-json\/wp\/v2\/comments?post=657"}],"version-history":[{"count":7,"href":"https:\/\/www.katar-information.de\/index.php\/wp-json\/wp\/v2\/pages\/657\/revisions"}],"predecessor-version":[{"id":2077,"href":"https:\/\/www.katar-information.de\/index.php\/wp-json\/wp\/v2\/pages\/657\/revisions\/2077"}],"up":[{"embeddable":true,"href":"https:\/\/www.katar-information.de\/index.php\/wp-json\/wp\/v2\/pages\/121"}],"wp:attachment":[{"href":"https:\/\/www.katar-information.de\/index.php\/wp-json\/wp\/v2\/media?parent=657"}],"curies":[{"name":"wp","href":"https:\/\/api.w.org\/{rel}","templated":true}]}}