{"id":669,"date":"2017-01-12T23:53:31","date_gmt":"2017-01-12T22:53:31","guid":{"rendered":"http:\/\/www.katar-information.de\/?page_id=669"},"modified":"2018-06-24T17:15:45","modified_gmt":"2018-06-24T15:15:45","slug":"geografie-von-katar","status":"publish","type":"page","link":"https:\/\/www.katar-information.de\/index.php\/katar-im-ueberblick\/geografie-von-katar\/","title":{"rendered":"Geografie von Katar"},"content":{"rendered":"<h2>Halbinsel Katar<\/h2>\n<p>Katar ist eine Halbinsel mit einer Fl\u00e4che von ca. 11.500 Quadratkilometern an der Westk\u00fcste des Persischen Golfs gelegen. Das Gebiet umfasst mehrere Inseln, einschlie\u00dflich Halul, Sheraouh, AI Beshairiya, Al Safliya (ein marines Schutzgebiet) und Al Aaliya. Das generelle Erscheinungsbild von Katar ist stark durch W\u00fcsten bzw. Steinw\u00fcsten gepr\u00e4gt, welche durch das <a href=\"http:\/\/www.katar-information.de\/index.php\/katar-im-ueberblick\/klima-in-katar\/\">trockene Klima Katars<\/a> verursacht werden.<br \/>\n<div id=\"attachment_766\" style=\"width: 810px\" class=\"wp-caption aligncenter\"><img loading=\"lazy\" decoding=\"async\" aria-describedby=\"caption-attachment-766\" class=\"size-full wp-image-766\" src=\"http:\/\/www.katar-information.de\/wp-content\/uploads\/2017\/01\/wueste-in-katar.jpg\" alt=\"W\u00fcste in Katar\" width=\"800\" height=\"290\" srcset=\"https:\/\/www.katar-information.de\/wp-content\/uploads\/2017\/01\/wueste-in-katar.jpg 800w, https:\/\/www.katar-information.de\/wp-content\/uploads\/2017\/01\/wueste-in-katar-300x109.jpg 300w, https:\/\/www.katar-information.de\/wp-content\/uploads\/2017\/01\/wueste-in-katar-768x278.jpg 768w\" sizes=\"auto, (max-width: 800px) 100vw, 800px\" \/><p id=\"caption-attachment-766\" class=\"wp-caption-text\">W\u00fcste in Katar<\/p><\/div><\/p>\n<h3>Erscheinungsbild und K\u00fcsten von Katar<\/h3>\n<p>Das Erscheinungsbild von Katar wird durch die w\u00fcstenartige Landschaft bzw. durch Steinw\u00fcsten gepr\u00e4gt, die den gr\u00f6\u00dften Teil des Landes bedecken. Da Katar eine Halbinsel ist, verf\u00fcgt das Land \u00fcber eine verh\u00e4ltnism\u00e4\u00dfig lange K\u00fcstenlinie.<\/p>\n<h3>Die K\u00fcstenlinie von Katar<\/h3>\n<p>Die K\u00fcstenlinie von Katar umfasst insgesamt 560 Kilometer mit flachen K\u00fcstengew\u00e4ssern und vielen Buchten. Das Gel\u00e4nde ist flach und felsig mit Sandfl\u00e4chen und Sandd\u00fcnen, daher sind diverse<a href=\"http:\/\/www.katar-information.de\/index.php\/urlaub-in-katar\/badeurlaub-in-katar\/\"> Badestr\u00e4nde in Katar<\/a> zu finden. Es gibt einige au\u00dfergew\u00f6hnlich flach ansteigende Kalksteinfelsen im Norden und Nordwesten von Katar.<\/p>\n<h3>H\u00f6chste Erhebung von Katar<\/h3>\n<p>Die h\u00f6chste Erhebung von Katar ist in der N\u00e4he der Stadt Al-Kirana im Westen des Landes. In diesem Gebiet (Dschabal Duchan) wird eine \u201eH\u00f6he\u201c von ca. 100 Metern erreicht. Im Gegensatz dazu neigt sich das Land in Richtung Osten langsam.<\/p>\n<div id=\"attachment_208\" style=\"width: 810px\" class=\"wp-caption aligncenter\"><img loading=\"lazy\" decoding=\"async\" aria-describedby=\"caption-attachment-208\" class=\"size-full wp-image-208\" src=\"http:\/\/www.katar-information.de\/wp-content\/uploads\/2016\/12\/wueste-in-katar.jpg\" alt=\"H\u00f6chste Erhebung von Katar\" width=\"800\" height=\"339\" srcset=\"https:\/\/www.katar-information.de\/wp-content\/uploads\/2016\/12\/wueste-in-katar.jpg 800w, https:\/\/www.katar-information.de\/wp-content\/uploads\/2016\/12\/wueste-in-katar-300x127.jpg 300w, https:\/\/www.katar-information.de\/wp-content\/uploads\/2016\/12\/wueste-in-katar-768x325.jpg 768w\" sizes=\"auto, (max-width: 800px) 100vw, 800px\" \/><p id=\"caption-attachment-208\" class=\"wp-caption-text\">H\u00f6chste Erhebung von Katar<\/p><\/div>\n<h3>Nachbarl\u00e4nder von Katar<\/h3>\n<p>Das Land liegt zentral zwischen den <a href=\"http:\/\/www.katar-information.de\/index.php\/katar-im-ueberblick\/internationalen-beziehungen-von-katar\/\">Staaten des Gulf Cooperation Council (GCC)<\/a>, welches es mit Saudi-Arabien, Kuwait, Bahrain, den Vereinigten Arabischen Emiraten (VAE) und Oman bildet.<\/p>\n<h3>Entstehung Katars und Erscheinungsbild des Landes<\/h3>\n<p>Katar trennen W\u00fcstenstreifen und Salzs\u00fcmpfe von der restlichen arabischen Halbinsel. Sogenannte Sabkhas (Salzpfannen) liegen auf H\u00f6he des Meeresspiegels und weisen darauf hin, dass Katar ehemals selbst eine Insel war. Erst im Verlauf der Zeit hob sich das heutige Gebiet von Katar und es entstand eine Verbindung zum arabischen Festland. Nach Norden hin steigt das leicht wellige H\u00fcgelland, welches typisch f\u00fcr das Erscheinungsbild von Katar ist.<\/p>\n","protected":false},"excerpt":{"rendered":"<div class=\"slide-text-bg2\"><span>Halbinsel Katar Katar ist eine Halbinsel mit einer Fl\u00e4che von ca. 11.500 Quadratkilometern an der Westk\u00fcste des Persischen Golfs gelegen. Das Gebiet umfa<\/span><\/div>\n<div class=\"slide-btn-area-sm\"><a href=\"https:\/\/www.katar-information.de\/index.php\/katar-im-ueberblick\/geografie-von-katar\/\" class=\"slide-btn-sm\">weiterlesen<\/a><\/div>\n","protected":false},"author":1,"featured_media":0,"parent":662,"menu_order":10,"comment_status":"closed","ping_status":"closed","template":"","meta":{"footnotes":""},"class_list":["post-669","page","type-page","status-publish","hentry"],"_links":{"self":[{"href":"https:\/\/www.katar-information.de\/index.php\/wp-json\/wp\/v2\/pages\/669","targetHints":{"allow":["GET"]}}],"collection":[{"href":"https:\/\/www.katar-information.de\/index.php\/wp-json\/wp\/v2\/pages"}],"about":[{"href":"https:\/\/www.katar-information.de\/index.php\/wp-json\/wp\/v2\/types\/page"}],"author":[{"embeddable":true,"href":"https:\/\/www.katar-information.de\/index.php\/wp-json\/wp\/v2\/users\/1"}],"replies":[{"embeddable":true,"href":"https:\/\/www.katar-information.de\/index.php\/wp-json\/wp\/v2\/comments?post=669"}],"version-history":[{"count":16,"href":"https:\/\/www.katar-information.de\/index.php\/wp-json\/wp\/v2\/pages\/669\/revisions"}],"predecessor-version":[{"id":2061,"href":"https:\/\/www.katar-information.de\/index.php\/wp-json\/wp\/v2\/pages\/669\/revisions\/2061"}],"up":[{"embeddable":true,"href":"https:\/\/www.katar-information.de\/index.php\/wp-json\/wp\/v2\/pages\/662"}],"wp:attachment":[{"href":"https:\/\/www.katar-information.de\/index.php\/wp-json\/wp\/v2\/media?parent=669"}],"curies":[{"name":"wp","href":"https:\/\/api.w.org\/{rel}","templated":true}]}}