{"id":718,"date":"2017-01-15T13:44:33","date_gmt":"2017-01-15T12:44:33","guid":{"rendered":"http:\/\/www.katar-information.de\/?page_id=718"},"modified":"2020-01-10T16:19:54","modified_gmt":"2020-01-10T15:19:54","slug":"vergabe-der-fifa-fussball-wm-2022-nach-katar","status":"publish","type":"page","link":"https:\/\/www.katar-information.de\/index.php\/fifa-fussball-wm-2022-in-katar\/vergabe-der-fifa-fussball-wm-2022-nach-katar\/","title":{"rendered":"Vergabe der FIFA Fu\u00dfball WM 2022 nach Katar"},"content":{"rendered":"\n<h2 class=\"wp-block-heading\">Bedenken zu Katar als Austragungsort<\/h2>\n\n\n<h3>Keine Fu\u00dfball-Kultur in Katar vorhanden<\/h3>\n<p>Vom Start her galt die Bewerbung Katars als ein Austragungsort der <a href=\"http:\/\/www.katar-information.de\/index.php\/fifa-fussball-wm-2022-in-katar\/\">FIFA Fu\u00dfball WM 2022<\/a> als v\u00f6llig aussichtslos. Vor allem die fehlende Fu\u00dfballtradition in Katar wurde als Hauptargument der Kritiker vorgebracht, die sich gegen eine Vergabe der Fu\u00dfball-WM 2022 nach Katar \u00e4u\u00dferten. Ebenso verf\u00fcgt Katar \u00fcber keine nennenswerte nationale Fu\u00dfball-Liga. Auch hat das Land Katar bisher noch nie an einer Fu\u00dfball-WM-Endrunde teilgenommen. Zusammenfassend kann gesagt werden, das in Katar keine Fu\u00dfball-Fan-Kultur existiert<\/p>\n<h3>Fehlende Stadien zum Bewerbungszeitpunkt<\/h3>\n<p>Ein weiterer Punkt, der gegen die Vergabe der Fu\u00dfball-WM nach Katar sprach, war der Fakt, dass das<a href=\"http:\/\/www.katar-information.de\/index.php\/katar-im-ueberblick\/geografie-von-katar\/\"> W\u00fcstenland<\/a> \u00fcber keine geeigneten Stadien und die dazugeh\u00f6rige Infrastruktur zum Bewertungszeitpunkt verf\u00fcgt.<\/p>\n<h3>Klima in Katar<\/h3>\n<p>Ein weiteres Argument gegen eine WM-Vergabe nach Katar ist das <a href=\"http:\/\/www.katar-information.de\/index.php\/katar-im-ueberblick\/klima-in-katar\/\">Klima in Katar<\/a>. In den Sommermonaten steigen die Temperaturen auf \u00fcber 40\u00b0 Celsius. Solche Temperaturen sind eigentlich als ein KO-Kriterium f\u00fcr eine Fu\u00dfball-WM einzustufen, da sie f\u00fcr Spieler und Fans unzumutbar sind.<\/p>\n<h3>Fu\u00dfball-Weltmeisterschaft in den Wintermonaten<\/h3>\n<p>Um das Hauptargument (zu hohe Temperaturen) zu umgehen, wurde der Vorschlag angedacht, die FIFA Fu\u00dfball-Weltmeisterschaft 2022 in die Wintermonate zu verlegen. Seit dem wird von der Winter-WM gesprochen.<\/p>\n<h3>Korruptionsvorw\u00fcrfe zur WM-Vergabe an Katar<\/h3>\n<p>Im Rahmen der FBI-Ermittlungen kam es zu <a href=\"http:\/\/www.katar-information.de\/index.php\/fifa-fussball-wm-2022-in-katar\/korruptionsvorwuerfe-zur-wm-vergabe-an-katar\/\">neuen Korruptionsvorw\u00fcrfen\u00a0<\/a>bez\u00fcglich der WM-Vergabe an Katar. So brach eine erneute Diskussion um die Vergabe der Fu\u00dfball-WM 2022 nach Katar aus. Diese Diskussion hatten sogar Auswirkungen auf die B\u00f6rse in Doha, an welcher im Juni 2015 die Kurse zusammenbrachen.<\/p>","protected":false},"excerpt":{"rendered":"<div class=\"slide-text-bg2\"><span>Bedenken zu Katar als Austragungsort Keine Fu\u00dfball-Kultur in Katar vorhanden Vom Start her galt die Bewerbung Katars als ein Austragungsort der FIFA Fu\u00dfb<\/span><\/div>\n<div class=\"slide-btn-area-sm\"><a href=\"https:\/\/www.katar-information.de\/index.php\/fifa-fussball-wm-2022-in-katar\/vergabe-der-fifa-fussball-wm-2022-nach-katar\/\" class=\"slide-btn-sm\">weiterlesen<\/a><\/div>\n","protected":false},"author":1,"featured_media":0,"parent":35,"menu_order":100,"comment_status":"closed","ping_status":"closed","template":"","meta":{"footnotes":""},"class_list":["post-718","page","type-page","status-publish","hentry"],"_links":{"self":[{"href":"https:\/\/www.katar-information.de\/index.php\/wp-json\/wp\/v2\/pages\/718","targetHints":{"allow":["GET"]}}],"collection":[{"href":"https:\/\/www.katar-information.de\/index.php\/wp-json\/wp\/v2\/pages"}],"about":[{"href":"https:\/\/www.katar-information.de\/index.php\/wp-json\/wp\/v2\/types\/page"}],"author":[{"embeddable":true,"href":"https:\/\/www.katar-information.de\/index.php\/wp-json\/wp\/v2\/users\/1"}],"replies":[{"embeddable":true,"href":"https:\/\/www.katar-information.de\/index.php\/wp-json\/wp\/v2\/comments?post=718"}],"version-history":[{"count":12,"href":"https:\/\/www.katar-information.de\/index.php\/wp-json\/wp\/v2\/pages\/718\/revisions"}],"predecessor-version":[{"id":2320,"href":"https:\/\/www.katar-information.de\/index.php\/wp-json\/wp\/v2\/pages\/718\/revisions\/2320"}],"up":[{"embeddable":true,"href":"https:\/\/www.katar-information.de\/index.php\/wp-json\/wp\/v2\/pages\/35"}],"wp:attachment":[{"href":"https:\/\/www.katar-information.de\/index.php\/wp-json\/wp\/v2\/media?parent=718"}],"curies":[{"name":"wp","href":"https:\/\/api.w.org\/{rel}","templated":true}]}}