{"id":726,"date":"2017-01-15T14:14:19","date_gmt":"2017-01-15T13:14:19","guid":{"rendered":"http:\/\/www.katar-information.de\/?page_id=726"},"modified":"2022-04-30T21:10:53","modified_gmt":"2022-04-30T19:10:53","slug":"tickets-fuer-die-fifa-wm-2022-in-katar","status":"publish","type":"page","link":"https:\/\/www.katar-information.de\/index.php\/fifa-fussball-wm-2022-in-katar\/tickets-fuer-die-fifa-wm-2022-in-katar\/","title":{"rendered":"Tickets f\u00fcr die FIFA WM 2022 in Katar"},"content":{"rendered":"<h2>Tickets f\u00fcr die FIFA WM 2022 in Katar<\/h2>\n<p>Die wichtigsten Fragen bez\u00fcglich des Ticketverkaufes f\u00fcr die WM 2022 sind:<\/p>\n<ul>\n<li>Was kostet eine Eintrittskarte f\u00fcr ein Spiel der Fu\u00dfball-WM 2022 in Katar?\n<ul>\n<li><a href=\"https:\/\/www.katar-information.de\/index.php\/was-kostet-ein-wm-ticket\/\">\u00bb Kartenpreise FIFA WM 2022<\/a><\/li>\n<\/ul>\n<\/li>\n<li>Ab wann k\u00f6nnen Ticktes f\u00fcr die Fu\u00dfballweltmeisterschaft 2022 in Katar bestellt werden?\n<ul>\n<li>Tickets k\u00f6nnen bereits erworben werden!<\/li>\n<li><strong>Zeitplan der Bestellung von WM Tickets 2022:<\/strong>\n<ul>\n<li>Erste Verkaufsphase: 19.1. bis 8.2.2022<\/li>\n<li>Zweite Verkaufsphase: M\u00e4rz 2022<\/li>\n<li>Dritte Verkaufsphase: ab 1. April 2022<\/li>\n<\/ul>\n<\/li>\n<li><a href=\"https:\/\/www.katar-information.de\/index.php\/fifa-fussball-wm-2022-in-katar\/wm-tickets-kauf\/\">\u00bb Informationen zum WM-Ticketkauf<\/a><\/li>\n<\/ul>\n<\/li>\n<li>Wie kann ich Tickets f\u00fcr die FIFA Fu\u00dfball WM 2022 in Katar erwerben?\n<ul>\n<li><a href=\"https:\/\/www.katar-information.de\/index.php\/fifa-fussball-wm-2022-in-katar\/wm-tickets-kauf\/\">\u00bb Informationen zum WM-Ticketkauf<\/a><\/li>\n<\/ul>\n<\/li>\n<\/ul>\n<p>Aktuell liegen noch keine Informationen zum Kartenverkauf f\u00fcr die FIFA Fu\u00dfball WM 2022 in Katar vor. Sobald Informationen zum Ticketverkauf f\u00fcr die WM 2022 in Katar bekannt sind, werden diese hier ver\u00f6ffentlicht.<\/p>\n","protected":false},"excerpt":{"rendered":"<div class=\"slide-text-bg2\"><span>Tickets f\u00fcr die FIFA WM 2022 in Katar Die wichtigsten Fragen bez\u00fcglich des Ticketverkaufes f\u00fcr die WM 2022 sind: Was kostet eine Eintrittskarte f\u00fcr ein<\/span><\/div>\n<div class=\"slide-btn-area-sm\"><a href=\"https:\/\/www.katar-information.de\/index.php\/fifa-fussball-wm-2022-in-katar\/tickets-fuer-die-fifa-wm-2022-in-katar\/\" class=\"slide-btn-sm\">weiterlesen<\/a><\/div>\n","protected":false},"author":1,"featured_media":0,"parent":35,"menu_order":50,"comment_status":"closed","ping_status":"closed","template":"","meta":{"footnotes":""},"class_list":["post-726","page","type-page","status-publish","hentry"],"_links":{"self":[{"href":"https:\/\/www.katar-information.de\/index.php\/wp-json\/wp\/v2\/pages\/726","targetHints":{"allow":["GET"]}}],"collection":[{"href":"https:\/\/www.katar-information.de\/index.php\/wp-json\/wp\/v2\/pages"}],"about":[{"href":"https:\/\/www.katar-information.de\/index.php\/wp-json\/wp\/v2\/types\/page"}],"author":[{"embeddable":true,"href":"https:\/\/www.katar-information.de\/index.php\/wp-json\/wp\/v2\/users\/1"}],"replies":[{"embeddable":true,"href":"https:\/\/www.katar-information.de\/index.php\/wp-json\/wp\/v2\/comments?post=726"}],"version-history":[{"count":16,"href":"https:\/\/www.katar-information.de\/index.php\/wp-json\/wp\/v2\/pages\/726\/revisions"}],"predecessor-version":[{"id":2716,"href":"https:\/\/www.katar-information.de\/index.php\/wp-json\/wp\/v2\/pages\/726\/revisions\/2716"}],"up":[{"embeddable":true,"href":"https:\/\/www.katar-information.de\/index.php\/wp-json\/wp\/v2\/pages\/35"}],"wp:attachment":[{"href":"https:\/\/www.katar-information.de\/index.php\/wp-json\/wp\/v2\/media?parent=726"}],"curies":[{"name":"wp","href":"https:\/\/api.w.org\/{rel}","templated":true}]}}