{"id":740,"date":"2017-01-15T14:50:14","date_gmt":"2017-01-15T13:50:14","guid":{"rendered":"http:\/\/www.katar-information.de\/?page_id=740"},"modified":"2022-04-30T21:22:48","modified_gmt":"2022-04-30T19:22:48","slug":"wichtige-fragen-zur-fussballweltmeisterschaft-2022-in-katar","status":"publish","type":"page","link":"https:\/\/www.katar-information.de\/index.php\/fifa-fussball-wm-2022-in-katar\/wichtige-fragen-zur-fussballweltmeisterschaft-2022-in-katar\/","title":{"rendered":"Wichtige Fragen zur FIFA-Fu\u00dfball-WM 2022 in Katar"},"content":{"rendered":"\n<h2 class=\"wp-block-heading\"><strong>Wichtige Fragen zur FIFA-Fu\u00dfball-WM 2022<\/strong><\/h2>\n\n\n\n<hr class=\"wp-block-separator\"\/>\n\n\n\n<p class=\"has-text-align-center\"><strong>Fragen zur Fu\u00dfball-WM 2022<\/strong><\/p>\n\n\n\n<hr class=\"wp-block-separator\"\/>\n\n\n<p>Wichtige Fragen die sich jeder Fu\u00dfballfan zur FIFA-Weltmeisterschaft 2022 in Katar stellt.<\/p>\n<ul>\n<li><a href=\"http:\/\/www.katar-information.de\/index.php\/die-fifa-fussball-wm-2022-in-katar\/tickets-fuer-die-fifa-wm-2022-in-katar\/\">\u00bb Wie erhalte ich Tickets f\u00fcr die FIFA WM 2022 in Katar?<\/a><\/li>\n<li><a href=\"http:\/\/www.katar-information.de\/index.php\/die-fifa-fussball-wm-2022-in-katar\/tickets-fuer-die-fifa-wm-2022-in-katar\/\">\u00bb Was kostet eine Ticket f\u00fcr die FIFA WM 2022 in Katar?<\/a><\/li>\n<li><a href=\"http:\/\/www.katar-information.de\/index.php\/hotels-in-doha-hotels-in-katar\/hotel-in-doha-guenstig-online-buchen\/\">\u00bb Wie buche ich g\u00fcnstig online ein Hotel in Doha?<\/a><\/li>\n<li><a href=\"http:\/\/www.katar-information.de\/index.php\/flug-nach-doha-katar\/flug-nach-doha-katar-guenstig-online-buchen\/\">\u00bb Wie finde ich schnell online einen g\u00fcnstigen Flug nach Doha?<\/a><\/li>\n<li><a href=\"http:\/\/www.katar-information.de\/index.php\/fifa-fussball-wm-2022-in-katar\/alkoholverbot-in-den-wm-stadien-von-katar-2022\/\">\u00bb Wird Alkohol in den WM-Stadien 2022 ausgeschenkt?<\/a><\/li>\n<li><a href=\"http:\/\/www.katar-information.de\/index.php\/urlaub-in-katar\/dos-and-donts-in-katar\/\">\u00bb Was ist in Katar zu beachten?<\/a><\/li>\n<li><a href=\"https:\/\/www.katar-information.de\/index.php\/sportwetten-wm-2022\/\">\u00bb Wo kann ich auf die Spiele der FIFA-WM 2022 in Katar wetten?<\/a>\u00a0<\/li>\n<li><a href=\"https:\/\/www.katar-information.de\/index.php\/fifa-wm-verschiedene-arten-von-wm-ticktes\/\">\u00bb Welche Arten von WM-Tickets gibt es?<\/a><\/li>\n<\/ul>\n\n\n<p><\/p>\n","protected":false},"excerpt":{"rendered":"<div class=\"slide-text-bg2\"><span>Wichtige Fragen zur FIFA-Fu\u00dfball-WM 2022 Fragen zur Fu\u00dfball-WM 2022 Wichtige Fragen die sich jeder Fu\u00dfballfan zur FIFA-Weltmeisterschaft 2022 in Katar s<\/span><\/div>\n<div class=\"slide-btn-area-sm\"><a href=\"https:\/\/www.katar-information.de\/index.php\/fifa-fussball-wm-2022-in-katar\/wichtige-fragen-zur-fussballweltmeisterschaft-2022-in-katar\/\" class=\"slide-btn-sm\">weiterlesen<\/a><\/div>\n","protected":false},"author":1,"featured_media":0,"parent":35,"menu_order":30,"comment_status":"closed","ping_status":"closed","template":"","meta":{"footnotes":""},"class_list":["post-740","page","type-page","status-publish","hentry"],"_links":{"self":[{"href":"https:\/\/www.katar-information.de\/index.php\/wp-json\/wp\/v2\/pages\/740","targetHints":{"allow":["GET"]}}],"collection":[{"href":"https:\/\/www.katar-information.de\/index.php\/wp-json\/wp\/v2\/pages"}],"about":[{"href":"https:\/\/www.katar-information.de\/index.php\/wp-json\/wp\/v2\/types\/page"}],"author":[{"embeddable":true,"href":"https:\/\/www.katar-information.de\/index.php\/wp-json\/wp\/v2\/users\/1"}],"replies":[{"embeddable":true,"href":"https:\/\/www.katar-information.de\/index.php\/wp-json\/wp\/v2\/comments?post=740"}],"version-history":[{"count":23,"href":"https:\/\/www.katar-information.de\/index.php\/wp-json\/wp\/v2\/pages\/740\/revisions"}],"predecessor-version":[{"id":2723,"href":"https:\/\/www.katar-information.de\/index.php\/wp-json\/wp\/v2\/pages\/740\/revisions\/2723"}],"up":[{"embeddable":true,"href":"https:\/\/www.katar-information.de\/index.php\/wp-json\/wp\/v2\/pages\/35"}],"wp:attachment":[{"href":"https:\/\/www.katar-information.de\/index.php\/wp-json\/wp\/v2\/media?parent=740"}],"curies":[{"name":"wp","href":"https:\/\/api.w.org\/{rel}","templated":true}]}}