{"id":801,"date":"2017-01-15T17:29:04","date_gmt":"2017-01-15T16:29:04","guid":{"rendered":"http:\/\/www.katar-information.de\/?page_id=801"},"modified":"2017-05-12T16:47:48","modified_gmt":"2017-05-12T14:47:48","slug":"staedte-in-katar","status":"publish","type":"page","link":"https:\/\/www.katar-information.de\/index.php\/staedte-in-katar\/","title":{"rendered":"St\u00e4dte in Katar"},"content":{"rendered":"<h2>Die urbanen Zentren Katars<\/h2>\n<p>Die wichtigsten und bedeutendsten St\u00e4dte bzw. urbanen Zentren Katars k\u00f6nnen in zwei verschiedenen Arten unterschieden werden.So existieren neben historisch gewachsen St\u00e4dten ebenso reine Industriest\u00e4dte. <\/p>\n<div id=\"attachment_575\" style=\"width: 810px\" class=\"wp-caption aligncenter\"><img loading=\"lazy\" decoding=\"async\" aria-describedby=\"caption-attachment-575\" src=\"http:\/\/www.katar-information.de\/wp-content\/uploads\/2017\/01\/doha-hauptstadt-katars.jpg\" alt=\"Doha Hauptstadt Katars\" width=\"800\" height=\"320\" class=\"size-full wp-image-575\" srcset=\"https:\/\/www.katar-information.de\/wp-content\/uploads\/2017\/01\/doha-hauptstadt-katars.jpg 800w, https:\/\/www.katar-information.de\/wp-content\/uploads\/2017\/01\/doha-hauptstadt-katars-300x120.jpg 300w, https:\/\/www.katar-information.de\/wp-content\/uploads\/2017\/01\/doha-hauptstadt-katars-768x307.jpg 768w\" sizes=\"auto, (max-width: 800px) 100vw, 800px\" \/><p id=\"caption-attachment-575\" class=\"wp-caption-text\">Doha Hauptstadt Katars<\/p><\/div>\n<p>Dabei steht die Gr\u00fcndung und weitere Entwicklung der Industriest\u00e4dte meist in direktem Zusammenhang mit der dort ans\u00e4ssigen \u00d6l-und Gasindustrie.<\/p>\n<h3>Stetiges Wachstum der Industriest\u00e4dte Katars<\/h3>\n<p>Vor allem die Industriest\u00e4dte Katars unterliegen einem enormen Wachstum. Dieses stellt das Land Katar vor die Herausforderung, die entsprechende Infrastruktur den stetig steigenden Anforderungen anzupassen.<\/p>\n<h3>Urbane Zentren Katars<\/h3>\n<p>Die gr\u00f6\u00dften urbanen Zentren Katars sind neben Doha:<\/p>\n<ul>\n<li><a href=\"http:\/\/www.katar-information.de\/index.php\/staedte-in-katar\/al-khor\/\">\u00bb Al Khor<\/a><\/li>\n<li><a href=\"http:\/\/www.katar-information.de\/index.php\/staedte-in-katar\/al-wakra\/\">\u00bb Al Wakra<\/a><\/li>\n<li><a href=\"http:\/\/www.katar-information.de\/index.php\/staedte-in-katar\/dukhan-industrial-city\/\">\u00bb Dukhan Industrial City<\/a><\/li>\n<li><a href=\"http:\/\/www.katar-information.de\/index.php\/staedte-in-katar\/mesaieed-industrial-city\/\">\u00bb Mesaieed<\/a><\/li>\n<li><a href=\"http:\/\/www.katar-information.de\/index.php\/staedte-in-katar\/ras-laffan-industrial-city\/\">\u00bb Ras Laffan<\/a><\/li>\n<li><a href=\"http:\/\/www.katar-information.de\/index.php\/staedte-in-katar\/lusail-city\/\">\u00bb Lusial City<\/a><\/li>\n<\/ul>\n","protected":false},"excerpt":{"rendered":"<div class=\"slide-text-bg2\"><span>Die urbanen Zentren Katars Die wichtigsten und bedeutendsten St\u00e4dte bzw. urbanen Zentren Katars k\u00f6nnen in zwei verschiedenen Arten unterschieden werden.S<\/span><\/div>\n<div class=\"slide-btn-area-sm\"><a href=\"https:\/\/www.katar-information.de\/index.php\/staedte-in-katar\/\" class=\"slide-btn-sm\">weiterlesen<\/a><\/div>\n","protected":false},"author":1,"featured_media":0,"parent":0,"menu_order":60,"comment_status":"closed","ping_status":"closed","template":"","meta":{"footnotes":""},"class_list":["post-801","page","type-page","status-publish","hentry"],"_links":{"self":[{"href":"https:\/\/www.katar-information.de\/index.php\/wp-json\/wp\/v2\/pages\/801","targetHints":{"allow":["GET"]}}],"collection":[{"href":"https:\/\/www.katar-information.de\/index.php\/wp-json\/wp\/v2\/pages"}],"about":[{"href":"https:\/\/www.katar-information.de\/index.php\/wp-json\/wp\/v2\/types\/page"}],"author":[{"embeddable":true,"href":"https:\/\/www.katar-information.de\/index.php\/wp-json\/wp\/v2\/users\/1"}],"replies":[{"embeddable":true,"href":"https:\/\/www.katar-information.de\/index.php\/wp-json\/wp\/v2\/comments?post=801"}],"version-history":[{"count":23,"href":"https:\/\/www.katar-information.de\/index.php\/wp-json\/wp\/v2\/pages\/801\/revisions"}],"predecessor-version":[{"id":1508,"href":"https:\/\/www.katar-information.de\/index.php\/wp-json\/wp\/v2\/pages\/801\/revisions\/1508"}],"wp:attachment":[{"href":"https:\/\/www.katar-information.de\/index.php\/wp-json\/wp\/v2\/media?parent=801"}],"curies":[{"name":"wp","href":"https:\/\/api.w.org\/{rel}","templated":true}]}}