{"id":805,"date":"2017-01-15T17:48:16","date_gmt":"2017-01-15T16:48:16","guid":{"rendered":"http:\/\/www.katar-information.de\/?page_id=805"},"modified":"2017-05-13T19:58:04","modified_gmt":"2017-05-13T17:58:04","slug":"souqs-in-katar","status":"publish","type":"page","link":"https:\/\/www.katar-information.de\/index.php\/sehenswuerdigkeiten-in-katar\/souqs-in-katar\/","title":{"rendered":"Souqs in Katar"},"content":{"rendered":"<h2>Was ist ein Souq?<\/h2>\n<p>Unter einem Souq ist im Allgemeinen eine Art Markt bzw. Marktplatz zu verstehen. \u00c4hnlich einem Wochenmarkt im europ\u00e4ischen Raum, auf dem Waren jeglicher Art gehandelt werden. Souqs (auch Souks) sind in nahezu jeder arabischen Stadt zu finden und bilden deren Handelszentrum.<br \/>\nTypisch f\u00fcr einen Souq ist seine einst\u00f6ckige Bauweise sowie der Fakt, das einen Souq nicht bewohnt ist. In Katar sind vor allem die Souqs in Doha besonders interessant. Diese sind vor allem der Souq Waqif und der Gold Souq.<\/p>\n<div id=\"attachment_807\" style=\"width: 810px\" class=\"wp-caption aligncenter\"><img loading=\"lazy\" decoding=\"async\" aria-describedby=\"caption-attachment-807\" class=\"size-full wp-image-807\" src=\"http:\/\/www.katar-information.de\/wp-content\/uploads\/2017\/01\/besucher-auf-dem-souq-waqif-in-doha-katar.jpg\" alt=\"Besucher auf dem Souq Waqif in Doha (Katar)\" width=\"800\" height=\"470\" srcset=\"https:\/\/www.katar-information.de\/wp-content\/uploads\/2017\/01\/besucher-auf-dem-souq-waqif-in-doha-katar.jpg 800w, https:\/\/www.katar-information.de\/wp-content\/uploads\/2017\/01\/besucher-auf-dem-souq-waqif-in-doha-katar-300x176.jpg 300w, https:\/\/www.katar-information.de\/wp-content\/uploads\/2017\/01\/besucher-auf-dem-souq-waqif-in-doha-katar-768x451.jpg 768w\" sizes=\"auto, (max-width: 800px) 100vw, 800px\" \/><p id=\"caption-attachment-807\" class=\"wp-caption-text\">Besucher auf dem Souq Waqif in Doha (Katar)<\/p><\/div>\n<h4>Schreibweise &#8211; Soq, Souq, Soukh,&#8230;<\/h4>\n<p>Die Schreibweise das Wortes Souq variiert. So sind im Deutschen die Schreibweisen Suk, Sooki, Souk, Soq, Souq oder Soukh ebenso gebr\u00e4uchlich.<\/p>\n<h3>Souq Waqif (Souq Waqif)<\/h3>\n<p>Der Souq Waqif (Souk Waqif) ist ein Labyrinth aus Gassen sowie Gesch\u00e4ften und liegt mitten im Zentrum von Doha. Er ist nach den Kindheitserinnerungen des <a href=\"http:\/\/www.katar-information.de\/index.php\/katar-im-ueberblick\/al-thani-herrscherfamilie-von-katar\/\"><em>Scheichs Hamad bin Khalifa Al Thani<\/em><\/a> neu erbaut worden. Auf dem Souq Waqif werden diverse Produkte gehandelt, wie z. B. Gew\u00fcrze, getrocknete Fr\u00fcchte, N\u00fcsse, Parf\u00fcms, Kleidung und Schuhe, arabische Instrumente sowie traditionell Weihrauch, T\u00f6pfe, Pfannen, Haustiere und vieles vieles mehr. Die engen Gassen des Souqs Waqif durchstr\u00f6mt ein berauschender Duft aus Weihrauch, Parf\u00fcm und katarischen Speisen. \u00a0Auf dem Souq Waqif sind verschiedene Restaurants und Caf\u00e9s zu finden, in welchen arabische, europ\u00e4ische und asiatische K\u00fcche angeboten wird, wie z. B. im<\/p>\n<ul>\n<li>Al-Tawash (katarisches Restaurant),<\/li>\n<li>Al Mourjan (libanesisches Restaurant),<\/li>\n<li>Tajine (marokkanisches Restaurant)<\/li>\n<li>Isfahan Garden (persisches Restaurant),<\/li>\n<li>Soy (japanisches Restaurant),<\/li>\n<li>La dolcevita (italienisches Restaurant),<\/li>\n<li>Al Adhamiyah (iranisches Restaurant),<\/li>\n<li>AlBandar und<\/li>\n<li>Almaharah (Restaurant f\u00fcr Fischspezialit\u00e4ten).<\/li>\n<\/ul>\n<h4>Einheimische und indische K\u00fcche auf dem Souq Waqif<\/h4>\n<p>Ebenso sind eine Vielzahl exotischer Restaurants am Souq Waqif vertreten. Vor allem ist die indische K\u00fcche in Katar sehr beliebt. Neben dieser finden sich auch unz\u00e4hlige Stra\u00dfenk\u00fcchen und traditionelle katarische (arabische) K\u00fcchen. In diesen K\u00fcchen k\u00f6nnen Touristen wie Einheimische zu g\u00fcnstigen Preisen die traditionelle katarische K\u00fcche bzw. indische Speisen probieren. Der Besuch solcher unscheinbaren K\u00fcchen lohnt sich besonders. Sie sind daran zu erkennen, dass vor ihnen oder in ihnen mehr Kataris oder Inder anzutreffen sind als Touristen. Ebenso gibt es auf dem Souq Waqif in den unz\u00e4hligen Caf\u00e9s eine Vielzahl an Erfrischungen und S\u00fc\u00dfem (Baklava) wie z. B. im<\/p>\n<ul>\n<li>Al Mandarin,<\/li>\n<li>Coffee Bean &amp; Tea Leaf bzw.<\/li>\n<li>DoJa vu oder Second Cup.<\/li>\n<\/ul>\n<p>Weiterhin ist es in den meisten der genannten Locations m\u00f6glich eine Shisha (Wasserpfeife mit aromatisiertem Tabak) zu bestellen und zu rauchen.<\/p>\n<h4>\u00d6ffnungszeiten des Souq Waqif<\/h4>\n<p>Der Souq Waqif ist t\u00e4glich von 10.00 bis 12.00 Uhr und von 16.00 bis 22.00 Uhr ge\u00f6ffnet.<\/p>\n<h4>Hinweis f\u00fcr den Besuch des Souq Waqif<\/h4>\n<p>Ein Besuch ist vor allem in den k\u00fchlen Abendstunden zu empfehlen, denn die Restaurants haben bis sp\u00e4t in die Nacht ge\u00f6ffnet. Direkt am Souq Waqif befindet sich das Hotel Souq Waqif, in welchen jederzeit eine \u00dcbernachtung m\u00f6glich ist. Besucher des Souq Waqif sollten eine Karte des Souq-Gel\u00e4ndes bei sich f\u00fchren, welche eine detaillierte Beschreibung des Souqs enth\u00e4lt. Diese Karten gibt es an den Eing\u00e4ngen zum Souq Waqif (Souk Waqif).<\/p>\n<h3>Gold Souq<\/h3>\n<p>Der Gold Souq (Gold Souk) liegt hinter dem Alfardan Zentrum, direkt an der Grand Hamad Street. Der Gold Souq ist eine Ansammlung kleiner Gesch\u00e4fte, die sich auf den Handel mit Goldschmuck spezialisiert haben. Diese Goldschmuckh\u00e4ndler bieten qualitativ hochwertige 18-Karat- bzw. 22-Karat-Gold-Ketten, -Armreife und -Ohrringe an. Die Goldschmiede arbeiten oft in der zweiten oder dritten Generation auf dem Gold Souq und stellen ihre Goldschmuckst\u00fccke in Handarbeit her.<\/p>\n<h4>Spezielle Form und einzigartiges Design<\/h4>\n<p>Die Schmuckst\u00fccke zeichnen sich durch ihre spezielle Form und ihr einzigartiges Design aus. Ebenso k\u00f6nnen Katar-Touristen besch\u00e4digte oder kaputte Goldschmuckst\u00fccke auf dem Gold Souq reparieren lassen. Auf dem Gold Souq kaufen Kataris gern den traditionellen Brautschmuck ein, wie z. B. massive Goldg\u00fcrtelschnallen, Brautkopfschmuck, Halsketten und Haarschmuck.<\/p>\n<h4>Preise auf dem Gold Souq<\/h4>\n<p>Der Wert eines Goldschmuckst\u00fcckes wird auf dem Gold Souq nach Gewicht und dem t\u00e4glichen Goldmarktpreis bestimmt. Ein weiteres Preiskriterium f\u00fcr Goldschmuck ist die Unterscheidung nach seiner Herstellung per Hand bzw. der maschinellen Herstellung. Generell sind die Goldpreise auf dem Gold Souq von Doha meist deutlich niedriger als in Europa und mit geschicktem Verhandeln, k\u00f6nnen Katar-Touristen exklusive Schn\u00e4ppchen erstehen.<\/p>\n<h4>Perlen im Angebot<\/h4>\n<p>Auf dem Gold Souq von Doha werden neben Goldschmuck auch echte Perlen angeboten, die einst die Haupthandelsware Katars waren.<\/p>\n<h3>Fisch-Souq von Al-Khor<\/h3>\n<p>Der Fisch-Souq von Al-Khor befindet sich in der gleichnamigen Stadt Al-Khor und ist einer der \u00e4ltesten Souqs des Landes. Der Fisch-Souq von Al-Khor ist in herk\u00f6mmlicher Souq-Bauweise aus Steinen und traditionellen Baumaterialien erbaut. Er umfasst ca. 15 \u2013 20 Gesch\u00e4fte, in welchen Tintenfische, Krebse, Garnelen sowie Fische in allen Gr\u00f6\u00dfen angeboten werden.<\/p>\n<h3>Perlenverkauf und Permuttverkauf der Al-Fardan-Familie<\/h3>\n<p>Ein interessanter Event ist die Nachstellung des traditionellen Perlenhandels im <em>The Heritage Village<\/em> im <em>Arumaila Park<\/em>. Diese werden an besonderen Festen und Feiertagen zelebriert. Beim Nachgestalten des historischem Perlenhandels ist die Al-Fardan-Familie anzutreffen, die in ganz Katar f\u00fcr ihre speziellen Kenntnisse in Bezug auf Perlen und Perlmutt bekannt ist. Die offiziellen Perlen- und Permuttverkaufspl\u00e4tze der Al-Fardan-Familie sind in ganz Katar zu finden.<\/p>\n","protected":false},"excerpt":{"rendered":"<div class=\"slide-text-bg2\"><span>Was ist ein Souq? Unter einem Souq ist im Allgemeinen eine Art Markt bzw. Marktplatz zu verstehen. \u00c4hnlich einem Wochenmarkt im europ\u00e4ischen Raum, auf de<\/span><\/div>\n<div class=\"slide-btn-area-sm\"><a href=\"https:\/\/www.katar-information.de\/index.php\/sehenswuerdigkeiten-in-katar\/souqs-in-katar\/\" class=\"slide-btn-sm\">weiterlesen<\/a><\/div>\n","protected":false},"author":1,"featured_media":0,"parent":107,"menu_order":10,"comment_status":"closed","ping_status":"closed","template":"","meta":{"footnotes":""},"class_list":["post-805","page","type-page","status-publish","hentry"],"_links":{"self":[{"href":"https:\/\/www.katar-information.de\/index.php\/wp-json\/wp\/v2\/pages\/805","targetHints":{"allow":["GET"]}}],"collection":[{"href":"https:\/\/www.katar-information.de\/index.php\/wp-json\/wp\/v2\/pages"}],"about":[{"href":"https:\/\/www.katar-information.de\/index.php\/wp-json\/wp\/v2\/types\/page"}],"author":[{"embeddable":true,"href":"https:\/\/www.katar-information.de\/index.php\/wp-json\/wp\/v2\/users\/1"}],"replies":[{"embeddable":true,"href":"https:\/\/www.katar-information.de\/index.php\/wp-json\/wp\/v2\/comments?post=805"}],"version-history":[{"count":10,"href":"https:\/\/www.katar-information.de\/index.php\/wp-json\/wp\/v2\/pages\/805\/revisions"}],"predecessor-version":[{"id":1530,"href":"https:\/\/www.katar-information.de\/index.php\/wp-json\/wp\/v2\/pages\/805\/revisions\/1530"}],"up":[{"embeddable":true,"href":"https:\/\/www.katar-information.de\/index.php\/wp-json\/wp\/v2\/pages\/107"}],"wp:attachment":[{"href":"https:\/\/www.katar-information.de\/index.php\/wp-json\/wp\/v2\/media?parent=805"}],"curies":[{"name":"wp","href":"https:\/\/api.w.org\/{rel}","templated":true}]}}