{"id":813,"date":"2017-01-15T18:11:39","date_gmt":"2017-01-15T17:11:39","guid":{"rendered":"http:\/\/www.katar-information.de\/?page_id=813"},"modified":"2020-10-31T16:53:40","modified_gmt":"2020-10-31T15:53:40","slug":"rechtliche-lage-des-glueckspiels-in-katar","status":"publish","type":"page","link":"https:\/\/www.katar-information.de\/index.php\/katar-im-ueberblick\/rechtliche-lage-des-glueckspiels-in-katar\/","title":{"rendered":"Rechtliche Lage des Gl\u00fcckspiels in Katar"},"content":{"rendered":"<h2>Gl\u00fccksspiel in Katar \u2013 Sind Online Casino und Spielbanken dort legal?<\/h2>\n<p>Gl\u00fccksspiel ist auf der ganzen Welt vertreten. Schon seit Jahrtausenden gibt es Kartenspiele, Wetten und andere Formen des Gl\u00fccksspiels, die Menschen rund um den Globus bis heute begeistern. <!-- a href=\"https:\/\/simonsblogpark.com\/onlinegambling\/simons-guide-casinos-gambling-qatar\/\" target=\"_blank\" rel=\"noopener\" -->In Katar ist das Gl\u00fccksspiel leider verboten<!-- \/a -->. Online Casinos werden von der Regierung geblockt. Das Emirat am persischen Golf funktioniert wie eine Monarchie. Der Islam ist dort eine Staatsreligion.<\/p>\n<div id=\"attachment_816\" style=\"width: 810px\" class=\"wp-caption aligncenter\"><img loading=\"lazy\" decoding=\"async\" aria-describedby=\"caption-attachment-816\" class=\"size-full wp-image-816\" src=\"http:\/\/www.katar-information.de\/wp-content\/uploads\/2017\/01\/in-katar-ist-gluecksspiel-illegal.jpg\" alt=\"In Katar ist Gl\u00fccksspiel illegal\" width=\"800\" height=\"180\" srcset=\"https:\/\/www.katar-information.de\/wp-content\/uploads\/2017\/01\/in-katar-ist-gluecksspiel-illegal.jpg 800w, https:\/\/www.katar-information.de\/wp-content\/uploads\/2017\/01\/in-katar-ist-gluecksspiel-illegal-300x68.jpg 300w, https:\/\/www.katar-information.de\/wp-content\/uploads\/2017\/01\/in-katar-ist-gluecksspiel-illegal-768x173.jpg 768w\" sizes=\"auto, (max-width: 800px) 100vw, 800px\" \/><p id=\"caption-attachment-816\" class=\"wp-caption-text\">In Katar ist Gl\u00fccksspiel illegal<\/p><\/div>\n<h3>Sportwetten geh\u00f6ren zum Alltag<\/h3>\n<p>Viele Menschen haben in Katar den Wunsch, ihrem Schicksal mit dem Gl\u00fccksspiel auf die Spr\u00fcnge zu helfen, um sich einen sozialen Aufstieg zu erm\u00f6glichen, der durch das reine Arbeiten nicht m\u00f6glich ist. Ihnen werden im Fernsehen und Internet die Superreichen pr\u00e4sentiert. Sie dienen als Vorbild einer ganzen Generation. In Katar ist die Lust am Spiel aber auch deshalb gro\u00df, weil das W\u00fcstenvolk sportbegeistert ist und eine lange Tradition von Sportwetten nachweisen kann. Besonders Pferdewetten geh\u00f6ren zum Lieblingsgl\u00fccksspiel der Einwohner. Der Pferdesport ist in der Region schon seit vielen Jahrhunderten verbreitet, besonders bekannt ist das Land f\u00fcr seine <!-- a href=\"http:\/\/www.horseracingnation.com\/track\/Doha_Qatar\" target=\"_blank\" rel=\"noopener noreferrer\" -->zahlreichen Galopprennen<!-- \/a -->. Jetzt will sich Katar zum Sportzentrum entwickeln und hat sich die Fu\u00dfball-WM 2022 ins Land geholt.<\/p>\n<h3>Nur illegal ist Gl\u00fccksspiel m\u00f6glich<\/h3>\n<p>Katar z\u00e4hlt zu den reichsten L\u00e4ndern der Welt. Es k\u00f6nnte sich zu einem sehr lukrativen Gl\u00fccksspielmarkt entwickeln, die Rechtslage wird sich in der nahen Zukunft aber sicher nicht \u00e4ndern, denn wie gesagt ist Katar ein islamistisches Land und die Religion verbietet Gl\u00fccksspiel jeglicher Art. Es gibt kein Casino, keine Spielbank, keine Spielothek oder Bingohalle in Katar. Allerdings finden in dem arabischen Land zahlreiche illegale Pokerspiele und Gl\u00fccksspielwetten in dunklen Gassen und hinter verschlossenen T\u00fcren statt. Besonders h\u00e4ufig wird auf Kamelrennen gewettet. Das machen die Einwohner trotz des Verbots regelm\u00e4\u00dfig. Lotto ist das einzige legale Spiel, welches dem Gl\u00fccksspiel am n\u00e4chsten kommt und das in Katar erlaubt ist. Organisiert wird die Lotterie von einer Tochterfirma der Qatar Airlines.<\/p>\n<h3>Was passiert, wenn man online Casinogames in Katar spielt?<\/h3>\n<p>Wird jemand in Katar erwischt, wie er illegal im Internet Online Games zockt, muss er mit einer Gef\u00e4ngnisstrafe von bis zu drei Monaten sowie einer Geldstrafe von rund 1.000 Euro rechnen. Allerdings gibt es bisher keinen Fall einer Verurteilung. Rechtlich gesehen ist es schwer, einem Spieler, der online zockt, nachweisen zu k\u00f6nnen, dass er es auch tats\u00e4chlich war. Die Regierung hat deshalb bis zu diesem Zeitpunkt keine Versuche unternommen, um Spieler, die online zocken, ausfindig zu machen. Daf\u00fcr gibt es im Land eine Internetzensur. Die Regierung blockt alle Webseiten, die anti-islamistisch sind, dazu geh\u00f6ren auch Gl\u00fccksspiel-Portale im Netz. Allerdings ist es logistisch nicht m\u00f6glich, alle Webseiten zu blockieren, sodass viele Online Casinos auch von Katar aus zug\u00e4nglich sind.<br \/>\nTouristen, die in Katar in einem Online-Casino spielen, befinden sich demnach in einer rechtlichen Grauzone. Sie werden daf\u00fcr nicht belangt, auch wenn es gesetzlich verboten ist. Einige deutsche Casinowebseiten, vor allem die <!-- a href=\"http:\/\/www.rouletteonline24.de\/\" target=\"_blank\" rel=\"noopener\" -->Online Roulette Casinos<!-- \/a -->, sind in Katar online verf\u00fcgbar.<\/p>\n","protected":false},"excerpt":{"rendered":"<div class=\"slide-text-bg2\"><span>Gl\u00fccksspiel in Katar \u2013 Sind Online Casino und Spielbanken dort legal? Gl\u00fccksspiel ist auf der ganzen Welt vertreten. Schon seit Jahrtausenden gibt es K<\/span><\/div>\n<div class=\"slide-btn-area-sm\"><a href=\"https:\/\/www.katar-information.de\/index.php\/katar-im-ueberblick\/rechtliche-lage-des-glueckspiels-in-katar\/\" class=\"slide-btn-sm\">weiterlesen<\/a><\/div>\n","protected":false},"author":1,"featured_media":0,"parent":662,"menu_order":230,"comment_status":"closed","ping_status":"closed","template":"","meta":{"footnotes":""},"class_list":["post-813","page","type-page","status-publish","hentry"],"_links":{"self":[{"href":"https:\/\/www.katar-information.de\/index.php\/wp-json\/wp\/v2\/pages\/813","targetHints":{"allow":["GET"]}}],"collection":[{"href":"https:\/\/www.katar-information.de\/index.php\/wp-json\/wp\/v2\/pages"}],"about":[{"href":"https:\/\/www.katar-information.de\/index.php\/wp-json\/wp\/v2\/types\/page"}],"author":[{"embeddable":true,"href":"https:\/\/www.katar-information.de\/index.php\/wp-json\/wp\/v2\/users\/1"}],"replies":[{"embeddable":true,"href":"https:\/\/www.katar-information.de\/index.php\/wp-json\/wp\/v2\/comments?post=813"}],"version-history":[{"count":9,"href":"https:\/\/www.katar-information.de\/index.php\/wp-json\/wp\/v2\/pages\/813\/revisions"}],"predecessor-version":[{"id":2381,"href":"https:\/\/www.katar-information.de\/index.php\/wp-json\/wp\/v2\/pages\/813\/revisions\/2381"}],"up":[{"embeddable":true,"href":"https:\/\/www.katar-information.de\/index.php\/wp-json\/wp\/v2\/pages\/662"}],"wp:attachment":[{"href":"https:\/\/www.katar-information.de\/index.php\/wp-json\/wp\/v2\/media?parent=813"}],"curies":[{"name":"wp","href":"https:\/\/api.w.org\/{rel}","templated":true}]}}