{"id":818,"date":"2017-01-15T18:20:22","date_gmt":"2017-01-15T17:20:22","guid":{"rendered":"http:\/\/www.katar-information.de\/?page_id=818"},"modified":"2020-10-31T16:57:02","modified_gmt":"2020-10-31T15:57:02","slug":"islam-und-gluecksspiele-gibt-es-casinos-in-katar","status":"publish","type":"page","link":"https:\/\/www.katar-information.de\/index.php\/katar-im-ueberblick\/islam-und-gluecksspiele-gibt-es-casinos-in-katar\/","title":{"rendered":"Islam und Gl\u00fccksspiele \u2013 Gibt es Casinos in Katar?"},"content":{"rendered":"<h2>Das kleine Emirat wirbt im Ausland unter anderem mit vielen Sportveranstaltungen, aber k\u00f6nnen Touristen dort heute auch Gl\u00fccksspiele finden?<\/h2>\n<div id=\"attachment_819\" style=\"width: 810px\" class=\"wp-caption aligncenter\"><img loading=\"lazy\" decoding=\"async\" aria-describedby=\"caption-attachment-819\" class=\"size-full wp-image-819\" src=\"http:\/\/www.katar-information.de\/wp-content\/uploads\/2017\/01\/casinos-in-katar.jpg\" alt=\"Casinios in Katar\" width=\"800\" height=\"140\" srcset=\"https:\/\/www.katar-information.de\/wp-content\/uploads\/2017\/01\/casinos-in-katar.jpg 800w, https:\/\/www.katar-information.de\/wp-content\/uploads\/2017\/01\/casinos-in-katar-300x53.jpg 300w, https:\/\/www.katar-information.de\/wp-content\/uploads\/2017\/01\/casinos-in-katar-768x134.jpg 768w\" sizes=\"auto, (max-width: 800px) 100vw, 800px\" \/><p id=\"caption-attachment-819\" class=\"wp-caption-text\">Casinos in Katar<\/p><\/div>\n<h3>Gl\u00fccksspiele in Katar<\/h3>\n<p>Katar hat in den vergangenen Jahren immer wieder auf sich aufmerksam gemacht. Das kleine Emirat am Persischen Golf, das in erster Linie aufgrund von riesigen Erdgasvorkommen einen enormen Wohlstand aufgebaut hat, sorgt immer wieder mit aufsehenerregenden Initiativen daf\u00fcr, dass der Name heute fast schon in aller Munde ist. Unter anderem finanzieren die Herrscher des Emirats den Fernsehsender Al Jazeera, der vor allem in der arabischen Welt l\u00e4ngst zu einem unverzichtbaren Teil des Medienalltags geworden ist. Auch der englischsprachige Sender hat sich mittlerweile zu einem sehr angesehenen Medium entwickelt, das den Einfluss von Katar nach und nach vergr\u00f6\u00dfert.<\/p>\n<h3>Gl\u00fccksspiel und Islam<\/h3>\n<p>Davon abgesehen wollen die Herrscher von Katar ihr Emirat jedoch auch in anderen Bereichen etablieren. Unter anderem sollen in den kommenden Jahren immer mehr Touristen an den Persischen Golf gelockt werden, die wiederum daf\u00fcr sorgen sollen, dass die Wirtschaft ein wenig unabh\u00e4ngiger von den Einnahmen aus dem Verkauf von Erdgas wird. Diversifizierung ist jedoch nicht ganz einfach, wenn fast alle Attraktionen praktisch aus dem Nichts entstehen, w\u00e4hrend es fast keine Geschichte des Tourismus in dem Land gibt. Aus diesem Grund sollen vor allem gro\u00dfe Sportveranstaltungen daf\u00fcr sorgen, dass der Name auf der ganzen Welt bekannt wird. In den vergangenen Jahren hat es bereits einige solcher Veranstaltungen gegeben, vor allem die Handball-WM hat im Ausland f\u00fcr Schlagzeilen gesorgt.<\/p>\n<p>Die Aufmerksamkeit, die die Handballer erzeugt haben, d\u00fcrfte jedoch im Vergleich mit der Fu\u00dfball-WM kaum zu vergleichen sein. Diese wird im Jahr 2022 in Katar stattfinden, schon heute entstehen dort hochmoderne Stadien, die den Fans ein einmaliges Erlebnis bieten sollen. Abgesehen vom Sport gibt es jedoch noch weitere Bereiche, die f\u00fcr Besucher interessant sein k\u00f6nnten, unter anderem Gl\u00fccksspiele. Die Frage, ob es in Katar auch Casinos gibt, besch\u00e4ftigt Fans von Gl\u00fccksspielen vor einer Reise ganz bestimmt, diese Frage l\u00e4sst sich allerdings mit nein beantworten. \u00c4hnlich wie in den meisten anderen islamisch gepr\u00e4gten L\u00e4ndern gilt auch in Katar Gl\u00fccksspiel allgemein als illegal.<\/p>\n<p>Aus diesem Grund gibt es dort bisher kein Casino, was jedoch nicht bedeutet, dass man komplett auf Gl\u00fccksspiele verzichten m\u00fcsste. Zum einen ist es \u00fcber das Internet nat\u00fcrlich auch von Katar aus m\u00f6glich, im Online-Casino zu spielen. Eine gute \u00dcbersicht \u00fcber verschiedene Casinos im Internet gibt es zum Beispiel auf der Seite <!-- a href=\"http:\/\/www.onlinecasino-austria.at\/\" target=\"_blank\" rel=\"noopener\" -->onlinecasino-austria.at<!-- \/a -->. Dar\u00fcber hinaus sind Sportwetten eine weitere popul\u00e4re Freizeitaktivit\u00e4t in Katar, ebenso wie Wetten bei Kamelrennen, bei denen es oft um enorme Summen geht. Nat\u00fcrlich sind Katar und die Hauptstadt Doha nicht allein deshalb interessant, weil man beim Kamelrennen seine Eins\u00e4tze platzieren und zugleich ein sehr ungew\u00f6hnliches Spektakel erleben kann. Dar\u00fcber hinaus gibt es noch viele weitere Attraktionen in Doha, zum Beispiel traditionelle M\u00e4rkte und brandneue Einkaufszentren. Dar\u00fcber hinaus sorgt die nationale Fluggesellschaft f\u00fcr gute Verbindungen in alle Welt, die man mit einem Visum f\u00fcr Katar auch dann verbinden kann, wenn man <!-- a href=\"http:\/\/abouttravel.ch\/reisebranche\/transport-luft-land\/katar-neues-transitvisum-soll-tourismus-ankurbeln\/\" target=\"_blank\" rel=\"noopener noreferrer\" -->nur auf der Durchreise<!-- \/a --> ist. Alles in allem handelt es sich also um ein faszinierendes Ziel, in dem dar\u00fcber hinaus der Wandel des Stadtbildes in den n\u00e4chsten Jahren weitergehen d\u00fcrfte.<\/p>\n<p><!-- a href=\"https:\/\/www.welt.de\/reise\/Fern\/article148896972\/So-wird-die-Fussball-WM-Katar-veraendern.html\" target=\"_blank\" rel=\"noopener\"-->Das Land baut<!-- \/a --> unter anderem mit Blick auf die Fu\u00dfball-WM im Jahr 2022, dar\u00fcber hinaus soll sich die Zahl der Touristen bis 2030 auf sieben Millionen pro Jahr verdreifachen. Beim Thema Gl\u00fccksspiel muss man bei einem Besuch in Katar jedoch Kompromisse eingehen. Das Land ist noch immer streng religi\u00f6s gepr\u00e4gt, deshalb d\u00fcrfte selbst in den kommenden Jahren beim Ausbau der touristischen Infrastruktur kein Casino geplant werden. Andere Gl\u00fccksspiele werden ebenfalls vor allem geduldet, Veranstaltungen wie die Kamelrennen verf\u00fcgen zudem \u00fcber eine lange Tradition, die in dem Emirat sehr wichtig ist. Davon abgesehen kann es gut sein, dass Sportwetten im Zuge der Fu\u00dfball-WM in einigen Jahren noch popul\u00e4rer werden. F\u00fcr die Bev\u00f6lkerung sind die bisherigen Angebote im Bereich Gl\u00fccksspiel allerdings vollkommen ausreichend, die nur knapp 300.000 Einwohner mit katarischem Pass d\u00fcrften auch in den n\u00e4chsten Jahren nicht den Bau eines Casinos verlangen.<\/p>\n<p>Zudem ist der Staat in Katar nicht auf die m\u00f6glichen Einnahmen aus einem Casino angewiesen, deshalb f\u00e4llt es den Herrschern sicher relativ leicht, die religi\u00f6sen Wertvorstellungen nicht gegen den m\u00f6glichen Profit aus einem gro\u00dfen Casino aufzuwiegen. Wer sich in Katar f\u00fcr Spiele im Casino interessiert, sollte aus diesem Grund eher dar\u00fcber nachdenken, sich bei einem Casino im Internet zu registrieren und dort seine Eins\u00e4tze vorzunehmen.<\/p>\n","protected":false},"excerpt":{"rendered":"<div class=\"slide-text-bg2\"><span>Das kleine Emirat wirbt im Ausland unter anderem mit vielen Sportveranstaltungen, aber k\u00f6nnen Touristen dort heute auch Gl\u00fccksspiele finden? Gl\u00fccksspiel<\/span><\/div>\n<div class=\"slide-btn-area-sm\"><a href=\"https:\/\/www.katar-information.de\/index.php\/katar-im-ueberblick\/islam-und-gluecksspiele-gibt-es-casinos-in-katar\/\" class=\"slide-btn-sm\">weiterlesen<\/a><\/div>\n","protected":false},"author":1,"featured_media":0,"parent":662,"menu_order":240,"comment_status":"closed","ping_status":"closed","template":"","meta":{"footnotes":""},"class_list":["post-818","page","type-page","status-publish","hentry"],"_links":{"self":[{"href":"https:\/\/www.katar-information.de\/index.php\/wp-json\/wp\/v2\/pages\/818","targetHints":{"allow":["GET"]}}],"collection":[{"href":"https:\/\/www.katar-information.de\/index.php\/wp-json\/wp\/v2\/pages"}],"about":[{"href":"https:\/\/www.katar-information.de\/index.php\/wp-json\/wp\/v2\/types\/page"}],"author":[{"embeddable":true,"href":"https:\/\/www.katar-information.de\/index.php\/wp-json\/wp\/v2\/users\/1"}],"replies":[{"embeddable":true,"href":"https:\/\/www.katar-information.de\/index.php\/wp-json\/wp\/v2\/comments?post=818"}],"version-history":[{"count":10,"href":"https:\/\/www.katar-information.de\/index.php\/wp-json\/wp\/v2\/pages\/818\/revisions"}],"predecessor-version":[{"id":2383,"href":"https:\/\/www.katar-information.de\/index.php\/wp-json\/wp\/v2\/pages\/818\/revisions\/2383"}],"up":[{"embeddable":true,"href":"https:\/\/www.katar-information.de\/index.php\/wp-json\/wp\/v2\/pages\/662"}],"wp:attachment":[{"href":"https:\/\/www.katar-information.de\/index.php\/wp-json\/wp\/v2\/media?parent=818"}],"curies":[{"name":"wp","href":"https:\/\/api.w.org\/{rel}","templated":true}]}}