{"id":846,"date":"2017-01-16T19:13:04","date_gmt":"2017-01-16T18:13:04","guid":{"rendered":"http:\/\/www.katar-information.de\/?page_id=846"},"modified":"2017-05-13T20:12:46","modified_gmt":"2017-05-13T18:12:46","slug":"singenden-duenen-von-katar","status":"publish","type":"page","link":"https:\/\/www.katar-information.de\/index.php\/sehenswuerdigkeiten-in-katar\/singenden-duenen-von-katar\/","title":{"rendered":"Singenden D\u00fcnen von Katar"},"content":{"rendered":"<h2>Singende D\u00fcnen seit der Antike bekannt<\/h2>\n<p>Seit der Antike gibt es Geschichten und Legenden, die von seltsamen tiefen T\u00f6nen in der W\u00fcste berichten. Diese werden heute als singende D\u00fcnen von Katar bezeichnet. Hierbei handelt es sich nicht um eine Sinnest\u00e4uschung, sondern vielmehr um ein faszinierendes Naturschauspiel, welches durch Reibung von Sandk\u00f6rnern der D\u00fcnen entsteht. Dieses seltene Naturschauspiel soll bereits der Reisende Marco Polo erlebt haben. Es wird als ein lautes Ger\u00e4usch beschrieben, welches als Grollen, \u00a0Br\u00fcllen und Dr\u00f6hnen aber auch als entfernter lauter Gesang beschrieben wird.<\/p>\n<div id=\"attachment_849\" style=\"width: 810px\" class=\"wp-caption aligncenter\"><img loading=\"lazy\" decoding=\"async\" aria-describedby=\"caption-attachment-849\" class=\"size-full wp-image-849\" src=\"http:\/\/www.katar-information.de\/wp-content\/uploads\/2017\/01\/singende-duenen-in-katar.jpg\" alt=\"Singende D\u00fcnen in Katar\" width=\"800\" height=\"206\" srcset=\"https:\/\/www.katar-information.de\/wp-content\/uploads\/2017\/01\/singende-duenen-in-katar.jpg 800w, https:\/\/www.katar-information.de\/wp-content\/uploads\/2017\/01\/singende-duenen-in-katar-300x77.jpg 300w, https:\/\/www.katar-information.de\/wp-content\/uploads\/2017\/01\/singende-duenen-in-katar-768x198.jpg 768w\" sizes=\"auto, (max-width: 800px) 100vw, 800px\" \/><p id=\"caption-attachment-849\" class=\"wp-caption-text\">Singende D\u00fcnen in Katar<\/p><\/div>\n<h3>Ton der Singenden D\u00fcnen<\/h3>\n<p>Der Ton der Singenden D\u00fcnen von Katar (Singing Sand Dunes) entsteht durch die Ger\u00e4usche beim Abrutschen von Sandlawinen, in welchen sich eine Vielzahl von Sandk\u00f6rnern den Hang abw\u00e4rts bewegen. Dabei ger\u00e4t die angrenzende Luft in Schwingungen, was wiederum eine kleine Druckwelle sowie Schallwelle erzeugt. Die hangabw\u00e4rts rutschende Sandschicht kann aus mehreren Sandkornschichten bestehen, welche die einzelnen T\u00f6ne zu den lauten Brummt\u00f6nen summieren. Dies geschieht in dem Moment, wenn sich die Sandk\u00f6rner synchron hangabw\u00e4rts bewegen. Oft sind diese Sandd\u00fcnen einem Halbkreis \u00e4hnlich antiken Amphitheater geformt. Dadurch wird das beschriebene Ger\u00e4usch noch verst\u00e4rkt. Das Brummen kann manchmal bis zu 10 Kilometer Entfernung wahrgenommen werden.<\/p>\n<h3>Wie entstehen die singenden D\u00fcnen von Katar?<\/h3>\n<p>Die singenden D\u00fcnen sind relativ selten anzutreffen, da verschiedene \u00e4u\u00dfere Bedingungen, wie z. B. Wind, Feuchtigkeit, Sandbeschaffenheit usw. genau zusammenspielen m\u00fcssen. Diese Kombination ist ca. 40 Kilometer s\u00fcdwestlich von Doha zu finden, dort k\u00f6nnen Katar-Urlauber das Naturschauspiel bestaunen.<\/p>\n<h3>Wo sind singende D\u00fcnen in Katar zu finden?<\/h3>\n<p>Solche D\u00fcnen sind nur in der W\u00fcste zu finden. Um zu ihnen zu gelangen sollte ein Allradfahrzeug genutzt werden. Singende D\u00fcnen sind in der N\u00e4he von Messaid zu finden. Hierbei nutzen folgende GPS-Koordinaten: N25 02&#8217;35&#8220; E51 24&#8217;35&#8220;.<\/p>\n","protected":false},"excerpt":{"rendered":"<div class=\"slide-text-bg2\"><span>Singende D\u00fcnen seit der Antike bekannt Seit der Antike gibt es Geschichten und Legenden, die von seltsamen tiefen T\u00f6nen in der W\u00fcste berichten. Diese we<\/span><\/div>\n<div class=\"slide-btn-area-sm\"><a href=\"https:\/\/www.katar-information.de\/index.php\/sehenswuerdigkeiten-in-katar\/singenden-duenen-von-katar\/\" class=\"slide-btn-sm\">weiterlesen<\/a><\/div>\n","protected":false},"author":1,"featured_media":0,"parent":107,"menu_order":40,"comment_status":"closed","ping_status":"closed","template":"","meta":{"footnotes":""},"class_list":["post-846","page","type-page","status-publish","hentry"],"_links":{"self":[{"href":"https:\/\/www.katar-information.de\/index.php\/wp-json\/wp\/v2\/pages\/846","targetHints":{"allow":["GET"]}}],"collection":[{"href":"https:\/\/www.katar-information.de\/index.php\/wp-json\/wp\/v2\/pages"}],"about":[{"href":"https:\/\/www.katar-information.de\/index.php\/wp-json\/wp\/v2\/types\/page"}],"author":[{"embeddable":true,"href":"https:\/\/www.katar-information.de\/index.php\/wp-json\/wp\/v2\/users\/1"}],"replies":[{"embeddable":true,"href":"https:\/\/www.katar-information.de\/index.php\/wp-json\/wp\/v2\/comments?post=846"}],"version-history":[{"count":8,"href":"https:\/\/www.katar-information.de\/index.php\/wp-json\/wp\/v2\/pages\/846\/revisions"}],"predecessor-version":[{"id":1533,"href":"https:\/\/www.katar-information.de\/index.php\/wp-json\/wp\/v2\/pages\/846\/revisions\/1533"}],"up":[{"embeddable":true,"href":"https:\/\/www.katar-information.de\/index.php\/wp-json\/wp\/v2\/pages\/107"}],"wp:attachment":[{"href":"https:\/\/www.katar-information.de\/index.php\/wp-json\/wp\/v2\/media?parent=846"}],"curies":[{"name":"wp","href":"https:\/\/api.w.org\/{rel}","templated":true}]}}