{"id":852,"date":"2017-01-16T19:27:50","date_gmt":"2017-01-16T18:27:50","guid":{"rendered":"http:\/\/www.katar-information.de\/?page_id=852"},"modified":"2017-05-13T20:18:20","modified_gmt":"2017-05-13T18:18:20","slug":"kamelrennen-in-katar","status":"publish","type":"page","link":"https:\/\/www.katar-information.de\/index.php\/sehenswuerdigkeiten-in-katar\/kamelrennen-in-katar\/","title":{"rendered":"Kamelrennen in Katar"},"content":{"rendered":"<h2>Kamelrennen auf der Rennbahn<\/h2>\n<p>Die Nutzung von Kamelen hat in Katar eine lange Tradition und stammt aus den historischen Zeiten, als die Beduinen die Kamele als Lastentiere f\u00fcr den Transport und als Lieferanten f\u00fcr Fleisch, Fell und Milch nutzten. Zu diesen Zeiten waren die Tiere sehr begehrt und dr\u00fcckten den Reichtum ihres Besitzers aus. Dies hat sich bis heute nicht ge\u00e4ndert, denn Kamele sind in Katar noch heute sehr begehrt, allerdings nur als Rennkamele f\u00fcr entsprechende Kamelrennen.<\/p>\n<div id=\"attachment_857\" style=\"width: 810px\" class=\"wp-caption aligncenter\"><img loading=\"lazy\" decoding=\"async\" aria-describedby=\"caption-attachment-857\" class=\"size-full wp-image-857\" src=\"http:\/\/www.katar-information.de\/wp-content\/uploads\/2017\/01\/kamel-auf-der-kamelrennbahn-von-al-shahaniya.jpg\" alt=\"Kamel auf der Kamelrennbahn von Al Shahaniya\" width=\"800\" height=\"382\" srcset=\"https:\/\/www.katar-information.de\/wp-content\/uploads\/2017\/01\/kamel-auf-der-kamelrennbahn-von-al-shahaniya.jpg 800w, https:\/\/www.katar-information.de\/wp-content\/uploads\/2017\/01\/kamel-auf-der-kamelrennbahn-von-al-shahaniya-300x143.jpg 300w, https:\/\/www.katar-information.de\/wp-content\/uploads\/2017\/01\/kamel-auf-der-kamelrennbahn-von-al-shahaniya-768x367.jpg 768w\" sizes=\"auto, (max-width: 800px) 100vw, 800px\" \/><p id=\"caption-attachment-857\" class=\"wp-caption-text\">Kamel auf der Kamelrennbahn von Al Shahaniya<\/p><\/div>\n<h3>Beduinenfeste und Kamelrennen<\/h3>\n<p>Schon immer wurden die Feste der Beduinen auf der arabischen Halbinsel von solchen Kamelrennen begleitet, die vergleichbar unserer Pferderennen sind und zu einer der beliebtesten Sportarten auf der arabischen Halbinsel geh\u00f6ren. Bei den Kamelrennen erreichen die Kamele teilweise Spitzengeschwindigkeiten von \u00fcber 60 Kilometer pro Stunde.<\/p>\n<h3>Kamelrennen in Katar auf der Al Shahaniya Kamelrennbahn in Katar<\/h3>\n<p>Eine Kamelrennstrecke liegt in Al Sheehaniya, welche sich ca. 30 Autominuten von Doha (Dukhan Road) befindet. Sie ist in der Kamelrennensaison (Oktober bis Mai) ein echter Publikumsmagnet. Die wichtigsten Veranstaltungen finden in der Zeit von M\u00e4rz bis April statt. Die Kamelrennbahn besitzt eine ovale Grundform von mehreren Kilometern L\u00e4nge.<\/p>\n<div id=\"attachment_854\" style=\"width: 810px\" class=\"wp-caption aligncenter\"><img loading=\"lazy\" decoding=\"async\" aria-describedby=\"caption-attachment-854\" class=\"size-full wp-image-854\" src=\"http:\/\/www.katar-information.de\/wp-content\/uploads\/2017\/01\/kamelrennen-auf-der-kamelrennbahn-von-al-shahaniya.jpg\" alt=\"Kamelrennen auf der Kamelrennbahn von Al Shahaniya\" width=\"800\" height=\"256\" srcset=\"https:\/\/www.katar-information.de\/wp-content\/uploads\/2017\/01\/kamelrennen-auf-der-kamelrennbahn-von-al-shahaniya.jpg 800w, https:\/\/www.katar-information.de\/wp-content\/uploads\/2017\/01\/kamelrennen-auf-der-kamelrennbahn-von-al-shahaniya-300x96.jpg 300w, https:\/\/www.katar-information.de\/wp-content\/uploads\/2017\/01\/kamelrennen-auf-der-kamelrennbahn-von-al-shahaniya-768x246.jpg 768w\" sizes=\"auto, (max-width: 800px) 100vw, 800px\" \/><p id=\"caption-attachment-854\" class=\"wp-caption-text\">Kamelrennen auf der Kamelrennbahn von Al Shahaniya<\/p><\/div>\n<h3>Ablauf eines Kamelrennens auf der Al Shahaniya Kamelrennbahn<\/h3>\n<p>Bei einem Kamelrennen in Katar werden die Tiere von ihren Trainern in eine Startbox gef\u00fchrt, an deren einen Seite sich die Startlinie befindet. \u00c4hnlich dem Start bei einem Pferderennen, wird eine Mechanik bedient, die es den Kamelen erm\u00f6glicht, aus der Startbox auf die Rennstrecke zu treten und loszurennen. Dabei tragen die Kamele bunt gemusterte \u00dcberh\u00e4nge und meist auch einen Nasenschutz, der vor dem Start abgenommen wird.<\/p>\n<h3>Touren zur Kamelrennbahn in Al Shahaniya<\/h3>\n<p>Lokale Reiseveranstalter bieten Ausfl\u00fcge zu Pauschalpreisen zur Kamelrennstrecke von Al Sheehaniya (Katar) an, so dass interessierte Touristen in der Kamelrennsaison jederzeit ein Kamelrennen besuchen k\u00f6nnen. Die Kamelrennen k\u00f6nnen von einer Trib\u00fcne am Rand der Kamelrennstrecke betrachtet werden. Es besteht aber auch die M\u00f6glichkeit, das Rennen aus einem PKW zu verfolgen, da um die eigentliche Kamelrennstrecke eine asphaltierte Strasse angelegt ist. Auf dieser k\u00f6nnen die Kamelbesitzer, die Trainer der Tiere oder andere Besucher das Kamelrennen auf Augenh\u00f6he mit den Kamelen \u00a0verfolgen und legen dabei dieselbe Strecke wie die Tiere zur\u00fcck.<\/p>\n<h3>Verbot von Kinder-Jockeys bei Kamelrennen in Katar<\/h3>\n<p>Fr\u00fcher wurden bei den Kamelrennen Kinder-Jockeys eingesetzt, da diese wesentlich leichter als die erwachsenen Jockeys waren und somit schnellere Zeiten erreicht werden konnten. Hierzu wurden teilweise unter f\u00fcnfj\u00e4hrige Jungen z. B. aus Indien, Bangladesch, Pakistan und Sri Lanka von ihren Eltern verkauft und als Jockeys eingesetzt. Diese Praxis wurde so lange betrieben bis ein Mindestalter f\u00fcr Kameljockeys in Katar festgelegt wurde. Heute werden in Katar keine Kinder-Jockeys mehr eingesetzt, dies ist verboten. Vielmehr kommen Roboter-Jockeys mit einer ferngelenkten Peitsche zur Steuerung der Kamele zum Einsatz, die auf den R\u00fccken der Tiere platziert werden.<\/p>\n","protected":false},"excerpt":{"rendered":"<div class=\"slide-text-bg2\"><span>Kamelrennen auf der Rennbahn Die Nutzung von Kamelen hat in Katar eine lange Tradition und stammt aus den historischen Zeiten, als die Beduinen die Kamele <\/span><\/div>\n<div class=\"slide-btn-area-sm\"><a href=\"https:\/\/www.katar-information.de\/index.php\/sehenswuerdigkeiten-in-katar\/kamelrennen-in-katar\/\" class=\"slide-btn-sm\">weiterlesen<\/a><\/div>\n","protected":false},"author":1,"featured_media":0,"parent":107,"menu_order":50,"comment_status":"closed","ping_status":"closed","template":"","meta":{"footnotes":""},"class_list":["post-852","page","type-page","status-publish","hentry"],"_links":{"self":[{"href":"https:\/\/www.katar-information.de\/index.php\/wp-json\/wp\/v2\/pages\/852","targetHints":{"allow":["GET"]}}],"collection":[{"href":"https:\/\/www.katar-information.de\/index.php\/wp-json\/wp\/v2\/pages"}],"about":[{"href":"https:\/\/www.katar-information.de\/index.php\/wp-json\/wp\/v2\/types\/page"}],"author":[{"embeddable":true,"href":"https:\/\/www.katar-information.de\/index.php\/wp-json\/wp\/v2\/users\/1"}],"replies":[{"embeddable":true,"href":"https:\/\/www.katar-information.de\/index.php\/wp-json\/wp\/v2\/comments?post=852"}],"version-history":[{"count":8,"href":"https:\/\/www.katar-information.de\/index.php\/wp-json\/wp\/v2\/pages\/852\/revisions"}],"predecessor-version":[{"id":1534,"href":"https:\/\/www.katar-information.de\/index.php\/wp-json\/wp\/v2\/pages\/852\/revisions\/1534"}],"up":[{"embeddable":true,"href":"https:\/\/www.katar-information.de\/index.php\/wp-json\/wp\/v2\/pages\/107"}],"wp:attachment":[{"href":"https:\/\/www.katar-information.de\/index.php\/wp-json\/wp\/v2\/media?parent=852"}],"curies":[{"name":"wp","href":"https:\/\/api.w.org\/{rel}","templated":true}]}}